{"id":8378,"date":"2021-11-09T17:55:31","date_gmt":"2021-11-09T20:55:31","guid":{"rendered":"https:\/\/comprenowhats.com.br\/arezzoanaliafranco\/produto\/sapatilha-verde-couro-bsica-lao-arezzo\/"},"modified":"2023-12-02T11:25:31","modified_gmt":"2023-12-02T14:25:31","slug":"sapatilha-verde-couro-bsica-lao-arezzo","status":"publish","type":"product","link":"https:\/\/comprenowhats.com.br\/arezzoanaliafranco\/produto\/sapatilha-verde-couro-bsica-lao-arezzo\/","title":{"rendered":"Sapatilha Verde Couro B&aacute;sica La&ccedil;o | Arezzo"},"content":{"rendered":"<p class=\"ty-message\">Sapatilha verde de couro. O modelo tem salto rasteiro e bico redondo. Traz cabedal com recorte arredondado sobre o peito do p\u00e9. Fechada, possui ainda aplica\u00e7\u00e3o de la\u00e7o pequeno na biqueira e tira no calcanhar, que facilita o calce.<\/p>\n<p><b>Porque Apostar<\/b><\/br><\/br>A sapatilha de bico redondo \u00e9 um cl\u00e1ssico, que combina com os mais variados estilos e ocasi\u00f5es! Vers\u00e1til, surge renovada em um tom fresh e elegante e \u00e9 garantia de conforto. Vai do office ao passeio e \u00e9 aquele item atemporal para se ter sempre no guarda-roupa!<\/p>\n<div style='text-align: center'><img src='https:\/\/secure-static.arezzo.com.br\/medias\/sys_master\/arezzo\/arezzo\/he0\/h29\/h00\/h00\/10176071991326\/0376205280001U-03-BASEIMAGE-Hires.jpg' style='max-height: 400px' \/><img src='https:\/\/secure-static.arezzo.com.br\/medias\/sys_master\/arezzo\/arezzo\/hf5\/h7d\/h00\/h00\/10176072319006\/0376205280001U-04-BASEIMAGE-Hires.jpg' style='max-height: 400px' \/><img src='https:\/\/secure-static.arezzo.com.br\/medias\/sys_master\/arezzo\/arezzo\/h2f\/hdc\/h00\/h00\/10176072646686\/0376205280001U-05-BASEIMAGE-Hires.jpg' style='max-height: 400px' \/><\/div>\n<p>* Entre em contato por WhatsApp para verificar a disponibilidade do produto. Ref.: A0376205280001<\/p>\n","protected":false},"excerpt":{"rendered":"<p>Estoque dispon\u00edvel nos tamanhos: ULTIMA_ESTACAO, 34.<br \/><small>atualizado em 02\/12\/2023.<\/p>\n","protected":false},"featured_media":8377,"template":"","meta":[],"product_brand":[],"product_cat":[86],"product_tag":[42,628],"class_list":{"0":"post-8378","1":"product","2":"type-product","3":"status-publish","4":"has-post-thumbnail","6":"product_cat-sapatilhas","7":"product_tag-42","8":"product_tag-ultima_estacao","10":"first","11":"instock","12":"shipping-taxable","13":"purchasable","14":"product-type-simple"},"_links":{"self":[{"href":"https:\/\/comprenowhats.com.br\/arezzoanaliafranco\/wp-json\/wp\/v2\/product\/8378","targetHints":{"allow":["GET"]}}],"collection":[{"href":"https:\/\/comprenowhats.com.br\/arezzoanaliafranco\/wp-json\/wp\/v2\/product"}],"about":[{"href":"https:\/\/comprenowhats.com.br\/arezzoanaliafranco\/wp-json\/wp\/v2\/types\/product"}],"wp:featuredmedia":[{"embeddable":true,"href":"https:\/\/comprenowhats.com.br\/arezzoanaliafranco\/wp-json\/wp\/v2\/media\/8377"}],"wp:attachment":[{"href":"https:\/\/comprenowhats.com.br\/arezzoanaliafranco\/wp-json\/wp\/v2\/media?parent=8378"}],"wp:term":[{"taxonomy":"product_brand","embeddable":true,"href":"https:\/\/comprenowhats.com.br\/arezzoanaliafranco\/wp-json\/wp\/v2\/product_brand?post=8378"},{"taxonomy":"product_cat","embeddable":true,"href":"https:\/\/comprenowhats.com.br\/arezzoanaliafranco\/wp-json\/wp\/v2\/product_cat?post=8378"},{"taxonomy":"product_tag","embeddable":true,"href":"https:\/\/comprenowhats.com.br\/arezzoanaliafranco\/wp-json\/wp\/v2\/product_tag?post=8378"}],"curies":[{"name":"wp","href":"https:\/\/api.w.org\/{rel}","templated":true}]}}