{"id":7053,"date":"2021-09-09T18:07:48","date_gmt":"2021-09-09T21:07:48","guid":{"rendered":"https:\/\/comprenowhats.com.br\/arezzoanaliafranco\/produto\/sapatilha-animal-print-couro-slingback-arezzo\/"},"modified":"2023-12-02T11:26:38","modified_gmt":"2023-12-02T14:26:38","slug":"sapatilha-animal-print-couro-slingback-arezzo","status":"publish","type":"product","link":"https:\/\/comprenowhats.com.br\/arezzoanaliafranco\/produto\/sapatilha-animal-print-couro-slingback-arezzo\/","title":{"rendered":"Sapatilha Animal Print Couro Slingback | Arezzo"},"content":{"rendered":"<p class=\"ty-message\">Sapatilha em couro com estampa de on\u00e7a. O modelo tem salto rasteiro e bico quadrado. Traz cabedal com recorte quadrado sobre o peito do p\u00e9. Aberta, possui ainda tira larga em torno do calcanhar.<\/p>\n<p><b>Porque Apostar<\/b><\/br><\/br>A sapatilha surge com design moderno e \u00e9 garantia de conforto. O modelo slingback \u00e9 uma op\u00e7\u00e3o despojada para a cl\u00e1ssica sapatilha e vai do office ao passeio com charme.<\/p>\n<div style='text-align: center'><img src='https:\/\/secure-static.arezzo.com.br\/medias\/sys_master\/arezzo\/arezzo\/h16\/h1f\/h00\/h00\/10112463798302\/1152500050001U-04-BASEIMAGE-Hires.jpg' style='max-height: 400px' \/><img src='https:\/\/secure-static.arezzo.com.br\/medias\/sys_master\/arezzo\/arezzo\/h72\/hda\/h00\/h00\/10112463470622\/1152500050001U-05-BASEIMAGE-Hires.jpg' style='max-height: 400px' \/><img src='https:\/\/secure-static.arezzo.com.br\/medias\/sys_master\/arezzo\/arezzo\/h7e\/h1f\/h00\/h00\/10112464125982\/1152500050001U-06-BASEIMAGE-Hires.jpg' style='max-height: 400px' \/><\/div>\n<p>* Entre em contato por WhatsApp para verificar a disponibilidade do produto. Ref.: A1152500050001<\/p>\n","protected":false},"excerpt":{"rendered":"<p>Estoque dispon\u00edvel nos tamanhos: ULTIMA_ESTACAO, 34.<br \/><small>atualizado em 02\/12\/2023.<\/p>\n","protected":false},"featured_media":7052,"template":"","meta":[],"product_brand":[],"product_cat":[86],"product_tag":[42,628],"class_list":{"0":"post-7053","1":"product","2":"type-product","3":"status-publish","4":"has-post-thumbnail","6":"product_cat-sapatilhas","7":"product_tag-42","8":"product_tag-ultima_estacao","10":"first","11":"instock","12":"shipping-taxable","13":"purchasable","14":"product-type-simple"},"_links":{"self":[{"href":"https:\/\/comprenowhats.com.br\/arezzoanaliafranco\/wp-json\/wp\/v2\/product\/7053","targetHints":{"allow":["GET"]}}],"collection":[{"href":"https:\/\/comprenowhats.com.br\/arezzoanaliafranco\/wp-json\/wp\/v2\/product"}],"about":[{"href":"https:\/\/comprenowhats.com.br\/arezzoanaliafranco\/wp-json\/wp\/v2\/types\/product"}],"wp:featuredmedia":[{"embeddable":true,"href":"https:\/\/comprenowhats.com.br\/arezzoanaliafranco\/wp-json\/wp\/v2\/media\/7052"}],"wp:attachment":[{"href":"https:\/\/comprenowhats.com.br\/arezzoanaliafranco\/wp-json\/wp\/v2\/media?parent=7053"}],"wp:term":[{"taxonomy":"product_brand","embeddable":true,"href":"https:\/\/comprenowhats.com.br\/arezzoanaliafranco\/wp-json\/wp\/v2\/product_brand?post=7053"},{"taxonomy":"product_cat","embeddable":true,"href":"https:\/\/comprenowhats.com.br\/arezzoanaliafranco\/wp-json\/wp\/v2\/product_cat?post=7053"},{"taxonomy":"product_tag","embeddable":true,"href":"https:\/\/comprenowhats.com.br\/arezzoanaliafranco\/wp-json\/wp\/v2\/product_tag?post=7053"}],"curies":[{"name":"wp","href":"https:\/\/api.w.org\/{rel}","templated":true}]}}