{"id":6441,"date":"2021-08-13T13:04:17","date_gmt":"2021-08-13T16:04:17","guid":{"rendered":"https:\/\/comprenowhats.com.br\/arezzoanaliafranco\/produto\/sapatilha-nobuck-bico-redondo-fivela-royal-bic-arezzo\/"},"modified":"2023-12-02T11:25:46","modified_gmt":"2023-12-02T14:25:46","slug":"sapatilha-nobuck-bico-redondo-fivela-royal-bic-arezzo","status":"publish","type":"product","link":"https:\/\/comprenowhats.com.br\/arezzoanaliafranco\/produto\/sapatilha-nobuck-bico-redondo-fivela-royal-bic-arezzo\/","title":{"rendered":"Sapatilha Nobuck Bico Redondo Fivela Royal Bic | Arezzo"},"content":{"rendered":"<p class=\"ty-message\">Sapatilha fechada de salto rasteiro em nobuck azul. O modelo de bico arredondado possui aplica\u00e7\u00e3o de fivela geom\u00e9trica quadrada em resina azul no cabedal.<\/p>\n<p>Porque Apostar<\/br><\/br>Cl\u00e1ssica, atemporal e puro conforto. A sapatilha em nobuck imprime estilo para as mais diversas produ\u00e7\u00f5es. O detalhe da fivela geom\u00e9trica colorida veio com tudo para a temporada, confere um toque descontra\u00eddo e alegre para o visual. Combine com pe\u00e7as de alfaiataria, cal\u00e7as sequinhas e camisas de tons neutros. Bolsas e acess\u00f3rios com aplica\u00e7\u00e3o de resinas e de cores vibrantes est\u00e3o em alta na esta\u00e7\u00e3o.<\/p>\n<div style='text-align: center'><img src='https:\/\/secure-static.arezzo.com.br\/medias\/sys_master\/arezzo\/arezzo\/h76\/h76\/h00\/h00\/9241940885534\/1000208070005U-04-BASEIMAGE-Hires.jpg' style='max-height: 400px' \/><img src='https:\/\/secure-static.arezzo.com.br\/medias\/sys_master\/arezzo\/arezzo\/h6a\/h03\/h00\/h00\/9241941606430\/1000208070005U-06-BASEIMAGE-Hires.jpg' style='max-height: 400px' \/><img src='https:\/\/secure-static.arezzo.com.br\/medias\/sys_master\/arezzo\/arezzo\/h65\/h9f\/h00\/h00\/9241941278750\/1000208070005U-07-BASEIMAGE-Hires.jpg' style='max-height: 400px' \/><\/div>\n<p>* Entre em contato por WhatsApp para verificar a disponibilidade do produto. Ref.: A1000208070005<\/p>\n","protected":false},"excerpt":{"rendered":"<p>Estoque dispon\u00edvel nos tamanhos: ULTIMA_ESTACAO, 34.<br \/><small>atualizado em 02\/12\/2023.<\/p>\n","protected":false},"featured_media":6440,"template":"","meta":[],"product_brand":[],"product_cat":[86],"product_tag":[42,628],"class_list":{"0":"post-6441","1":"product","2":"type-product","3":"status-publish","4":"has-post-thumbnail","6":"product_cat-sapatilhas","7":"product_tag-42","8":"product_tag-ultima_estacao","10":"first","11":"instock","12":"shipping-taxable","13":"purchasable","14":"product-type-simple"},"_links":{"self":[{"href":"https:\/\/comprenowhats.com.br\/arezzoanaliafranco\/wp-json\/wp\/v2\/product\/6441","targetHints":{"allow":["GET"]}}],"collection":[{"href":"https:\/\/comprenowhats.com.br\/arezzoanaliafranco\/wp-json\/wp\/v2\/product"}],"about":[{"href":"https:\/\/comprenowhats.com.br\/arezzoanaliafranco\/wp-json\/wp\/v2\/types\/product"}],"wp:featuredmedia":[{"embeddable":true,"href":"https:\/\/comprenowhats.com.br\/arezzoanaliafranco\/wp-json\/wp\/v2\/media\/6440"}],"wp:attachment":[{"href":"https:\/\/comprenowhats.com.br\/arezzoanaliafranco\/wp-json\/wp\/v2\/media?parent=6441"}],"wp:term":[{"taxonomy":"product_brand","embeddable":true,"href":"https:\/\/comprenowhats.com.br\/arezzoanaliafranco\/wp-json\/wp\/v2\/product_brand?post=6441"},{"taxonomy":"product_cat","embeddable":true,"href":"https:\/\/comprenowhats.com.br\/arezzoanaliafranco\/wp-json\/wp\/v2\/product_cat?post=6441"},{"taxonomy":"product_tag","embeddable":true,"href":"https:\/\/comprenowhats.com.br\/arezzoanaliafranco\/wp-json\/wp\/v2\/product_tag?post=6441"}],"curies":[{"name":"wp","href":"https:\/\/api.w.org\/{rel}","templated":true}]}}