{"id":5211,"date":"2021-05-28T17:23:06","date_gmt":"2021-05-28T20:23:06","guid":{"rendered":"https:\/\/comprenowhats.com.br\/arezzoanaliafranco\/produto\/sandlia-nude-nobuck-salto-fino-lace-up-pale-nut-arezzo\/"},"modified":"2021-05-28T17:23:06","modified_gmt":"2021-05-28T20:23:06","slug":"sandlia-nude-nobuck-salto-fino-lace-up-pale-nut-arezzo","status":"publish","type":"product","link":"https:\/\/comprenowhats.com.br\/arezzoanaliafranco\/produto\/sandlia-nude-nobuck-salto-fino-lace-up-pale-nut-arezzo\/","title":{"rendered":"Sand&aacute;lia Nude Nobuck Salto Fino Lace Up Pale Nut | Arezzo"},"content":{"rendered":"<p class=\"ty-message\">Sand\u00e1lia nude em nobuck. O modelo tem salto alto fino e bico folha. Traz tira \u00fanica sobre os dedos e fecho lace up no tornozelo. Fechada no calcanhar, apresenta palmilha com o nome da marca e solado laqueado.<\/p>\n<p><b>Porque Apostar <\/b><\/br><\/br> Sofisticada, a sand\u00e1lia traz um design elegante e minimalista e insere um toque sexy em qualquer look. Ideal para compor produ\u00e7\u00f5es noturnas, pode ser combinada a pe\u00e7as em shapes ajustados para um visual poderoso ou a itens de alfaiataria e com modelagens mais amplas para um mood fashion..<\/p>\n<div style='text-align: center'><img src='https:\/\/secure-static.arezzo.com.br\/medias\/sys_master\/arezzo\/arezzo\/hfa\/hd5\/h00\/h00\/9371652096030\/1133700210007U-01-BASEIMAGE-Hires.jpg' style='max-height: 400px' \/><img src='https:\/\/secure-static.arezzo.com.br\/medias\/sys_master\/arezzo\/arezzo\/h72\/hdf\/h00\/h00\/9365963505694\/1133700210007U-02-BASEIMAGE-Hires.jpg' style='max-height: 400px' \/><img src='https:\/\/secure-static.arezzo.com.br\/medias\/sys_master\/arezzo\/arezzo\/h57\/h72\/h00\/h00\/9371651768350\/1133700210007U-03-BASEIMAGE-Hires.jpg' style='max-height: 400px' \/><img src='https:\/\/secure-static.arezzo.com.br\/medias\/sys_master\/arezzo\/arezzo\/h4c\/hd2\/h00\/h00\/9371651440670\/1133700210007U-04-BASEIMAGE-Hires.jpg' style='max-height: 400px' \/><img src='https:\/\/secure-static.arezzo.com.br\/medias\/sys_master\/arezzo\/arezzo\/h1d\/hde\/h00\/h00\/9371651112990\/1133700210007U-05-BASEIMAGE-Hires.jpg' style='max-height: 400px' \/><img src='https:\/\/secure-static.arezzo.com.br\/medias\/sys_master\/arezzo\/arezzo\/h4d\/he3\/h00\/h00\/9371650785310\/1133700210007U-07-BASEIMAGE-Hires.jpg' style='max-height: 400px' \/><img src='https:\/\/secure-static.arezzo.com.br\/medias\/sys_master\/arezzo\/arezzo\/h1c\/hcd\/h00\/h00\/9371650457630\/1133700210007U-08-BASEIMAGE-Hires.jpg' style='max-height: 400px' \/><\/div>\n<p>* Entre em contato por WhatsApp para verificar a disponibilidade do produto. Ref.: A1133700210007<\/p>\n","protected":false},"excerpt":{"rendered":"<p>Estoque dispon\u00edvel nos tamanhos: 34, 36, 37, 38.<br \/><small>atualizado em 28\/05\/2021.<\/p>\n","protected":false},"featured_media":5210,"template":"","meta":[],"product_brand":[],"product_cat":[56],"product_tag":[42,44,45,46],"class_list":{"0":"post-5211","1":"product","2":"type-product","3":"status-publish","4":"has-post-thumbnail","6":"product_cat-sandalias","7":"product_tag-42","8":"product_tag-44","9":"product_tag-45","10":"product_tag-46","12":"first","13":"instock","14":"shipping-taxable","15":"purchasable","16":"product-type-simple"},"_links":{"self":[{"href":"https:\/\/comprenowhats.com.br\/arezzoanaliafranco\/wp-json\/wp\/v2\/product\/5211","targetHints":{"allow":["GET"]}}],"collection":[{"href":"https:\/\/comprenowhats.com.br\/arezzoanaliafranco\/wp-json\/wp\/v2\/product"}],"about":[{"href":"https:\/\/comprenowhats.com.br\/arezzoanaliafranco\/wp-json\/wp\/v2\/types\/product"}],"wp:featuredmedia":[{"embeddable":true,"href":"https:\/\/comprenowhats.com.br\/arezzoanaliafranco\/wp-json\/wp\/v2\/media\/5210"}],"wp:attachment":[{"href":"https:\/\/comprenowhats.com.br\/arezzoanaliafranco\/wp-json\/wp\/v2\/media?parent=5211"}],"wp:term":[{"taxonomy":"product_brand","embeddable":true,"href":"https:\/\/comprenowhats.com.br\/arezzoanaliafranco\/wp-json\/wp\/v2\/product_brand?post=5211"},{"taxonomy":"product_cat","embeddable":true,"href":"https:\/\/comprenowhats.com.br\/arezzoanaliafranco\/wp-json\/wp\/v2\/product_cat?post=5211"},{"taxonomy":"product_tag","embeddable":true,"href":"https:\/\/comprenowhats.com.br\/arezzoanaliafranco\/wp-json\/wp\/v2\/product_tag?post=5211"}],"curies":[{"name":"wp","href":"https:\/\/api.w.org\/{rel}","templated":true}]}}