{"id":5195,"date":"2021-05-27T19:44:12","date_gmt":"2021-05-27T22:44:12","guid":{"rendered":"https:\/\/comprenowhats.com.br\/arezzoanaliafranco\/produto\/mocassim-vinho-couro-francesca-arezzo\/"},"modified":"2022-03-11T11:54:10","modified_gmt":"2022-03-11T14:54:10","slug":"mocassim-vinho-couro-francesca-arezzo","status":"publish","type":"product","link":"https:\/\/comprenowhats.com.br\/arezzoanaliafranco\/produto\/mocassim-vinho-couro-francesca-arezzo\/","title":{"rendered":"Mocassim Vinho Couro Francesca | Arezzo"},"content":{"rendered":"<p class=\"ty-message\">Mocassim vermelho vinho de couro. O modelo tem salto rasteiro e bico redondo. Fechado, traz faixa de couro sobreposta no contorno do cabedal e fita de gorgur\u00e3o transpassada, que fecha em la\u00e7o sobre a biqueira. Com detalhe emborrachado preto no calcanhar.<\/p>\n<p><b>Porque Apostar<\/b><\/br><\/br>Um cl\u00e1ssico e sin\u00f4nimo de eleg\u00e2ncia e praticidade, o mocassim \u00e9 o sapato ideal para se ter no guarda-roupa em qualquer esta\u00e7\u00e3o! O modelo surge com uma pegada retr\u00f4 e \u00e9 garantia de muito conforto e estilo. Democr\u00e1tico, combina com as mais diversas pe\u00e7as, do jeans \u00e0 alfaiataria, e vai do office ao passeio com charme.<\/p>\n<div style='text-align: center'><img src='https:\/\/secure-static.arezzo.com.br\/medias\/sys_master\/arezzo\/arezzo\/hdb\/h9a\/h00\/h00\/9959339098142\/1169200050023U-02-BASEIMAGE-Hires.jpg' style='max-height: 400px' \/><img src='https:\/\/secure-static.arezzo.com.br\/medias\/sys_master\/arezzo\/arezzo\/hbc\/h59\/h00\/h00\/9941408383006\/1169200050023U-03-BASEIMAGE-Hires.jpg' style='max-height: 400px' \/><img src='https:\/\/secure-static.arezzo.com.br\/medias\/sys_master\/arezzo\/arezzo\/h1b\/h07\/h00\/h00\/9941408710686\/1169200050023U-04-BASEIMAGE-Hires.jpg' style='max-height: 400px' \/><\/div>\n<p>* Entre em contato por WhatsApp para verificar a disponibilidade do produto. Ref.: A1169200050023<\/p>\n","protected":false},"excerpt":{"rendered":"<p>Estoque dispon\u00edvel no tamanho: 34.<br \/><small>atualizado em 11\/03\/2022.<\/p>\n","protected":false},"featured_media":5194,"template":"","meta":[],"product_brand":[],"product_cat":[60],"product_tag":[42],"class_list":{"0":"post-5195","1":"product","2":"type-product","3":"status-publish","4":"has-post-thumbnail","6":"product_cat-mocassins","7":"product_tag-42","9":"first","10":"instock","11":"shipping-taxable","12":"purchasable","13":"product-type-simple"},"_links":{"self":[{"href":"https:\/\/comprenowhats.com.br\/arezzoanaliafranco\/wp-json\/wp\/v2\/product\/5195","targetHints":{"allow":["GET"]}}],"collection":[{"href":"https:\/\/comprenowhats.com.br\/arezzoanaliafranco\/wp-json\/wp\/v2\/product"}],"about":[{"href":"https:\/\/comprenowhats.com.br\/arezzoanaliafranco\/wp-json\/wp\/v2\/types\/product"}],"wp:featuredmedia":[{"embeddable":true,"href":"https:\/\/comprenowhats.com.br\/arezzoanaliafranco\/wp-json\/wp\/v2\/media\/5194"}],"wp:attachment":[{"href":"https:\/\/comprenowhats.com.br\/arezzoanaliafranco\/wp-json\/wp\/v2\/media?parent=5195"}],"wp:term":[{"taxonomy":"product_brand","embeddable":true,"href":"https:\/\/comprenowhats.com.br\/arezzoanaliafranco\/wp-json\/wp\/v2\/product_brand?post=5195"},{"taxonomy":"product_cat","embeddable":true,"href":"https:\/\/comprenowhats.com.br\/arezzoanaliafranco\/wp-json\/wp\/v2\/product_cat?post=5195"},{"taxonomy":"product_tag","embeddable":true,"href":"https:\/\/comprenowhats.com.br\/arezzoanaliafranco\/wp-json\/wp\/v2\/product_tag?post=5195"}],"curies":[{"name":"wp","href":"https:\/\/api.w.org\/{rel}","templated":true}]}}