{"id":4249,"date":"2021-05-07T13:13:20","date_gmt":"2021-05-07T16:13:20","guid":{"rendered":"https:\/\/comprenowhats.com.br\/arezzoanaliafranco\/produto\/tnis-verde-lona-elsticos-zz-soul-arezzo\/"},"modified":"2022-03-11T11:53:01","modified_gmt":"2022-03-11T14:53:01","slug":"tnis-verde-lona-elsticos-zz-soul-arezzo","status":"publish","type":"product","link":"https:\/\/comprenowhats.com.br\/arezzoanaliafranco\/produto\/tnis-verde-lona-elsticos-zz-soul-arezzo\/","title":{"rendered":"T&ecirc;nis Verde Lona El&aacute;sticos ZZ Soul | Arezzo"},"content":{"rendered":"<p class=\"ty-message\">T\u00eanis slip on verde de lona. O modelo tem solado emborrachado branco, com frente e traseira robustas e risca lateral verde. Traz cabedal com recorte gota e duas tiras largas de el\u00e1stico, cruzadas sobre o peito do p\u00e9. De bico redondo, o t\u00eanis tem detalhe em costuras zigue-zague no contorno e aba em couro branco com o nome da marca no calcanhar.<\/p>\n<p><b>Porque Apostar<\/b><\/br><\/br>O t\u00eanis tem um design minimalista e atemporal e \u00e9 garantia de muito conforto. Pr\u00e1tico de cal\u00e7ar, o modelo slip on \u00e9 a escolha perfeita para acompanhar a rotina, indo do passeio ao home office com estilo! Aposte em jeans e alfaiataria para um visual elegante e charmoso.<\/p>\n<div style='text-align: center'><img src='https:\/\/secure-static.arezzo.com.br\/medias\/sys_master\/arezzo\/arezzo\/h79\/hdc\/h00\/h00\/9909962145822\/1194400050005U-01-BASEIMAGE-Hires.jpg' style='max-height: 400px' \/><img src='https:\/\/secure-static.arezzo.com.br\/medias\/sys_master\/arezzo\/arezzo\/h62\/h38\/h00\/h00\/9916259794974\/1194400050005U-02-BASEIMAGE-Hires.jpg' style='max-height: 400px' \/><img src='https:\/\/secure-static.arezzo.com.br\/medias\/sys_master\/arezzo\/arezzo\/hf0\/hd3\/h00\/h00\/9909962473502\/1194400050005U-03-BASEIMAGE-Hires.jpg' style='max-height: 400px' \/><img src='https:\/\/secure-static.arezzo.com.br\/medias\/sys_master\/arezzo\/arezzo\/hcc\/h78\/h00\/h00\/9909962801182\/1194400050005U-04-BASEIMAGE-Hires.jpg' style='max-height: 400px' \/><img src='https:\/\/secure-static.arezzo.com.br\/medias\/sys_master\/arezzo\/arezzo\/hb4\/h81\/h00\/h00\/9909963456542\/1194400050005U-05-BASEIMAGE-Hires.jpg' style='max-height: 400px' \/><img src='https:\/\/secure-static.arezzo.com.br\/medias\/sys_master\/arezzo\/arezzo\/h1f\/h32\/h00\/h00\/9909963128862\/1194400050005U-06-BASEIMAGE-Hires.jpg' style='max-height: 400px' \/><img src='https:\/\/secure-static.arezzo.com.br\/medias\/sys_master\/arezzo\/arezzo\/h4a\/hd1\/h00\/h00\/9909963784222\/1194400050005U-07-BASEIMAGE-Hires.jpg' style='max-height: 400px' \/><img src='https:\/\/secure-static.arezzo.com.br\/medias\/sys_master\/arezzo\/arezzo\/h61\/hda\/h00\/h00\/9909964111902\/1194400050005U-08-BASEIMAGE-Hires.jpg' style='max-height: 400px' \/><\/div>\n<p>* Entre em contato por WhatsApp para verificar a disponibilidade do produto. Ref.: A1194400050005<\/p>\n","protected":false},"excerpt":{"rendered":"<p>Estoque dispon\u00edvel no tamanho: 39.<br \/><small>atualizado em 11\/03\/2022.<\/p>\n","protected":false},"featured_media":4248,"template":"","meta":[],"product_brand":[],"product_cat":[57],"product_tag":[47],"class_list":{"0":"post-4249","1":"product","2":"type-product","3":"status-publish","4":"has-post-thumbnail","6":"product_cat-tenis-sapatos","7":"product_tag-47","9":"first","10":"instock","11":"shipping-taxable","12":"purchasable","13":"product-type-simple"},"_links":{"self":[{"href":"https:\/\/comprenowhats.com.br\/arezzoanaliafranco\/wp-json\/wp\/v2\/product\/4249","targetHints":{"allow":["GET"]}}],"collection":[{"href":"https:\/\/comprenowhats.com.br\/arezzoanaliafranco\/wp-json\/wp\/v2\/product"}],"about":[{"href":"https:\/\/comprenowhats.com.br\/arezzoanaliafranco\/wp-json\/wp\/v2\/types\/product"}],"wp:featuredmedia":[{"embeddable":true,"href":"https:\/\/comprenowhats.com.br\/arezzoanaliafranco\/wp-json\/wp\/v2\/media\/4248"}],"wp:attachment":[{"href":"https:\/\/comprenowhats.com.br\/arezzoanaliafranco\/wp-json\/wp\/v2\/media?parent=4249"}],"wp:term":[{"taxonomy":"product_brand","embeddable":true,"href":"https:\/\/comprenowhats.com.br\/arezzoanaliafranco\/wp-json\/wp\/v2\/product_brand?post=4249"},{"taxonomy":"product_cat","embeddable":true,"href":"https:\/\/comprenowhats.com.br\/arezzoanaliafranco\/wp-json\/wp\/v2\/product_cat?post=4249"},{"taxonomy":"product_tag","embeddable":true,"href":"https:\/\/comprenowhats.com.br\/arezzoanaliafranco\/wp-json\/wp\/v2\/product_tag?post=4249"}],"curies":[{"name":"wp","href":"https:\/\/api.w.org\/{rel}","templated":true}]}}