{"id":3933,"date":"2021-04-02T12:53:58","date_gmt":"2021-04-02T15:53:58","guid":{"rendered":"https:\/\/comprenowhats.com.br\/arezzoanaliafranco\/produto\/tnis-azul-lona-cano-mdio-zz-love-arezzo\/"},"modified":"2022-03-11T11:52:40","modified_gmt":"2022-03-11T14:52:40","slug":"tnis-azul-lona-cano-mdio-zz-love-arezzo","status":"publish","type":"product","link":"https:\/\/comprenowhats.com.br\/arezzoanaliafranco\/produto\/tnis-azul-lona-cano-mdio-zz-love-arezzo\/","title":{"rendered":"T&ecirc;nis Azul Lona Cano M&eacute;dio ZZ Love | Arezzo"},"content":{"rendered":"<p class=\"ty-message\">T\u00eanis azul-escuro de lona. O modelo de amarra\u00e7\u00e3o tem cano m\u00e9dio e solado flatform emborrachado branco, com frente e traseira riscadas e biqueira texturizada. Traz fita de gorgur\u00e3o com grava\u00e7\u00e3o Love no calcanhar, que facilita o calce. De bico redondo, o t\u00eanis tem fecho em cadar\u00e7os brancos e tag marrom do nome da marca na l\u00edngua. <\/p>\n<p><b>Porque Apostar<\/b><\/br><\/br>O ZZ Love vai ser seu queridinho da esta\u00e7\u00e3o! O modelo surge com grava\u00e7\u00e3o Love, inserindo um toque fun nas produ\u00e7\u00f5es! Garantia de muito conforto e estilo, cria looks despojados e combina com as mais diversas pe\u00e7as. Aposte em vestido, jeans ou alfaiataria para uma produ\u00e7\u00e3o descolada e charmosa.<\/p>\n<div style='text-align: center'><img src='https:\/\/secure-static.arezzo.com.br\/medias\/sys_master\/arezzo\/arezzo\/h7b\/hcc\/h00\/h00\/9880424120350\/1187200010004U-01-BASEIMAGE-Hires.jpg' style='max-height: 400px' \/><img src='https:\/\/secure-static.arezzo.com.br\/medias\/sys_master\/arezzo\/arezzo\/hbd\/hda\/h00\/h00\/9894677348382\/1187200010004U-02-BASEIMAGE-Hires.jpg' style='max-height: 400px' \/><img src='https:\/\/secure-static.arezzo.com.br\/medias\/sys_master\/arezzo\/arezzo\/h28\/h78\/h00\/h00\/9880424448030\/1187200010004U-03-BASEIMAGE-Hires.jpg' style='max-height: 400px' \/><img src='https:\/\/secure-static.arezzo.com.br\/medias\/sys_master\/arezzo\/arezzo\/hf9\/h19\/h00\/h00\/9880424775710\/1187200010004U-04-BASEIMAGE-Hires.jpg' style='max-height: 400px' \/><img src='https:\/\/secure-static.arezzo.com.br\/medias\/sys_master\/arezzo\/arezzo\/h2a\/h89\/h00\/h00\/9880425103390\/1187200010004U-05-BASEIMAGE-Hires.jpg' style='max-height: 400px' \/><img src='https:\/\/secure-static.arezzo.com.br\/medias\/sys_master\/arezzo\/arezzo\/hbf\/hd8\/h00\/h00\/9880425431070\/1187200010004U-06-BASEIMAGE-Hires.jpg' style='max-height: 400px' \/><img src='https:\/\/secure-static.arezzo.com.br\/medias\/sys_master\/arezzo\/arezzo\/h61\/h90\/h00\/h00\/9880425758750\/1187200010004U-07-BASEIMAGE-Hires.jpg' style='max-height: 400px' \/><img src='https:\/\/secure-static.arezzo.com.br\/medias\/sys_master\/arezzo\/arezzo\/hbf\/h2c\/h00\/h00\/9880426086430\/1187200010004U-08-BASEIMAGE-Hires.jpg' style='max-height: 400px' \/><\/div>\n<p>* Entre em contato por WhatsApp para verificar a disponibilidade do produto. Ref.: A1187200010004<\/p>\n","protected":false},"excerpt":{"rendered":"<p>Estoque dispon\u00edvel nos tamanhos: 38, 39.<br \/><small>atualizado em 11\/03\/2022.<\/p>\n","protected":false},"featured_media":3932,"template":"","meta":[],"product_brand":[],"product_cat":[57],"product_tag":[46,47],"class_list":{"0":"post-3933","1":"product","2":"type-product","3":"status-publish","4":"has-post-thumbnail","6":"product_cat-tenis-sapatos","7":"product_tag-46","8":"product_tag-47","10":"first","11":"instock","12":"shipping-taxable","13":"purchasable","14":"product-type-simple"},"_links":{"self":[{"href":"https:\/\/comprenowhats.com.br\/arezzoanaliafranco\/wp-json\/wp\/v2\/product\/3933","targetHints":{"allow":["GET"]}}],"collection":[{"href":"https:\/\/comprenowhats.com.br\/arezzoanaliafranco\/wp-json\/wp\/v2\/product"}],"about":[{"href":"https:\/\/comprenowhats.com.br\/arezzoanaliafranco\/wp-json\/wp\/v2\/types\/product"}],"wp:featuredmedia":[{"embeddable":true,"href":"https:\/\/comprenowhats.com.br\/arezzoanaliafranco\/wp-json\/wp\/v2\/media\/3932"}],"wp:attachment":[{"href":"https:\/\/comprenowhats.com.br\/arezzoanaliafranco\/wp-json\/wp\/v2\/media?parent=3933"}],"wp:term":[{"taxonomy":"product_brand","embeddable":true,"href":"https:\/\/comprenowhats.com.br\/arezzoanaliafranco\/wp-json\/wp\/v2\/product_brand?post=3933"},{"taxonomy":"product_cat","embeddable":true,"href":"https:\/\/comprenowhats.com.br\/arezzoanaliafranco\/wp-json\/wp\/v2\/product_cat?post=3933"},{"taxonomy":"product_tag","embeddable":true,"href":"https:\/\/comprenowhats.com.br\/arezzoanaliafranco\/wp-json\/wp\/v2\/product_tag?post=3933"}],"curies":[{"name":"wp","href":"https:\/\/api.w.org\/{rel}","templated":true}]}}