{"id":23184,"date":"2023-12-02T12:09:23","date_gmt":"2023-12-02T15:09:23","guid":{"rendered":"https:\/\/comprenowhats.com.br\/arezzoanaliafranco\/produto\/slide-preto-couro-tira-maxi-pedraria\/"},"modified":"2023-12-20T13:23:52","modified_gmt":"2023-12-20T16:23:52","slug":"slide-preto-couro-tira-maxi-pedraria","status":"publish","type":"product","link":"https:\/\/comprenowhats.com.br\/arezzoanaliafranco\/produto\/slide-preto-couro-tira-maxi-pedraria\/","title":{"rendered":"Slide Preto Couro Tira Maxi Pedraria"},"content":{"rendered":"<p>A melhor escolha para o ver\u00e3o! O modelo \u00e9 super pr\u00e1tico de cal\u00e7ar e combina com as mais diversas pe\u00e7as, criando um look despojado e comfy. Vem com aplica\u00e7\u00e3o de maxi pedrarias, inserindo um toque glam.<\/p>\n<div style='text-align: center'><img src='https:\/\/secure-static.arezzo.com.br\/medias\/sys_master\/arezzo\/arezzo\/h6f\/h21\/h00\/h00\/11447971512350\/HEADLESS-1096400410003U-HO-BASEIMAGE-Midres-Headless.jpg' style='max-height: 400px' \/><img src='https:\/\/secure-static.arezzo.com.br\/medias\/sys_master\/arezzo\/arezzo\/hd1\/hc5\/h00\/h00\/11447971381278\/HEADLESS-1096400410003U-HO-BASEIMAGE-Thumbnail-Headless.jpg' style='max-height: 400px' \/><img src='https:\/\/secure-static.arezzo.com.br\/medias\/sys_master\/arezzo\/arezzo\/h6f\/h21\/h00\/h00\/11447971512350\/HEADLESS-1096400410003U-HO-BASEIMAGE-Midres-Headless.jpg' style='max-height: 400px' \/><img src='https:\/\/secure-static.arezzo.com.br\/medias\/sys_master\/arezzo\/arezzo\/h60\/ha2\/h00\/h00\/11458781118494\/HEADLESS-1096400410003U-01-BASEIMAGE-Hires-Headless.jpg' style='max-height: 400px' \/><img src='https:\/\/secure-static.arezzo.com.br\/medias\/sys_master\/arezzo\/arezzo\/h01\/h74\/h00\/h00\/11458781085726\/HEADLESS-1096400410003U-01-BASEIMAGE-Midres-Headless.jpg' style='max-height: 400px' \/><img src='https:\/\/secure-static.arezzo.com.br\/medias\/sys_master\/arezzo\/arezzo\/h6d\/h26\/h00\/h00\/11458781020190\/HEADLESS-1096400410003U-01-BASEIMAGE-Thumbnail-Headless.jpg' style='max-height: 400px' \/><img src='https:\/\/secure-static.arezzo.com.br\/medias\/sys_master\/arezzo\/arezzo\/h01\/h74\/h00\/h00\/11458781085726\/HEADLESS-1096400410003U-01-BASEIMAGE-Midres-Headless.jpg' style='max-height: 400px' \/><img src='https:\/\/secure-static.arezzo.com.br\/medias\/sys_master\/arezzo\/arezzo\/he9\/ha7\/h00\/h00\/11458781315102\/HEADLESS-1096400410003U-03-BASEIMAGE-Hires-Headless.jpg' style='max-height: 400px' \/><img src='https:\/\/secure-static.arezzo.com.br\/medias\/sys_master\/arezzo\/arezzo\/h23\/hb6\/h00\/h00\/11458781282334\/HEADLESS-1096400410003U-03-BASEIMAGE-Midres-Headless.jpg' style='max-height: 400px' \/><img src='https:\/\/secure-static.arezzo.com.br\/medias\/sys_master\/arezzo\/arezzo\/h44\/h29\/h00\/h00\/11458781216798\/HEADLESS-1096400410003U-03-BASEIMAGE-Thumbnail-Headless.jpg' style='max-height: 400px' \/><img src='https:\/\/secure-static.arezzo.com.br\/medias\/sys_master\/arezzo\/arezzo\/h23\/hb6\/h00\/h00\/11458781282334\/HEADLESS-1096400410003U-03-BASEIMAGE-Midres-Headless.jpg' style='max-height: 400px' \/><img src='https:\/\/secure-static.arezzo.com.br\/medias\/sys_master\/arezzo\/arezzo\/hfd\/h47\/h00\/h00\/11458781511710\/HEADLESS-1096400410003U-04-BASEIMAGE-Hires-Headless.jpg' style='max-height: 400px' \/><img src='https:\/\/secure-static.arezzo.com.br\/medias\/sys_master\/arezzo\/arezzo\/hfc\/hb0\/h00\/h00\/11458781478942\/HEADLESS-1096400410003U-04-BASEIMAGE-Midres-Headless.jpg' style='max-height: 400px' \/><img src='https:\/\/secure-static.arezzo.com.br\/medias\/sys_master\/arezzo\/arezzo\/hce\/h2e\/h00\/h00\/11458781413406\/HEADLESS-1096400410003U-04-BASEIMAGE-Thumbnail-Headless.jpg' style='max-height: 400px' \/><img src='https:\/\/secure-static.arezzo.com.br\/medias\/sys_master\/arezzo\/arezzo\/hfc\/hb0\/h00\/h00\/11458781478942\/HEADLESS-1096400410003U-04-BASEIMAGE-Midres-Headless.jpg' style='max-height: 400px' \/><img src='https:\/\/secure-static.arezzo.com.br\/medias\/sys_master\/arezzo\/arezzo\/h9f\/h68\/h00\/h00\/11458781708318\/HEADLESS-1096400410003U-05-BASEIMAGE-Hires-Headless.jpg' style='max-height: 400px' \/><img src='https:\/\/secure-static.arezzo.com.br\/medias\/sys_master\/arezzo\/arezzo\/h1e\/hf3\/h00\/h00\/11458781675550\/HEADLESS-1096400410003U-05-BASEIMAGE-Midres-Headless.jpg' style='max-height: 400px' \/><img src='https:\/\/secure-static.arezzo.com.br\/medias\/sys_master\/arezzo\/arezzo\/h53\/h13\/h00\/h00\/11458781610014\/HEADLESS-1096400410003U-05-BASEIMAGE-Thumbnail-Headless.jpg' style='max-height: 400px' \/><img src='https:\/\/secure-static.arezzo.com.br\/medias\/sys_master\/arezzo\/arezzo\/h1e\/hf3\/h00\/h00\/11458781675550\/HEADLESS-1096400410003U-05-BASEIMAGE-Midres-Headless.jpg' style='max-height: 400px' \/><img src='https:\/\/secure-static.arezzo.com.br\/medias\/sys_master\/arezzo\/arezzo\/h99\/h24\/h00\/h00\/11458780921886\/HEADLESS-1096400410003U-06-BASEIMAGE-Hires-Headless.jpg' style='max-height: 400px' \/><img src='https:\/\/secure-static.arezzo.com.br\/medias\/sys_master\/arezzo\/arezzo\/hd9\/h67\/h00\/h00\/11458780889118\/HEADLESS-1096400410003U-06-BASEIMAGE-Midres-Headless.jpg' style='max-height: 400px' \/><img src='https:\/\/secure-static.arezzo.com.br\/medias\/sys_master\/arezzo\/arezzo\/h82\/h54\/h00\/h00\/11458780823582\/HEADLESS-1096400410003U-06-BASEIMAGE-Thumbnail-Headless.jpg' style='max-height: 400px' \/><img src='https:\/\/secure-static.arezzo.com.br\/medias\/sys_master\/arezzo\/arezzo\/hd9\/h67\/h00\/h00\/11458780889118\/HEADLESS-1096400410003U-06-BASEIMAGE-Midres-Headless.jpg' style='max-height: 400px' \/><img src='https:\/\/secure-static.arezzo.com.br\/medias\/sys_master\/arezzo\/arezzo\/h2f\/h9f\/h00\/h00\/11403150196766\/HEADLESS-1096400410003U-07-BASEIMAGE-Hires-Headless.jpg' style='max-height: 400px' \/><img src='https:\/\/secure-static.arezzo.com.br\/medias\/sys_master\/arezzo\/arezzo\/hb6\/h7e\/h00\/h00\/11403150131230\/HEADLESS-1096400410003U-07-BASEIMAGE-Midres-Headless.jpg' style='max-height: 400px' \/><img src='https:\/\/secure-static.arezzo.com.br\/medias\/sys_master\/arezzo\/arezzo\/h42\/hed\/h00\/h00\/11403150000158\/HEADLESS-1096400410003U-07-BASEIMAGE-Thumbnail-Headless.jpg' style='max-height: 400px' \/><img src='https:\/\/secure-static.arezzo.com.br\/medias\/sys_master\/arezzo\/arezzo\/hb6\/h7e\/h00\/h00\/11403150131230\/HEADLESS-1096400410003U-07-BASEIMAGE-Midres-Headless.jpg' style='max-height: 400px' \/><\/div>\n<p>* Entre em contato por WhatsApp para verificar a disponibilidade do produto. Ref.: A1096400410003<\/p>\n","protected":false},"excerpt":{"rendered":"<p>Estoque dispon\u00edvel nos tamanhos: ULTIMA_ESTACAO, 35, 36, 37, 39.<br \/><small>atualizado em 20\/12\/2023.<\/p>\n","protected":false},"featured_media":23183,"template":"","meta":[],"product_brand":[],"product_cat":[54],"product_tag":[43,44,45,47,628],"class_list":{"0":"post-23184","1":"product","2":"type-product","3":"status-publish","4":"has-post-thumbnail","6":"product_cat-sapatos","7":"product_tag-43","8":"product_tag-44","9":"product_tag-45","10":"product_tag-47","11":"product_tag-ultima_estacao","13":"first","14":"instock","15":"shipping-taxable","16":"purchasable","17":"product-type-simple"},"_links":{"self":[{"href":"https:\/\/comprenowhats.com.br\/arezzoanaliafranco\/wp-json\/wp\/v2\/product\/23184","targetHints":{"allow":["GET"]}}],"collection":[{"href":"https:\/\/comprenowhats.com.br\/arezzoanaliafranco\/wp-json\/wp\/v2\/product"}],"about":[{"href":"https:\/\/comprenowhats.com.br\/arezzoanaliafranco\/wp-json\/wp\/v2\/types\/product"}],"wp:featuredmedia":[{"embeddable":true,"href":"https:\/\/comprenowhats.com.br\/arezzoanaliafranco\/wp-json\/wp\/v2\/media\/23183"}],"wp:attachment":[{"href":"https:\/\/comprenowhats.com.br\/arezzoanaliafranco\/wp-json\/wp\/v2\/media?parent=23184"}],"wp:term":[{"taxonomy":"product_brand","embeddable":true,"href":"https:\/\/comprenowhats.com.br\/arezzoanaliafranco\/wp-json\/wp\/v2\/product_brand?post=23184"},{"taxonomy":"product_cat","embeddable":true,"href":"https:\/\/comprenowhats.com.br\/arezzoanaliafranco\/wp-json\/wp\/v2\/product_cat?post=23184"},{"taxonomy":"product_tag","embeddable":true,"href":"https:\/\/comprenowhats.com.br\/arezzoanaliafranco\/wp-json\/wp\/v2\/product_tag?post=23184"}],"curies":[{"name":"wp","href":"https:\/\/api.w.org\/{rel}","templated":true}]}}