{"id":23076,"date":"2023-12-02T12:07:17","date_gmt":"2023-12-02T15:07:17","guid":{"rendered":"https:\/\/comprenowhats.com.br\/arezzoanaliafranco\/produto\/sandalia-laranja-salto-bloco-flor-amarracao\/"},"modified":"2023-12-20T13:22:43","modified_gmt":"2023-12-20T16:22:43","slug":"sandalia-laranja-salto-bloco-flor-amarracao","status":"publish","type":"product","link":"https:\/\/comprenowhats.com.br\/arezzoanaliafranco\/produto\/sandalia-laranja-salto-bloco-flor-amarracao\/","title":{"rendered":"Sand\u00e1lia Laranja Salto Bloco Flor Amarra\u00e7\u00e3o"},"content":{"rendered":"<p>A sand\u00e1lia tem aplica\u00e7\u00e3o de flor e vem em material texturizado, sendo op\u00e7\u00e3o certeira para inserir um toque charmoso nas produ\u00e7\u00f5es do dia a dia. O modelo traz uma pegada artesanal e vai do office ao happy hour, aposte!<\/p>\n<div style='text-align: center'><img src='https:\/\/secure-static.arezzo.com.br\/medias\/sys_master\/arezzo\/arezzo\/h11\/h51\/h00\/h00\/11309078937630\/HEADLESS-1005510830001U-01-BASEIMAGE-Midres-Headless.jpg' style='max-height: 400px' \/><img src='https:\/\/secure-static.arezzo.com.br\/medias\/sys_master\/arezzo\/arezzo\/h2c\/h0c\/h00\/h00\/11309078872094\/HEADLESS-1005510830001U-01-BASEIMAGE-Thumbnail-Headless.jpg' style='max-height: 400px' \/><img src='https:\/\/secure-static.arezzo.com.br\/medias\/sys_master\/arezzo\/arezzo\/h11\/h51\/h00\/h00\/11309078937630\/HEADLESS-1005510830001U-01-BASEIMAGE-Midres-Headless.jpg' style='max-height: 400px' \/><img src='https:\/\/secure-static.arezzo.com.br\/medias\/sys_master\/arezzo\/arezzo\/h5c\/h89\/h00\/h00\/11309079167006\/HEADLESS-1005510830001U-03-BASEIMAGE-Hires-Headless.jpg' style='max-height: 400px' \/><img src='https:\/\/secure-static.arezzo.com.br\/medias\/sys_master\/arezzo\/arezzo\/h76\/h81\/h00\/h00\/11309079134238\/HEADLESS-1005510830001U-03-BASEIMAGE-Midres-Headless.jpg' style='max-height: 400px' \/><img src='https:\/\/secure-static.arezzo.com.br\/medias\/sys_master\/arezzo\/arezzo\/hb2\/h54\/h00\/h00\/11309079068702\/HEADLESS-1005510830001U-03-BASEIMAGE-Thumbnail-Headless.jpg' style='max-height: 400px' \/><img src='https:\/\/secure-static.arezzo.com.br\/medias\/sys_master\/arezzo\/arezzo\/h76\/h81\/h00\/h00\/11309079134238\/HEADLESS-1005510830001U-03-BASEIMAGE-Midres-Headless.jpg' style='max-height: 400px' \/><img src='https:\/\/secure-static.arezzo.com.br\/medias\/sys_master\/arezzo\/arezzo\/h8b\/h66\/h00\/h00\/11309079363614\/HEADLESS-1005510830001U-04-BASEIMAGE-Hires-Headless.jpg' style='max-height: 400px' \/><img src='https:\/\/secure-static.arezzo.com.br\/medias\/sys_master\/arezzo\/arezzo\/ha1\/h8e\/h00\/h00\/11309079330846\/HEADLESS-1005510830001U-04-BASEIMAGE-Midres-Headless.jpg' style='max-height: 400px' \/><img src='https:\/\/secure-static.arezzo.com.br\/medias\/sys_master\/arezzo\/arezzo\/h90\/h12\/h00\/h00\/11309079265310\/HEADLESS-1005510830001U-04-BASEIMAGE-Thumbnail-Headless.jpg' style='max-height: 400px' \/><img src='https:\/\/secure-static.arezzo.com.br\/medias\/sys_master\/arezzo\/arezzo\/ha1\/h8e\/h00\/h00\/11309079330846\/HEADLESS-1005510830001U-04-BASEIMAGE-Midres-Headless.jpg' style='max-height: 400px' \/><img src='https:\/\/secure-static.arezzo.com.br\/medias\/sys_master\/arezzo\/arezzo\/hac\/ha8\/h00\/h00\/11309079560222\/HEADLESS-1005510830001U-05-BASEIMAGE-Hires-Headless.jpg' style='max-height: 400px' \/><img src='https:\/\/secure-static.arezzo.com.br\/medias\/sys_master\/arezzo\/arezzo\/h71\/hbe\/h00\/h00\/11309079527454\/HEADLESS-1005510830001U-05-BASEIMAGE-Midres-Headless.jpg' style='max-height: 400px' \/><img src='https:\/\/secure-static.arezzo.com.br\/medias\/sys_master\/arezzo\/arezzo\/ha6\/hdf\/h00\/h00\/11309079461918\/HEADLESS-1005510830001U-05-BASEIMAGE-Thumbnail-Headless.jpg' style='max-height: 400px' \/><img src='https:\/\/secure-static.arezzo.com.br\/medias\/sys_master\/arezzo\/arezzo\/h71\/hbe\/h00\/h00\/11309079527454\/HEADLESS-1005510830001U-05-BASEIMAGE-Midres-Headless.jpg' style='max-height: 400px' \/><img src='https:\/\/secure-static.arezzo.com.br\/medias\/sys_master\/arezzo\/arezzo\/h85\/ha3\/h00\/h00\/11309079756830\/HEADLESS-1005510830001U-06-BASEIMAGE-Hires-Headless.jpg' style='max-height: 400px' \/><img src='https:\/\/secure-static.arezzo.com.br\/medias\/sys_master\/arezzo\/arezzo\/h6c\/hff\/h00\/h00\/11309079724062\/HEADLESS-1005510830001U-06-BASEIMAGE-Midres-Headless.jpg' style='max-height: 400px' \/><img src='https:\/\/secure-static.arezzo.com.br\/medias\/sys_master\/arezzo\/arezzo\/hb9\/h2c\/h00\/h00\/11309079658526\/HEADLESS-1005510830001U-06-BASEIMAGE-Thumbnail-Headless.jpg' style='max-height: 400px' \/><img src='https:\/\/secure-static.arezzo.com.br\/medias\/sys_master\/arezzo\/arezzo\/h6c\/hff\/h00\/h00\/11309079724062\/HEADLESS-1005510830001U-06-BASEIMAGE-Midres-Headless.jpg' style='max-height: 400px' \/><img src='https:\/\/secure-static.arezzo.com.br\/medias\/sys_master\/arezzo\/arezzo\/hf7\/he7\/h00\/h00\/11309079953438\/HEADLESS-1005510830001U-07-BASEIMAGE-Hires-Headless.jpg' style='max-height: 400px' \/><img src='https:\/\/secure-static.arezzo.com.br\/medias\/sys_master\/arezzo\/arezzo\/h85\/h0f\/h00\/h00\/11309079920670\/HEADLESS-1005510830001U-07-BASEIMAGE-Midres-Headless.jpg' style='max-height: 400px' \/><img src='https:\/\/secure-static.arezzo.com.br\/medias\/sys_master\/arezzo\/arezzo\/hdb\/h6e\/h00\/h00\/11309079855134\/HEADLESS-1005510830001U-07-BASEIMAGE-Thumbnail-Headless.jpg' style='max-height: 400px' \/><img src='https:\/\/secure-static.arezzo.com.br\/medias\/sys_master\/arezzo\/arezzo\/h85\/h0f\/h00\/h00\/11309079920670\/HEADLESS-1005510830001U-07-BASEIMAGE-Midres-Headless.jpg' style='max-height: 400px' \/><\/div>\n<p>* Entre em contato por WhatsApp para verificar a disponibilidade do produto. Ref.: A1005510830001<\/p>\n","protected":false},"excerpt":{"rendered":"<p>Estoque dispon\u00edvel nos tamanhos: ULTIMA_ESTACAO, 34, 37, 38, 39.<br \/><small>atualizado em 20\/12\/2023.<\/p>\n","protected":false},"featured_media":23075,"template":"","meta":[],"product_brand":[],"product_cat":[54],"product_tag":[42,45,46,47,628],"class_list":{"0":"post-23076","1":"product","2":"type-product","3":"status-publish","4":"has-post-thumbnail","6":"product_cat-sapatos","7":"product_tag-42","8":"product_tag-45","9":"product_tag-46","10":"product_tag-47","11":"product_tag-ultima_estacao","13":"first","14":"instock","15":"shipping-taxable","16":"purchasable","17":"product-type-simple"},"_links":{"self":[{"href":"https:\/\/comprenowhats.com.br\/arezzoanaliafranco\/wp-json\/wp\/v2\/product\/23076","targetHints":{"allow":["GET"]}}],"collection":[{"href":"https:\/\/comprenowhats.com.br\/arezzoanaliafranco\/wp-json\/wp\/v2\/product"}],"about":[{"href":"https:\/\/comprenowhats.com.br\/arezzoanaliafranco\/wp-json\/wp\/v2\/types\/product"}],"wp:featuredmedia":[{"embeddable":true,"href":"https:\/\/comprenowhats.com.br\/arezzoanaliafranco\/wp-json\/wp\/v2\/media\/23075"}],"wp:attachment":[{"href":"https:\/\/comprenowhats.com.br\/arezzoanaliafranco\/wp-json\/wp\/v2\/media?parent=23076"}],"wp:term":[{"taxonomy":"product_brand","embeddable":true,"href":"https:\/\/comprenowhats.com.br\/arezzoanaliafranco\/wp-json\/wp\/v2\/product_brand?post=23076"},{"taxonomy":"product_cat","embeddable":true,"href":"https:\/\/comprenowhats.com.br\/arezzoanaliafranco\/wp-json\/wp\/v2\/product_cat?post=23076"},{"taxonomy":"product_tag","embeddable":true,"href":"https:\/\/comprenowhats.com.br\/arezzoanaliafranco\/wp-json\/wp\/v2\/product_tag?post=23076"}],"curies":[{"name":"wp","href":"https:\/\/api.w.org\/{rel}","templated":true}]}}