{"id":23033,"date":"2023-12-02T12:06:26","date_gmt":"2023-12-02T15:06:26","guid":{"rendered":"https:\/\/comprenowhats.com.br\/arezzoanaliafranco\/produto\/sandalia-rasteira-dourada-couro-no\/"},"modified":"2023-12-20T13:21:57","modified_gmt":"2023-12-20T16:21:57","slug":"sandalia-rasteira-dourada-couro-no","status":"publish","type":"product","link":"https:\/\/comprenowhats.com.br\/arezzoanaliafranco\/produto\/sandalia-rasteira-dourada-couro-no\/","title":{"rendered":"Sand\u00e1lia Rasteira Dourada Couro N\u00f3"},"content":{"rendered":"<p>A rasteira de tiras bombadas j\u00e1 \u00e9 um cl\u00e1ssico! Vers\u00e1til, comp\u00f5e tanto produ\u00e7\u00f5es mais s\u00f3brias como tamb\u00e9m looks despojados, e vai do escrit\u00f3rio ao passeio com muito conforto. Um item atemporal para se ter sempre no guarda-roupa!<\/p>\n<div style='text-align: center'><img src='https:\/\/secure-static.arezzo.com.br\/medias\/sys_master\/arezzo\/arezzo\/h8e\/hfb\/h00\/h00\/11427902783518\/HEADLESS-0448506750031U-01-BASEIMAGE-Midres-Headless.jpg' style='max-height: 400px' \/><img src='https:\/\/secure-static.arezzo.com.br\/medias\/sys_master\/arezzo\/arezzo\/hd6\/h69\/h00\/h00\/11427902652446\/HEADLESS-0448506750031U-01-BASEIMAGE-Thumbnail-Headless.jpg' style='max-height: 400px' \/><img src='https:\/\/secure-static.arezzo.com.br\/medias\/sys_master\/arezzo\/arezzo\/h8e\/hfb\/h00\/h00\/11427902783518\/HEADLESS-0448506750031U-01-BASEIMAGE-Midres-Headless.jpg' style='max-height: 400px' \/><img src='https:\/\/secure-static.arezzo.com.br\/medias\/sys_master\/arezzo\/arezzo\/ha0\/hd2\/h00\/h00\/11427903176734\/HEADLESS-0448506750031U-03-BASEIMAGE-Hires-Headless.jpg' style='max-height: 400px' \/><img src='https:\/\/secure-static.arezzo.com.br\/medias\/sys_master\/arezzo\/arezzo\/h40\/h95\/h00\/h00\/11427903111198\/HEADLESS-0448506750031U-03-BASEIMAGE-Midres-Headless.jpg' style='max-height: 400px' \/><img src='https:\/\/secure-static.arezzo.com.br\/medias\/sys_master\/arezzo\/arezzo\/h6c\/hb9\/h00\/h00\/11427902980126\/HEADLESS-0448506750031U-03-BASEIMAGE-Thumbnail-Headless.jpg' style='max-height: 400px' \/><img src='https:\/\/secure-static.arezzo.com.br\/medias\/sys_master\/arezzo\/arezzo\/h40\/h95\/h00\/h00\/11427903111198\/HEADLESS-0448506750031U-03-BASEIMAGE-Midres-Headless.jpg' style='max-height: 400px' \/><img src='https:\/\/secure-static.arezzo.com.br\/medias\/sys_master\/arezzo\/arezzo\/h8f\/h8a\/h00\/h00\/11427903504414\/HEADLESS-0448506750031U-04-BASEIMAGE-Hires-Headless.jpg' style='max-height: 400px' \/><img src='https:\/\/secure-static.arezzo.com.br\/medias\/sys_master\/arezzo\/arezzo\/h9e\/h01\/h00\/h00\/11427903438878\/HEADLESS-0448506750031U-04-BASEIMAGE-Midres-Headless.jpg' style='max-height: 400px' \/><img src='https:\/\/secure-static.arezzo.com.br\/medias\/sys_master\/arezzo\/arezzo\/h6d\/h48\/h00\/h00\/11427903307806\/HEADLESS-0448506750031U-04-BASEIMAGE-Thumbnail-Headless.jpg' style='max-height: 400px' \/><img src='https:\/\/secure-static.arezzo.com.br\/medias\/sys_master\/arezzo\/arezzo\/h9e\/h01\/h00\/h00\/11427903438878\/HEADLESS-0448506750031U-04-BASEIMAGE-Midres-Headless.jpg' style='max-height: 400px' \/><img src='https:\/\/secure-static.arezzo.com.br\/medias\/sys_master\/arezzo\/arezzo\/ha5\/h82\/h00\/h00\/11427903832094\/HEADLESS-0448506750031U-05-BASEIMAGE-Hires-Headless.jpg' style='max-height: 400px' \/><img src='https:\/\/secure-static.arezzo.com.br\/medias\/sys_master\/arezzo\/arezzo\/h33\/h51\/h00\/h00\/11427903766558\/HEADLESS-0448506750031U-05-BASEIMAGE-Midres-Headless.jpg' style='max-height: 400px' \/><img src='https:\/\/secure-static.arezzo.com.br\/medias\/sys_master\/arezzo\/arezzo\/h83\/h40\/h00\/h00\/11427903635486\/HEADLESS-0448506750031U-05-BASEIMAGE-Thumbnail-Headless.jpg' style='max-height: 400px' \/><img src='https:\/\/secure-static.arezzo.com.br\/medias\/sys_master\/arezzo\/arezzo\/h33\/h51\/h00\/h00\/11427903766558\/HEADLESS-0448506750031U-05-BASEIMAGE-Midres-Headless.jpg' style='max-height: 400px' \/><img src='https:\/\/secure-static.arezzo.com.br\/medias\/sys_master\/arezzo\/arezzo\/h45\/h28\/h00\/h00\/11427904159774\/HEADLESS-0448506750031U-06-BASEIMAGE-Hires-Headless.jpg' style='max-height: 400px' \/><img src='https:\/\/secure-static.arezzo.com.br\/medias\/sys_master\/arezzo\/arezzo\/hd6\/hb4\/h00\/h00\/11427904094238\/HEADLESS-0448506750031U-06-BASEIMAGE-Midres-Headless.jpg' style='max-height: 400px' \/><img src='https:\/\/secure-static.arezzo.com.br\/medias\/sys_master\/arezzo\/arezzo\/h12\/h0f\/h00\/h00\/11427903963166\/HEADLESS-0448506750031U-06-BASEIMAGE-Thumbnail-Headless.jpg' style='max-height: 400px' \/><img src='https:\/\/secure-static.arezzo.com.br\/medias\/sys_master\/arezzo\/arezzo\/hd6\/hb4\/h00\/h00\/11427904094238\/HEADLESS-0448506750031U-06-BASEIMAGE-Midres-Headless.jpg' style='max-height: 400px' \/><img src='https:\/\/secure-static.arezzo.com.br\/medias\/sys_master\/arezzo\/arezzo\/hdb\/h77\/h00\/h00\/11427904487454\/HEADLESS-0448506750031U-07-BASEIMAGE-Hires-Headless.jpg' style='max-height: 400px' \/><img src='https:\/\/secure-static.arezzo.com.br\/medias\/sys_master\/arezzo\/arezzo\/he0\/ha9\/h00\/h00\/11427904421918\/HEADLESS-0448506750031U-07-BASEIMAGE-Midres-Headless.jpg' style='max-height: 400px' \/><img src='https:\/\/secure-static.arezzo.com.br\/medias\/sys_master\/arezzo\/arezzo\/h11\/h3b\/h00\/h00\/11427904290846\/HEADLESS-0448506750031U-07-BASEIMAGE-Thumbnail-Headless.jpg' style='max-height: 400px' \/><img src='https:\/\/secure-static.arezzo.com.br\/medias\/sys_master\/arezzo\/arezzo\/he0\/ha9\/h00\/h00\/11427904421918\/HEADLESS-0448506750031U-07-BASEIMAGE-Midres-Headless.jpg' style='max-height: 400px' \/><\/div>\n<p>* Entre em contato por WhatsApp para verificar a disponibilidade do produto. Ref.: A0448506750031<\/p>\n","protected":false},"excerpt":{"rendered":"<p>Estoque dispon\u00edvel nos tamanhos: ULTIMA_ESTACAO, 35, 39.<br \/><small>atualizado em 20\/12\/2023.<\/p>\n","protected":false},"featured_media":23032,"template":"","meta":[],"product_brand":[],"product_cat":[54],"product_tag":[43,47,628],"class_list":{"0":"post-23033","1":"product","2":"type-product","3":"status-publish","4":"has-post-thumbnail","6":"product_cat-sapatos","7":"product_tag-43","8":"product_tag-47","9":"product_tag-ultima_estacao","11":"first","12":"instock","13":"shipping-taxable","14":"purchasable","15":"product-type-simple"},"_links":{"self":[{"href":"https:\/\/comprenowhats.com.br\/arezzoanaliafranco\/wp-json\/wp\/v2\/product\/23033","targetHints":{"allow":["GET"]}}],"collection":[{"href":"https:\/\/comprenowhats.com.br\/arezzoanaliafranco\/wp-json\/wp\/v2\/product"}],"about":[{"href":"https:\/\/comprenowhats.com.br\/arezzoanaliafranco\/wp-json\/wp\/v2\/types\/product"}],"wp:featuredmedia":[{"embeddable":true,"href":"https:\/\/comprenowhats.com.br\/arezzoanaliafranco\/wp-json\/wp\/v2\/media\/23032"}],"wp:attachment":[{"href":"https:\/\/comprenowhats.com.br\/arezzoanaliafranco\/wp-json\/wp\/v2\/media?parent=23033"}],"wp:term":[{"taxonomy":"product_brand","embeddable":true,"href":"https:\/\/comprenowhats.com.br\/arezzoanaliafranco\/wp-json\/wp\/v2\/product_brand?post=23033"},{"taxonomy":"product_cat","embeddable":true,"href":"https:\/\/comprenowhats.com.br\/arezzoanaliafranco\/wp-json\/wp\/v2\/product_cat?post=23033"},{"taxonomy":"product_tag","embeddable":true,"href":"https:\/\/comprenowhats.com.br\/arezzoanaliafranco\/wp-json\/wp\/v2\/product_tag?post=23033"}],"curies":[{"name":"wp","href":"https:\/\/api.w.org\/{rel}","templated":true}]}}