{"id":22674,"date":"2023-09-19T13:50:27","date_gmt":"2023-09-19T16:50:27","guid":{"rendered":"https:\/\/comprenowhats.com.br\/arezzoanaliafranco\/produto\/mocassim-branco-couro-bridao-metalico\/"},"modified":"2023-12-20T13:28:50","modified_gmt":"2023-12-20T16:28:50","slug":"mocassim-branco-couro-bridao-metalico","status":"publish","type":"product","link":"https:\/\/comprenowhats.com.br\/arezzoanaliafranco\/produto\/mocassim-branco-couro-bridao-metalico\/","title":{"rendered":"Mocassim Branco Couro Brid\u00e3o Met\u00e1lico"},"content":{"rendered":"<p>O mocassim surge em um tom neutro super vers\u00e1til e \u00e9 garantia de muito conforto e estilo. Traz ainda detalhe em brid\u00e3o met\u00e1lico, que confere charme extra. Democr\u00e1tico, combina com as mais diversas pe\u00e7as.<\/p>\n<div style='text-align: center'><img src='https:\/\/secure-static.arezzo.com.br\/medias\/sys_master\/arezzo\/arezzo\/h46\/h8d\/h00\/h00\/11295710969886\/HEADLESS-1303100130001U-HO-BASEIMAGE-Midres-Headless.jpg' style='max-height: 400px' \/><img src='https:\/\/secure-static.arezzo.com.br\/medias\/sys_master\/arezzo\/arezzo\/h3a\/h43\/h00\/h00\/11295710838814\/HEADLESS-1303100130001U-HO-BASEIMAGE-Thumbnail-Headless.jpg' style='max-height: 400px' \/><img src='https:\/\/secure-static.arezzo.com.br\/medias\/sys_master\/arezzo\/arezzo\/h46\/h8d\/h00\/h00\/11295710969886\/HEADLESS-1303100130001U-HO-BASEIMAGE-Midres-Headless.jpg' style='max-height: 400px' \/><img src='https:\/\/secure-static.arezzo.com.br\/medias\/sys_master\/arezzo\/arezzo\/hec\/h66\/h00\/h00\/11243783815198\/HEADLESS-1303100130001U-01-BASEIMAGE-Hires-Headless.jpg' style='max-height: 400px' \/><img src='https:\/\/secure-static.arezzo.com.br\/medias\/sys_master\/arezzo\/arezzo\/h96\/h9b\/h00\/h00\/11243783716894\/HEADLESS-1303100130001U-01-BASEIMAGE-Midres-Headless.jpg' style='max-height: 400px' \/><img src='https:\/\/secure-static.arezzo.com.br\/medias\/sys_master\/arezzo\/arezzo\/h6b\/h35\/h00\/h00\/11243783454750\/HEADLESS-1303100130001U-01-BASEIMAGE-Thumbnail-Headless.jpg' style='max-height: 400px' \/><img src='https:\/\/secure-static.arezzo.com.br\/medias\/sys_master\/arezzo\/arezzo\/h96\/h9b\/h00\/h00\/11243783716894\/HEADLESS-1303100130001U-01-BASEIMAGE-Midres-Headless.jpg' style='max-height: 400px' \/><img src='https:\/\/secure-static.arezzo.com.br\/medias\/sys_master\/arezzo\/arezzo\/hc7\/h85\/h00\/h00\/11243784601630\/HEADLESS-1303100130001U-03-BASEIMAGE-Hires-Headless.jpg' style='max-height: 400px' \/><img src='https:\/\/secure-static.arezzo.com.br\/medias\/sys_master\/arezzo\/arezzo\/ha1\/h17\/h00\/h00\/11243784372254\/HEADLESS-1303100130001U-03-BASEIMAGE-Midres-Headless.jpg' style='max-height: 400px' \/><img src='https:\/\/secure-static.arezzo.com.br\/medias\/sys_master\/arezzo\/arezzo\/h22\/hc4\/h00\/h00\/11243784110110\/HEADLESS-1303100130001U-03-BASEIMAGE-Thumbnail-Headless.jpg' style='max-height: 400px' \/><img src='https:\/\/secure-static.arezzo.com.br\/medias\/sys_master\/arezzo\/arezzo\/ha1\/h17\/h00\/h00\/11243784372254\/HEADLESS-1303100130001U-03-BASEIMAGE-Midres-Headless.jpg' style='max-height: 400px' \/><img src='https:\/\/secure-static.arezzo.com.br\/medias\/sys_master\/arezzo\/arezzo\/hd2\/h3a\/h00\/h00\/11243785191454\/HEADLESS-1303100130001U-04-BASEIMAGE-Hires-Headless.jpg' style='max-height: 400px' \/><img src='https:\/\/secure-static.arezzo.com.br\/medias\/sys_master\/arezzo\/arezzo\/ha3\/h9a\/h00\/h00\/11243785027614\/HEADLESS-1303100130001U-04-BASEIMAGE-Midres-Headless.jpg' style='max-height: 400px' \/><img src='https:\/\/secure-static.arezzo.com.br\/medias\/sys_master\/arezzo\/arezzo\/hd7\/hb3\/h00\/h00\/11243784831006\/HEADLESS-1303100130001U-04-BASEIMAGE-Thumbnail-Headless.jpg' style='max-height: 400px' \/><img src='https:\/\/secure-static.arezzo.com.br\/medias\/sys_master\/arezzo\/arezzo\/ha3\/h9a\/h00\/h00\/11243785027614\/HEADLESS-1303100130001U-04-BASEIMAGE-Midres-Headless.jpg' style='max-height: 400px' \/><img src='https:\/\/secure-static.arezzo.com.br\/medias\/sys_master\/arezzo\/arezzo\/h3f\/hbc\/h00\/h00\/11243785781278\/HEADLESS-1303100130001U-05-BASEIMAGE-Hires-Headless.jpg' style='max-height: 400px' \/><img src='https:\/\/secure-static.arezzo.com.br\/medias\/sys_master\/arezzo\/arezzo\/he9\/hf0\/h00\/h00\/11243785682974\/HEADLESS-1303100130001U-05-BASEIMAGE-Midres-Headless.jpg' style='max-height: 400px' \/><img src='https:\/\/secure-static.arezzo.com.br\/medias\/sys_master\/arezzo\/arezzo\/h53\/h33\/h00\/h00\/11243785420830\/HEADLESS-1303100130001U-05-BASEIMAGE-Thumbnail-Headless.jpg' style='max-height: 400px' \/><img src='https:\/\/secure-static.arezzo.com.br\/medias\/sys_master\/arezzo\/arezzo\/he9\/hf0\/h00\/h00\/11243785682974\/HEADLESS-1303100130001U-05-BASEIMAGE-Midres-Headless.jpg' style='max-height: 400px' \/><img src='https:\/\/secure-static.arezzo.com.br\/medias\/sys_master\/arezzo\/arezzo\/h7c\/h91\/h00\/h00\/11243786436638\/HEADLESS-1303100130001U-06-BASEIMAGE-Hires-Headless.jpg' style='max-height: 400px' \/><img src='https:\/\/secure-static.arezzo.com.br\/medias\/sys_master\/arezzo\/arezzo\/hb6\/ha1\/h00\/h00\/11243786272798\/HEADLESS-1303100130001U-06-BASEIMAGE-Midres-Headless.jpg' style='max-height: 400px' \/><img src='https:\/\/secure-static.arezzo.com.br\/medias\/sys_master\/arezzo\/arezzo\/h11\/h6c\/h00\/h00\/11243786076190\/HEADLESS-1303100130001U-06-BASEIMAGE-Thumbnail-Headless.jpg' style='max-height: 400px' \/><img src='https:\/\/secure-static.arezzo.com.br\/medias\/sys_master\/arezzo\/arezzo\/hb6\/ha1\/h00\/h00\/11243786272798\/HEADLESS-1303100130001U-06-BASEIMAGE-Midres-Headless.jpg' style='max-height: 400px' \/><img src='https:\/\/secure-static.arezzo.com.br\/medias\/sys_master\/arezzo\/arezzo\/h42\/h4f\/h00\/h00\/11243787091998\/HEADLESS-1303100130001U-07-BASEIMAGE-Hires-Headless.jpg' style='max-height: 400px' \/><img src='https:\/\/secure-static.arezzo.com.br\/medias\/sys_master\/arezzo\/arezzo\/h2b\/h89\/h00\/h00\/11243786928158\/HEADLESS-1303100130001U-07-BASEIMAGE-Midres-Headless.jpg' style='max-height: 400px' \/><img src='https:\/\/secure-static.arezzo.com.br\/medias\/sys_master\/arezzo\/arezzo\/hd2\/ha5\/h00\/h00\/11243786666014\/HEADLESS-1303100130001U-07-BASEIMAGE-Thumbnail-Headless.jpg' style='max-height: 400px' \/><img src='https:\/\/secure-static.arezzo.com.br\/medias\/sys_master\/arezzo\/arezzo\/h2b\/h89\/h00\/h00\/11243786928158\/HEADLESS-1303100130001U-07-BASEIMAGE-Midres-Headless.jpg' style='max-height: 400px' \/><\/div>\n<p>* Entre em contato por WhatsApp para verificar a disponibilidade do produto. Ref.: A1303100130001<\/p>\n","protected":false},"excerpt":{"rendered":"<p>Estoque dispon\u00edvel nos tamanhos: ULTIMA_ESTACAO, 35, 38.<br \/><small>atualizado em 20\/12\/2023.<\/p>\n","protected":false},"featured_media":22673,"template":"","meta":[],"product_brand":[],"product_cat":[54],"product_tag":[43,46,628],"class_list":{"0":"post-22674","1":"product","2":"type-product","3":"status-publish","4":"has-post-thumbnail","6":"product_cat-sapatos","7":"product_tag-43","8":"product_tag-46","9":"product_tag-ultima_estacao","11":"first","12":"instock","13":"shipping-taxable","14":"purchasable","15":"product-type-simple"},"_links":{"self":[{"href":"https:\/\/comprenowhats.com.br\/arezzoanaliafranco\/wp-json\/wp\/v2\/product\/22674","targetHints":{"allow":["GET"]}}],"collection":[{"href":"https:\/\/comprenowhats.com.br\/arezzoanaliafranco\/wp-json\/wp\/v2\/product"}],"about":[{"href":"https:\/\/comprenowhats.com.br\/arezzoanaliafranco\/wp-json\/wp\/v2\/types\/product"}],"wp:featuredmedia":[{"embeddable":true,"href":"https:\/\/comprenowhats.com.br\/arezzoanaliafranco\/wp-json\/wp\/v2\/media\/22673"}],"wp:attachment":[{"href":"https:\/\/comprenowhats.com.br\/arezzoanaliafranco\/wp-json\/wp\/v2\/media?parent=22674"}],"wp:term":[{"taxonomy":"product_brand","embeddable":true,"href":"https:\/\/comprenowhats.com.br\/arezzoanaliafranco\/wp-json\/wp\/v2\/product_brand?post=22674"},{"taxonomy":"product_cat","embeddable":true,"href":"https:\/\/comprenowhats.com.br\/arezzoanaliafranco\/wp-json\/wp\/v2\/product_cat?post=22674"},{"taxonomy":"product_tag","embeddable":true,"href":"https:\/\/comprenowhats.com.br\/arezzoanaliafranco\/wp-json\/wp\/v2\/product_tag?post=22674"}],"curies":[{"name":"wp","href":"https:\/\/api.w.org\/{rel}","templated":true}]}}