{"id":22249,"date":"2023-08-31T11:02:50","date_gmt":"2023-08-31T14:02:50","guid":{"rendered":"https:\/\/comprenowhats.com.br\/arezzoanaliafranco\/produto\/tiracolo-preta-couro-pequena-baguete-corrente\/"},"modified":"2023-12-20T13:32:36","modified_gmt":"2023-12-20T16:32:36","slug":"tiracolo-preta-couro-pequena-baguete-corrente","status":"publish","type":"product","link":"https:\/\/comprenowhats.com.br\/arezzoanaliafranco\/produto\/tiracolo-preta-couro-pequena-baguete-corrente\/","title":{"rendered":"Tiracolo Preta Couro Pequena Baguete Corrente"},"content":{"rendered":"<p>Moderna e charmosa, a bolsa segue as tend\u00eancias da temporada e garante eleg\u00e2ncia com seus detalhes imponentes. \u00c9 perfeita para carregar o essencial, e vai do look office ao passeio com muito estilo. Aposte sem medo!<\/p>\n<div style='text-align: center'><img src='https:\/\/secure-static.arezzo.com.br\/medias\/sys_master\/arezzo\/arezzo\/h28\/he6\/h00\/h00\/11241059254302\/HEADLESS-5001807050001U-01-BASEIMAGE-Thumbnail-Headless.jpg' style='max-height: 400px' \/><img src='https:\/\/secure-static.arezzo.com.br\/medias\/sys_master\/arezzo\/arezzo\/hcb\/hcf\/h00\/h00\/11241059385374\/HEADLESS-5001807050001U-01-BASEIMAGE-Midres-Headless.jpg' style='max-height: 400px' \/><img src='https:\/\/secure-static.arezzo.com.br\/medias\/sys_master\/arezzo\/arezzo\/hc8\/hae\/h00\/h00\/11241059975198\/HEADLESS-5001807050001U-03-BASEIMAGE-Hires-Headless.jpg' style='max-height: 400px' \/><\/div>\n<p>* Entre em contato por WhatsApp para verificar a disponibilidade do produto. Ref.: A5001807050001<\/p>\n","protected":false},"excerpt":{"rendered":"<p>Em estoque.<br \/><small>atualizado em 20\/12\/2023.<\/p>\n","protected":false},"featured_media":22248,"template":"","meta":[],"product_brand":[],"product_cat":[117],"product_tag":[],"class_list":{"0":"post-22249","1":"product","2":"type-product","3":"status-publish","4":"has-post-thumbnail","6":"product_cat-bolsas","8":"first","9":"instock","10":"shipping-taxable","11":"purchasable","12":"product-type-simple"},"_links":{"self":[{"href":"https:\/\/comprenowhats.com.br\/arezzoanaliafranco\/wp-json\/wp\/v2\/product\/22249","targetHints":{"allow":["GET"]}}],"collection":[{"href":"https:\/\/comprenowhats.com.br\/arezzoanaliafranco\/wp-json\/wp\/v2\/product"}],"about":[{"href":"https:\/\/comprenowhats.com.br\/arezzoanaliafranco\/wp-json\/wp\/v2\/types\/product"}],"wp:featuredmedia":[{"embeddable":true,"href":"https:\/\/comprenowhats.com.br\/arezzoanaliafranco\/wp-json\/wp\/v2\/media\/22248"}],"wp:attachment":[{"href":"https:\/\/comprenowhats.com.br\/arezzoanaliafranco\/wp-json\/wp\/v2\/media?parent=22249"}],"wp:term":[{"taxonomy":"product_brand","embeddable":true,"href":"https:\/\/comprenowhats.com.br\/arezzoanaliafranco\/wp-json\/wp\/v2\/product_brand?post=22249"},{"taxonomy":"product_cat","embeddable":true,"href":"https:\/\/comprenowhats.com.br\/arezzoanaliafranco\/wp-json\/wp\/v2\/product_cat?post=22249"},{"taxonomy":"product_tag","embeddable":true,"href":"https:\/\/comprenowhats.com.br\/arezzoanaliafranco\/wp-json\/wp\/v2\/product_tag?post=22249"}],"curies":[{"name":"wp","href":"https:\/\/api.w.org\/{rel}","templated":true}]}}