{"id":21971,"date":"2023-08-31T10:57:09","date_gmt":"2023-08-31T13:57:09","guid":{"rendered":"https:\/\/comprenowhats.com.br\/arezzoanaliafranco\/produto\/sapatilha-cinza-couro-bico-quadrado-detalhe\/"},"modified":"2023-12-20T13:29:43","modified_gmt":"2023-12-20T16:29:43","slug":"sapatilha-cinza-couro-bico-quadrado-detalhe","status":"publish","type":"product","link":"https:\/\/comprenowhats.com.br\/arezzoanaliafranco\/produto\/sapatilha-cinza-couro-bico-quadrado-detalhe\/","title":{"rendered":"Sapatilha Cinza Couro Bico Quadrado Detalhe"},"content":{"rendered":"<p>A cl\u00e1ssica sapatilha surge atualizada em couro puff, seguindo as tend\u00eancias da temporada. Pr\u00e1tica, confort\u00e1vel e elegante, \u00e9 perfeita para acompanhar a rotina com estilo!<\/p>\n<div style='text-align: center'><img src='https:\/\/secure-static.arezzo.com.br\/medias\/sys_master\/arezzo\/arezzo\/heb\/hd3\/h00\/h00\/11254705455134\/HEADLESS-1308400010003U-01-BASEIMAGE-Thumbnail-Headless.jpg' style='max-height: 400px' \/><img src='https:\/\/secure-static.arezzo.com.br\/medias\/sys_master\/arezzo\/arezzo\/h5d\/h9a\/h00\/h00\/11254705586206\/HEADLESS-1308400010003U-01-BASEIMAGE-Midres-Headless.jpg' style='max-height: 400px' \/><\/div>\n<p>* Entre em contato por WhatsApp para verificar a disponibilidade do produto. Ref.: A1308400010003<\/p>\n","protected":false},"excerpt":{"rendered":"<p>Estoque dispon\u00edvel nos tamanhos: ULTIMA_ESTACAO, 34, 37.<br \/><small>atualizado em 20\/12\/2023.<\/p>\n","protected":false},"featured_media":21970,"template":"","meta":[],"product_brand":[],"product_cat":[54],"product_tag":[42,45,628],"class_list":{"0":"post-21971","1":"product","2":"type-product","3":"status-publish","4":"has-post-thumbnail","6":"product_cat-sapatos","7":"product_tag-42","8":"product_tag-45","9":"product_tag-ultima_estacao","11":"first","12":"instock","13":"shipping-taxable","14":"purchasable","15":"product-type-simple"},"_links":{"self":[{"href":"https:\/\/comprenowhats.com.br\/arezzoanaliafranco\/wp-json\/wp\/v2\/product\/21971","targetHints":{"allow":["GET"]}}],"collection":[{"href":"https:\/\/comprenowhats.com.br\/arezzoanaliafranco\/wp-json\/wp\/v2\/product"}],"about":[{"href":"https:\/\/comprenowhats.com.br\/arezzoanaliafranco\/wp-json\/wp\/v2\/types\/product"}],"wp:featuredmedia":[{"embeddable":true,"href":"https:\/\/comprenowhats.com.br\/arezzoanaliafranco\/wp-json\/wp\/v2\/media\/21970"}],"wp:attachment":[{"href":"https:\/\/comprenowhats.com.br\/arezzoanaliafranco\/wp-json\/wp\/v2\/media?parent=21971"}],"wp:term":[{"taxonomy":"product_brand","embeddable":true,"href":"https:\/\/comprenowhats.com.br\/arezzoanaliafranco\/wp-json\/wp\/v2\/product_brand?post=21971"},{"taxonomy":"product_cat","embeddable":true,"href":"https:\/\/comprenowhats.com.br\/arezzoanaliafranco\/wp-json\/wp\/v2\/product_cat?post=21971"},{"taxonomy":"product_tag","embeddable":true,"href":"https:\/\/comprenowhats.com.br\/arezzoanaliafranco\/wp-json\/wp\/v2\/product_tag?post=21971"}],"curies":[{"name":"wp","href":"https:\/\/api.w.org\/{rel}","templated":true}]}}