{"id":21946,"date":"2023-08-31T10:56:45","date_gmt":"2023-08-31T13:56:45","guid":{"rendered":"https:\/\/comprenowhats.com.br\/arezzoanaliafranco\/produto\/loafer-prata-couro-salto-bloco-bridao-switch-com-troca-de-bridao\/"},"modified":"2023-12-20T13:29:34","modified_gmt":"2023-12-20T16:29:34","slug":"loafer-prata-couro-salto-bloco-bridao-switch-com-troca-de-bridao","status":"publish","type":"product","link":"https:\/\/comprenowhats.com.br\/arezzoanaliafranco\/produto\/loafer-prata-couro-salto-bloco-bridao-switch-com-troca-de-bridao\/","title":{"rendered":"Loafer Prata Couro Salto Bloco Brid\u00e3o Switch com Troca de Brid\u00e3o"},"content":{"rendered":"<p>O loafer \u00e9 garantia de muito conforto e estilo. Em vers\u00e3o com salto, traz ainda detalhe em brid\u00e3o met\u00e1lico e tira extra para trocar. Democr\u00e1tico, combina com as mais diversas pe\u00e7as e \u00e9 a op\u00e7\u00e3o perfeita para acompanhar a rotina.<\/p>\n<div style='text-align: center'><img src='https:\/\/secure-static.arezzo.com.br\/medias\/sys_master\/arezzo\/arezzo\/h93\/h87\/h00\/h00\/11240839315486\/HEADLESS-1307200010007U-01-BASEIMAGE-Thumbnail-Headless.jpg' style='max-height: 400px' \/><img src='https:\/\/secure-static.arezzo.com.br\/medias\/sys_master\/arezzo\/arezzo\/hb5\/he6\/h00\/h00\/11240839446558\/HEADLESS-1307200010007U-01-BASEIMAGE-Midres-Headless.jpg' style='max-height: 400px' \/><img src='https:\/\/secure-static.arezzo.com.br\/medias\/sys_master\/arezzo\/arezzo\/h50\/hdc\/h00\/h00\/11240839839774\/HEADLESS-1307200010007U-03-BASEIMAGE-Hires-Headless.jpg' style='max-height: 400px' \/><\/div>\n<p>* Entre em contato por WhatsApp para verificar a disponibilidade do produto. Ref.: A1307200010007<\/p>\n","protected":false},"excerpt":{"rendered":"<p>Estoque dispon\u00edvel nos tamanhos: ULTIMA_ESTACAO, 34, 37.<br \/><small>atualizado em 20\/12\/2023.<\/p>\n","protected":false},"featured_media":21945,"template":"","meta":[],"product_brand":[],"product_cat":[54],"product_tag":[42,45,628],"class_list":{"0":"post-21946","1":"product","2":"type-product","3":"status-publish","4":"has-post-thumbnail","6":"product_cat-sapatos","7":"product_tag-42","8":"product_tag-45","9":"product_tag-ultima_estacao","11":"first","12":"instock","13":"shipping-taxable","14":"purchasable","15":"product-type-simple"},"_links":{"self":[{"href":"https:\/\/comprenowhats.com.br\/arezzoanaliafranco\/wp-json\/wp\/v2\/product\/21946","targetHints":{"allow":["GET"]}}],"collection":[{"href":"https:\/\/comprenowhats.com.br\/arezzoanaliafranco\/wp-json\/wp\/v2\/product"}],"about":[{"href":"https:\/\/comprenowhats.com.br\/arezzoanaliafranco\/wp-json\/wp\/v2\/types\/product"}],"wp:featuredmedia":[{"embeddable":true,"href":"https:\/\/comprenowhats.com.br\/arezzoanaliafranco\/wp-json\/wp\/v2\/media\/21945"}],"wp:attachment":[{"href":"https:\/\/comprenowhats.com.br\/arezzoanaliafranco\/wp-json\/wp\/v2\/media?parent=21946"}],"wp:term":[{"taxonomy":"product_brand","embeddable":true,"href":"https:\/\/comprenowhats.com.br\/arezzoanaliafranco\/wp-json\/wp\/v2\/product_brand?post=21946"},{"taxonomy":"product_cat","embeddable":true,"href":"https:\/\/comprenowhats.com.br\/arezzoanaliafranco\/wp-json\/wp\/v2\/product_cat?post=21946"},{"taxonomy":"product_tag","embeddable":true,"href":"https:\/\/comprenowhats.com.br\/arezzoanaliafranco\/wp-json\/wp\/v2\/product_tag?post=21946"}],"curies":[{"name":"wp","href":"https:\/\/api.w.org\/{rel}","templated":true}]}}