{"id":21921,"date":"2023-08-31T10:56:21","date_gmt":"2023-08-31T13:56:21","guid":{"rendered":"https:\/\/comprenowhats.com.br\/arezzoanaliafranco\/produto\/sandalia-papete-branca-couro-flatform-pedraria\/"},"modified":"2023-12-20T13:29:17","modified_gmt":"2023-12-20T16:29:17","slug":"sandalia-papete-branca-couro-flatform-pedraria","status":"publish","type":"product","link":"https:\/\/comprenowhats.com.br\/arezzoanaliafranco\/produto\/sandalia-papete-branca-couro-flatform-pedraria\/","title":{"rendered":"Sand\u00e1lia Papete Branca Couro Flatform Pedraria"},"content":{"rendered":"<p>Urbana e descolada, a papete aposta na pe\u00e7a com pedrarias imponentes e na sola tratorada, garantindo um toque \u00fanico nos looks. Perfeita para quem busca conforto e muito estilo para o dia a dia!<\/p>\n<div style='text-align: center'><img src='https:\/\/secure-static.arezzo.com.br\/medias\/sys_master\/arezzo\/arezzo\/h99\/he0\/h00\/h00\/11254611869726\/HEADLESS-1306400010005U-01-BASEIMAGE-Midres-Headless.jpg' style='max-height: 400px' \/><img src='https:\/\/secure-static.arezzo.com.br\/medias\/sys_master\/arezzo\/arezzo\/he2\/h4e\/h00\/h00\/11254611738654\/HEADLESS-1306400010005U-01-BASEIMAGE-Thumbnail-Headless.jpg' style='max-height: 400px' \/><img src='https:\/\/secure-static.arezzo.com.br\/medias\/sys_master\/arezzo\/arezzo\/h99\/he0\/h00\/h00\/11254611869726\/HEADLESS-1306400010005U-01-BASEIMAGE-Midres-Headless.jpg' style='max-height: 400px' \/><img src='https:\/\/secure-static.arezzo.com.br\/medias\/sys_master\/arezzo\/arezzo\/h62\/h3d\/h00\/h00\/11254612262942\/HEADLESS-1306400010005U-03-BASEIMAGE-Hires-Headless.jpg' style='max-height: 400px' \/><img src='https:\/\/secure-static.arezzo.com.br\/medias\/sys_master\/arezzo\/arezzo\/hc3\/hbb\/h00\/h00\/11254612197406\/HEADLESS-1306400010005U-03-BASEIMAGE-Midres-Headless.jpg' style='max-height: 400px' \/><img src='https:\/\/secure-static.arezzo.com.br\/medias\/sys_master\/arezzo\/arezzo\/h84\/hb2\/h00\/h00\/11254612066334\/HEADLESS-1306400010005U-03-BASEIMAGE-Thumbnail-Headless.jpg' style='max-height: 400px' \/><img src='https:\/\/secure-static.arezzo.com.br\/medias\/sys_master\/arezzo\/arezzo\/hc3\/hbb\/h00\/h00\/11254612197406\/HEADLESS-1306400010005U-03-BASEIMAGE-Midres-Headless.jpg' style='max-height: 400px' \/><img src='https:\/\/secure-static.arezzo.com.br\/medias\/sys_master\/arezzo\/arezzo\/h1f\/hc5\/h00\/h00\/11254612787230\/HEADLESS-1306400010005U-04-BASEIMAGE-Hires-Headless.jpg' style='max-height: 400px' \/><img src='https:\/\/secure-static.arezzo.com.br\/medias\/sys_master\/arezzo\/arezzo\/h79\/haf\/h00\/h00\/11254612721694\/HEADLESS-1306400010005U-04-BASEIMAGE-Midres-Headless.jpg' style='max-height: 400px' \/><img src='https:\/\/secure-static.arezzo.com.br\/medias\/sys_master\/arezzo\/arezzo\/he5\/hfd\/h00\/h00\/11254612394014\/HEADLESS-1306400010005U-04-BASEIMAGE-Thumbnail-Headless.jpg' style='max-height: 400px' \/><img src='https:\/\/secure-static.arezzo.com.br\/medias\/sys_master\/arezzo\/arezzo\/h79\/haf\/h00\/h00\/11254612721694\/HEADLESS-1306400010005U-04-BASEIMAGE-Midres-Headless.jpg' style='max-height: 400px' \/><img src='https:\/\/secure-static.arezzo.com.br\/medias\/sys_master\/arezzo\/arezzo\/h36\/hce\/h00\/h00\/11254613114910\/HEADLESS-1306400010005U-05-BASEIMAGE-Hires-Headless.jpg' style='max-height: 400px' \/><img src='https:\/\/secure-static.arezzo.com.br\/medias\/sys_master\/arezzo\/arezzo\/h2a\/h08\/h00\/h00\/11254613049374\/HEADLESS-1306400010005U-05-BASEIMAGE-Midres-Headless.jpg' style='max-height: 400px' \/><img src='https:\/\/secure-static.arezzo.com.br\/medias\/sys_master\/arezzo\/arezzo\/hee\/h55\/h00\/h00\/11254612918302\/HEADLESS-1306400010005U-05-BASEIMAGE-Thumbnail-Headless.jpg' style='max-height: 400px' \/><img src='https:\/\/secure-static.arezzo.com.br\/medias\/sys_master\/arezzo\/arezzo\/h2a\/h08\/h00\/h00\/11254613049374\/HEADLESS-1306400010005U-05-BASEIMAGE-Midres-Headless.jpg' style='max-height: 400px' \/><img src='https:\/\/secure-static.arezzo.com.br\/medias\/sys_master\/arezzo\/arezzo\/h20\/hd6\/h00\/h00\/11254613442590\/HEADLESS-1306400010005U-06-BASEIMAGE-Hires-Headless.jpg' style='max-height: 400px' \/><img src='https:\/\/secure-static.arezzo.com.br\/medias\/sys_master\/arezzo\/arezzo\/hbf\/h57\/h00\/h00\/11254613377054\/HEADLESS-1306400010005U-06-BASEIMAGE-Midres-Headless.jpg' style='max-height: 400px' \/><img src='https:\/\/secure-static.arezzo.com.br\/medias\/sys_master\/arezzo\/arezzo\/hbd\/he7\/h00\/h00\/11254613245982\/HEADLESS-1306400010005U-06-BASEIMAGE-Thumbnail-Headless.jpg' style='max-height: 400px' \/><img src='https:\/\/secure-static.arezzo.com.br\/medias\/sys_master\/arezzo\/arezzo\/hbf\/h57\/h00\/h00\/11254613377054\/HEADLESS-1306400010005U-06-BASEIMAGE-Midres-Headless.jpg' style='max-height: 400px' \/><img src='https:\/\/secure-static.arezzo.com.br\/medias\/sys_master\/arezzo\/arezzo\/h49\/hda\/h00\/h00\/11254613770270\/HEADLESS-1306400010005U-07-BASEIMAGE-Hires-Headless.jpg' style='max-height: 400px' \/><img src='https:\/\/secure-static.arezzo.com.br\/medias\/sys_master\/arezzo\/arezzo\/hca\/h4c\/h00\/h00\/11254613704734\/HEADLESS-1306400010005U-07-BASEIMAGE-Midres-Headless.jpg' style='max-height: 400px' \/><img src='https:\/\/secure-static.arezzo.com.br\/medias\/sys_master\/arezzo\/arezzo\/h27\/h98\/h00\/h00\/11254613573662\/HEADLESS-1306400010005U-07-BASEIMAGE-Thumbnail-Headless.jpg' style='max-height: 400px' \/><img src='https:\/\/secure-static.arezzo.com.br\/medias\/sys_master\/arezzo\/arezzo\/hca\/h4c\/h00\/h00\/11254613704734\/HEADLESS-1306400010005U-07-BASEIMAGE-Midres-Headless.jpg' style='max-height: 400px' \/><\/div>\n<p>* Entre em contato por WhatsApp para verificar a disponibilidade do produto. Ref.: A1306400010005<\/p>\n","protected":false},"excerpt":{"rendered":"<p>Estoque dispon\u00edvel no tamanho: ULTIMA_ESTACAO.<br \/><small>atualizado em 20\/12\/2023.<\/p>\n","protected":false},"featured_media":21920,"template":"","meta":[],"product_brand":[],"product_cat":[54],"product_tag":[628],"class_list":{"0":"post-21921","1":"product","2":"type-product","3":"status-publish","4":"has-post-thumbnail","6":"product_cat-sapatos","7":"product_tag-ultima_estacao","9":"first","10":"instock","11":"shipping-taxable","12":"purchasable","13":"product-type-simple"},"_links":{"self":[{"href":"https:\/\/comprenowhats.com.br\/arezzoanaliafranco\/wp-json\/wp\/v2\/product\/21921","targetHints":{"allow":["GET"]}}],"collection":[{"href":"https:\/\/comprenowhats.com.br\/arezzoanaliafranco\/wp-json\/wp\/v2\/product"}],"about":[{"href":"https:\/\/comprenowhats.com.br\/arezzoanaliafranco\/wp-json\/wp\/v2\/types\/product"}],"wp:featuredmedia":[{"embeddable":true,"href":"https:\/\/comprenowhats.com.br\/arezzoanaliafranco\/wp-json\/wp\/v2\/media\/21920"}],"wp:attachment":[{"href":"https:\/\/comprenowhats.com.br\/arezzoanaliafranco\/wp-json\/wp\/v2\/media?parent=21921"}],"wp:term":[{"taxonomy":"product_brand","embeddable":true,"href":"https:\/\/comprenowhats.com.br\/arezzoanaliafranco\/wp-json\/wp\/v2\/product_brand?post=21921"},{"taxonomy":"product_cat","embeddable":true,"href":"https:\/\/comprenowhats.com.br\/arezzoanaliafranco\/wp-json\/wp\/v2\/product_cat?post=21921"},{"taxonomy":"product_tag","embeddable":true,"href":"https:\/\/comprenowhats.com.br\/arezzoanaliafranco\/wp-json\/wp\/v2\/product_tag?post=21921"}],"curies":[{"name":"wp","href":"https:\/\/api.w.org\/{rel}","templated":true}]}}