{"id":21463,"date":"2023-08-31T10:37:22","date_gmt":"2023-08-31T13:37:22","guid":{"rendered":"https:\/\/comprenowhats.com.br\/arezzoanaliafranco\/produto\/bota-marrom-couro-cano-longo-salto-bloco-montaria\/"},"modified":"2023-09-22T12:04:10","modified_gmt":"2023-09-22T15:04:10","slug":"bota-marrom-couro-cano-longo-salto-bloco-montaria","status":"publish","type":"product","link":"https:\/\/comprenowhats.com.br\/arezzoanaliafranco\/produto\/bota-marrom-couro-cano-longo-salto-bloco-montaria\/","title":{"rendered":"Bota Marrom Couro Cano Longo Salto Bloco Montaria"},"content":{"rendered":"<p>A bota montaria \u00e9 um cl\u00e1ssico que nunca sai de moda e o sapato ideal para se ter no guarda-roupa em qualquer esta\u00e7\u00e3o! Pr\u00e1tica de cal\u00e7ar, confort\u00e1vel, vers\u00e1til e perfeita para diferentes ocasi\u00f5es. Pode apostar sem erro!<\/p>\n<div style='text-align: center'><img src='https:\/\/secure-static.arezzo.com.br\/medias\/sys_master\/arezzo\/arezzo\/h47\/hc3\/h00\/h00\/11053190119454\/HEADLESS-1293300020002U-HO-BASEIMAGE-Midres-Headless.jpg' style='max-height: 400px' \/><img src='https:\/\/secure-static.arezzo.com.br\/medias\/sys_master\/arezzo\/arezzo\/h7c\/he4\/h00\/h00\/11053190053918\/HEADLESS-1293300020002U-HO-BASEIMAGE-Thumbnail-Headless.jpg' style='max-height: 400px' \/><img src='https:\/\/secure-static.arezzo.com.br\/medias\/sys_master\/arezzo\/arezzo\/h47\/hc3\/h00\/h00\/11053190119454\/HEADLESS-1293300020002U-HO-BASEIMAGE-Midres-Headless.jpg' style='max-height: 400px' \/><img src='https:\/\/secure-static.arezzo.com.br\/medias\/sys_master\/arezzo\/arezzo\/h95\/h20\/h00\/h00\/10963151978526\/HEADLESS-1293300020002U-01-BASEIMAGE-Hires-Headless.jpg' style='max-height: 400px' \/><img src='https:\/\/secure-static.arezzo.com.br\/medias\/sys_master\/arezzo\/arezzo\/heb\/h33\/h00\/h00\/10963151912990\/HEADLESS-1293300020002U-01-BASEIMAGE-Midres-Headless.jpg' style='max-height: 400px' \/><img src='https:\/\/secure-static.arezzo.com.br\/medias\/sys_master\/arezzo\/arezzo\/h81\/hd3\/h00\/h00\/10963151781918\/HEADLESS-1293300020002U-01-BASEIMAGE-Thumbnail-Headless.jpg' style='max-height: 400px' \/><img src='https:\/\/secure-static.arezzo.com.br\/medias\/sys_master\/arezzo\/arezzo\/heb\/h33\/h00\/h00\/10963151912990\/HEADLESS-1293300020002U-01-BASEIMAGE-Midres-Headless.jpg' style='max-height: 400px' \/><img src='https:\/\/secure-static.arezzo.com.br\/medias\/sys_master\/arezzo\/arezzo\/h47\/h96\/h00\/h00\/10963152306206\/HEADLESS-1293300020002U-03-BASEIMAGE-Hires-Headless.jpg' style='max-height: 400px' \/><img src='https:\/\/secure-static.arezzo.com.br\/medias\/sys_master\/arezzo\/arezzo\/hb6\/h2f\/h00\/h00\/10963152240670\/HEADLESS-1293300020002U-03-BASEIMAGE-Midres-Headless.jpg' style='max-height: 400px' \/><img src='https:\/\/secure-static.arezzo.com.br\/medias\/sys_master\/arezzo\/arezzo\/hbd\/h90\/h00\/h00\/10963152109598\/HEADLESS-1293300020002U-03-BASEIMAGE-Thumbnail-Headless.jpg' style='max-height: 400px' \/><img src='https:\/\/secure-static.arezzo.com.br\/medias\/sys_master\/arezzo\/arezzo\/hb6\/h2f\/h00\/h00\/10963152240670\/HEADLESS-1293300020002U-03-BASEIMAGE-Midres-Headless.jpg' style='max-height: 400px' \/><img src='https:\/\/secure-static.arezzo.com.br\/medias\/sys_master\/arezzo\/arezzo\/h93\/h0f\/h00\/h00\/10963152633886\/HEADLESS-1293300020002U-04-BASEIMAGE-Hires-Headless.jpg' style='max-height: 400px' \/><img src='https:\/\/secure-static.arezzo.com.br\/medias\/sys_master\/arezzo\/arezzo\/ha4\/h8b\/h00\/h00\/10963152568350\/HEADLESS-1293300020002U-04-BASEIMAGE-Midres-Headless.jpg' style='max-height: 400px' \/><img src='https:\/\/secure-static.arezzo.com.br\/medias\/sys_master\/arezzo\/arezzo\/h53\/he0\/h00\/h00\/10963152437278\/HEADLESS-1293300020002U-04-BASEIMAGE-Thumbnail-Headless.jpg' style='max-height: 400px' \/><img src='https:\/\/secure-static.arezzo.com.br\/medias\/sys_master\/arezzo\/arezzo\/ha4\/h8b\/h00\/h00\/10963152568350\/HEADLESS-1293300020002U-04-BASEIMAGE-Midres-Headless.jpg' style='max-height: 400px' \/><img src='https:\/\/secure-static.arezzo.com.br\/medias\/sys_master\/arezzo\/arezzo\/h01\/h40\/h00\/h00\/10963152961566\/HEADLESS-1293300020002U-05-BASEIMAGE-Hires-Headless.jpg' style='max-height: 400px' \/><img src='https:\/\/secure-static.arezzo.com.br\/medias\/sys_master\/arezzo\/arezzo\/h0f\/h3c\/h00\/h00\/10963152896030\/HEADLESS-1293300020002U-05-BASEIMAGE-Midres-Headless.jpg' style='max-height: 400px' \/><img src='https:\/\/secure-static.arezzo.com.br\/medias\/sys_master\/arezzo\/arezzo\/h23\/h82\/h00\/h00\/10963152764958\/HEADLESS-1293300020002U-05-BASEIMAGE-Thumbnail-Headless.jpg' style='max-height: 400px' \/><img src='https:\/\/secure-static.arezzo.com.br\/medias\/sys_master\/arezzo\/arezzo\/h0f\/h3c\/h00\/h00\/10963152896030\/HEADLESS-1293300020002U-05-BASEIMAGE-Midres-Headless.jpg' style='max-height: 400px' \/><img src='https:\/\/secure-static.arezzo.com.br\/medias\/sys_master\/arezzo\/arezzo\/h4d\/h67\/h00\/h00\/10963153289246\/HEADLESS-1293300020002U-06-BASEIMAGE-Hires-Headless.jpg' style='max-height: 400px' \/><img src='https:\/\/secure-static.arezzo.com.br\/medias\/sys_master\/arezzo\/arezzo\/hf8\/h32\/h00\/h00\/10963153223710\/HEADLESS-1293300020002U-06-BASEIMAGE-Midres-Headless.jpg' style='max-height: 400px' \/><img src='https:\/\/secure-static.arezzo.com.br\/medias\/sys_master\/arezzo\/arezzo\/hc5\/he5\/h00\/h00\/10963153092638\/HEADLESS-1293300020002U-06-BASEIMAGE-Thumbnail-Headless.jpg' style='max-height: 400px' \/><img src='https:\/\/secure-static.arezzo.com.br\/medias\/sys_master\/arezzo\/arezzo\/hf8\/h32\/h00\/h00\/10963153223710\/HEADLESS-1293300020002U-06-BASEIMAGE-Midres-Headless.jpg' style='max-height: 400px' \/><\/div>\n<p>* Entre em contato por WhatsApp para verificar a disponibilidade do produto. Ref.: A1293300020002<\/p>\n","protected":false},"excerpt":{"rendered":"<p>Estoque dispon\u00edvel nos tamanhos: ULTIMA_ESTACAO, 34, 35, 36, 38.<br \/><small>atualizado em 22\/09\/2023.<\/p>\n","protected":false},"featured_media":21462,"template":"","meta":[],"product_brand":[],"product_cat":[54],"product_tag":[42,43,44,46,628],"class_list":{"0":"post-21463","1":"product","2":"type-product","3":"status-publish","4":"has-post-thumbnail","6":"product_cat-sapatos","7":"product_tag-42","8":"product_tag-43","9":"product_tag-44","10":"product_tag-46","11":"product_tag-ultima_estacao","13":"first","14":"instock","15":"shipping-taxable","16":"purchasable","17":"product-type-simple"},"_links":{"self":[{"href":"https:\/\/comprenowhats.com.br\/arezzoanaliafranco\/wp-json\/wp\/v2\/product\/21463","targetHints":{"allow":["GET"]}}],"collection":[{"href":"https:\/\/comprenowhats.com.br\/arezzoanaliafranco\/wp-json\/wp\/v2\/product"}],"about":[{"href":"https:\/\/comprenowhats.com.br\/arezzoanaliafranco\/wp-json\/wp\/v2\/types\/product"}],"wp:featuredmedia":[{"embeddable":true,"href":"https:\/\/comprenowhats.com.br\/arezzoanaliafranco\/wp-json\/wp\/v2\/media\/21462"}],"wp:attachment":[{"href":"https:\/\/comprenowhats.com.br\/arezzoanaliafranco\/wp-json\/wp\/v2\/media?parent=21463"}],"wp:term":[{"taxonomy":"product_brand","embeddable":true,"href":"https:\/\/comprenowhats.com.br\/arezzoanaliafranco\/wp-json\/wp\/v2\/product_brand?post=21463"},{"taxonomy":"product_cat","embeddable":true,"href":"https:\/\/comprenowhats.com.br\/arezzoanaliafranco\/wp-json\/wp\/v2\/product_cat?post=21463"},{"taxonomy":"product_tag","embeddable":true,"href":"https:\/\/comprenowhats.com.br\/arezzoanaliafranco\/wp-json\/wp\/v2\/product_tag?post=21463"}],"curies":[{"name":"wp","href":"https:\/\/api.w.org\/{rel}","templated":true}]}}