{"id":21439,"date":"2023-08-31T10:36:42","date_gmt":"2023-08-31T13:36:42","guid":{"rendered":"https:\/\/comprenowhats.com.br\/arezzoanaliafranco\/produto\/coturno-off-white-couro-cano-medio-matelasse\/"},"modified":"2023-09-22T12:02:02","modified_gmt":"2023-09-22T15:02:02","slug":"coturno-off-white-couro-cano-medio-matelasse","status":"publish","type":"product","link":"https:\/\/comprenowhats.com.br\/arezzoanaliafranco\/produto\/coturno-off-white-couro-cano-medio-matelasse\/","title":{"rendered":"Coturno Off-White Couro Cano M\u00e9dio Matelass\u00ea"},"content":{"rendered":"<p>O coturno \u00e9 um cl\u00e1ssico e item essencial da temporada! Em matelass\u00ea e com detalhe em corrente, \u00e9 garantia de muito conforto e estilo, dando match descolado e urbano com as mais diversas pe\u00e7as.<\/p>\n<div style='text-align: center'><img src='https:\/\/secure-static.arezzo.com.br\/medias\/sys_master\/arezzo\/arezzo\/he3\/h06\/h00\/h00\/11053148471326\/HEADLESS-1229800090001U-HO-BASEIMAGE-Midres-Headless.jpg' style='max-height: 400px' \/><img src='https:\/\/secure-static.arezzo.com.br\/medias\/sys_master\/arezzo\/arezzo\/hd4\/hda\/h00\/h00\/11053148405790\/HEADLESS-1229800090001U-HO-BASEIMAGE-Thumbnail-Headless.jpg' style='max-height: 400px' \/><img src='https:\/\/secure-static.arezzo.com.br\/medias\/sys_master\/arezzo\/arezzo\/he3\/h06\/h00\/h00\/11053148471326\/HEADLESS-1229800090001U-HO-BASEIMAGE-Midres-Headless.jpg' style='max-height: 400px' \/><img src='https:\/\/secure-static.arezzo.com.br\/medias\/sys_master\/arezzo\/arezzo\/h64\/h4c\/h00\/h00\/11079809990686\/HEADLESS-1229800090001U-01-BASEIMAGE-Hires-Headless.jpg' style='max-height: 400px' \/><img src='https:\/\/secure-static.arezzo.com.br\/medias\/sys_master\/arezzo\/arezzo\/h4a\/h7e\/h00\/h00\/11079809957918\/HEADLESS-1229800090001U-01-BASEIMAGE-Midres-Headless.jpg' style='max-height: 400px' \/><img src='https:\/\/secure-static.arezzo.com.br\/medias\/sys_master\/arezzo\/arezzo\/h7f\/hc5\/h00\/h00\/11079809892382\/HEADLESS-1229800090001U-01-BASEIMAGE-Thumbnail-Headless.jpg' style='max-height: 400px' \/><img src='https:\/\/secure-static.arezzo.com.br\/medias\/sys_master\/arezzo\/arezzo\/h4a\/h7e\/h00\/h00\/11079809957918\/HEADLESS-1229800090001U-01-BASEIMAGE-Midres-Headless.jpg' style='max-height: 400px' \/><img src='https:\/\/secure-static.arezzo.com.br\/medias\/sys_master\/arezzo\/arezzo\/h1d\/h7f\/h00\/h00\/11079810187294\/HEADLESS-1229800090001U-03-BASEIMAGE-Hires-Headless.jpg' style='max-height: 400px' \/><img src='https:\/\/secure-static.arezzo.com.br\/medias\/sys_master\/arezzo\/arezzo\/hba\/hbd\/h00\/h00\/11079810154526\/HEADLESS-1229800090001U-03-BASEIMAGE-Midres-Headless.jpg' style='max-height: 400px' \/><img src='https:\/\/secure-static.arezzo.com.br\/medias\/sys_master\/arezzo\/arezzo\/hc7\/hb3\/h00\/h00\/11079810088990\/HEADLESS-1229800090001U-03-BASEIMAGE-Thumbnail-Headless.jpg' style='max-height: 400px' \/><img src='https:\/\/secure-static.arezzo.com.br\/medias\/sys_master\/arezzo\/arezzo\/hba\/hbd\/h00\/h00\/11079810154526\/HEADLESS-1229800090001U-03-BASEIMAGE-Midres-Headless.jpg' style='max-height: 400px' \/><img src='https:\/\/secure-static.arezzo.com.br\/medias\/sys_master\/arezzo\/arezzo\/ha6\/hd8\/h00\/h00\/11079810383902\/HEADLESS-1229800090001U-04-BASEIMAGE-Hires-Headless.jpg' style='max-height: 400px' \/><img src='https:\/\/secure-static.arezzo.com.br\/medias\/sys_master\/arezzo\/arezzo\/h99\/h7b\/h00\/h00\/11079810351134\/HEADLESS-1229800090001U-04-BASEIMAGE-Midres-Headless.jpg' style='max-height: 400px' \/><img src='https:\/\/secure-static.arezzo.com.br\/medias\/sys_master\/arezzo\/arezzo\/h38\/hf8\/h00\/h00\/11079810285598\/HEADLESS-1229800090001U-04-BASEIMAGE-Thumbnail-Headless.jpg' style='max-height: 400px' \/><img src='https:\/\/secure-static.arezzo.com.br\/medias\/sys_master\/arezzo\/arezzo\/h99\/h7b\/h00\/h00\/11079810351134\/HEADLESS-1229800090001U-04-BASEIMAGE-Midres-Headless.jpg' style='max-height: 400px' \/><img src='https:\/\/secure-static.arezzo.com.br\/medias\/sys_master\/arezzo\/arezzo\/h84\/h96\/h00\/h00\/11079810580510\/HEADLESS-1229800090001U-05-BASEIMAGE-Hires-Headless.jpg' style='max-height: 400px' \/><img src='https:\/\/secure-static.arezzo.com.br\/medias\/sys_master\/arezzo\/arezzo\/hc0\/h80\/h00\/h00\/11079810547742\/HEADLESS-1229800090001U-05-BASEIMAGE-Midres-Headless.jpg' style='max-height: 400px' \/><img src='https:\/\/secure-static.arezzo.com.br\/medias\/sys_master\/arezzo\/arezzo\/haf\/hf2\/h00\/h00\/11079810482206\/HEADLESS-1229800090001U-05-BASEIMAGE-Thumbnail-Headless.jpg' style='max-height: 400px' \/><img src='https:\/\/secure-static.arezzo.com.br\/medias\/sys_master\/arezzo\/arezzo\/hc0\/h80\/h00\/h00\/11079810547742\/HEADLESS-1229800090001U-05-BASEIMAGE-Midres-Headless.jpg' style='max-height: 400px' \/><img src='https:\/\/secure-static.arezzo.com.br\/medias\/sys_master\/arezzo\/arezzo\/h3a\/h57\/h00\/h00\/11079810973726\/HEADLESS-1229800090001U-06-BASEIMAGE-Hires-Headless.jpg' style='max-height: 400px' \/><img src='https:\/\/secure-static.arezzo.com.br\/medias\/sys_master\/arezzo\/arezzo\/h56\/hd0\/h00\/h00\/11079810875422\/HEADLESS-1229800090001U-06-BASEIMAGE-Midres-Headless.jpg' style='max-height: 400px' \/><img src='https:\/\/secure-static.arezzo.com.br\/medias\/sys_master\/arezzo\/arezzo\/h88\/hed\/h00\/h00\/11079810678814\/HEADLESS-1229800090001U-06-BASEIMAGE-Thumbnail-Headless.jpg' style='max-height: 400px' \/><img src='https:\/\/secure-static.arezzo.com.br\/medias\/sys_master\/arezzo\/arezzo\/h56\/hd0\/h00\/h00\/11079810875422\/HEADLESS-1229800090001U-06-BASEIMAGE-Midres-Headless.jpg' style='max-height: 400px' \/><\/div>\n<p>* Entre em contato por WhatsApp para verificar a disponibilidade do produto. Ref.: A1229800090001<\/p>\n","protected":false},"excerpt":{"rendered":"<p>Estoque dispon\u00edvel nos tamanhos: ULTIMA_ESTACAO, 34, 36, 37, 38, 39.<br \/><small>atualizado em 22\/09\/2023.<\/p>\n","protected":false},"featured_media":21438,"template":"","meta":[],"product_brand":[],"product_cat":[54],"product_tag":[42,44,45,46,47,628],"class_list":{"0":"post-21439","1":"product","2":"type-product","3":"status-publish","4":"has-post-thumbnail","6":"product_cat-sapatos","7":"product_tag-42","8":"product_tag-44","9":"product_tag-45","10":"product_tag-46","11":"product_tag-47","12":"product_tag-ultima_estacao","14":"first","15":"instock","16":"shipping-taxable","17":"purchasable","18":"product-type-simple"},"_links":{"self":[{"href":"https:\/\/comprenowhats.com.br\/arezzoanaliafranco\/wp-json\/wp\/v2\/product\/21439","targetHints":{"allow":["GET"]}}],"collection":[{"href":"https:\/\/comprenowhats.com.br\/arezzoanaliafranco\/wp-json\/wp\/v2\/product"}],"about":[{"href":"https:\/\/comprenowhats.com.br\/arezzoanaliafranco\/wp-json\/wp\/v2\/types\/product"}],"wp:featuredmedia":[{"embeddable":true,"href":"https:\/\/comprenowhats.com.br\/arezzoanaliafranco\/wp-json\/wp\/v2\/media\/21438"}],"wp:attachment":[{"href":"https:\/\/comprenowhats.com.br\/arezzoanaliafranco\/wp-json\/wp\/v2\/media?parent=21439"}],"wp:term":[{"taxonomy":"product_brand","embeddable":true,"href":"https:\/\/comprenowhats.com.br\/arezzoanaliafranco\/wp-json\/wp\/v2\/product_brand?post=21439"},{"taxonomy":"product_cat","embeddable":true,"href":"https:\/\/comprenowhats.com.br\/arezzoanaliafranco\/wp-json\/wp\/v2\/product_cat?post=21439"},{"taxonomy":"product_tag","embeddable":true,"href":"https:\/\/comprenowhats.com.br\/arezzoanaliafranco\/wp-json\/wp\/v2\/product_tag?post=21439"}],"curies":[{"name":"wp","href":"https:\/\/api.w.org\/{rel}","templated":true}]}}