{"id":21429,"date":"2023-08-31T10:36:22","date_gmt":"2023-08-31T13:36:22","guid":{"rendered":"https:\/\/comprenowhats.com.br\/arezzoanaliafranco\/produto\/sapatilha-boneca-preta-couro-bico-quadrado-strass\/"},"modified":"2023-12-20T13:24:20","modified_gmt":"2023-12-20T16:24:20","slug":"sapatilha-boneca-preta-couro-bico-quadrado-strass","status":"publish","type":"product","link":"https:\/\/comprenowhats.com.br\/arezzoanaliafranco\/produto\/sapatilha-boneca-preta-couro-bico-quadrado-strass\/","title":{"rendered":"Sapatilha Boneca Preta Couro Bico Quadrado Strass"},"content":{"rendered":"<p>A sapatilha boneca \u00e9 ideal para quem busca conforto e um toque trendy nas produ\u00e7\u00f5es. O modelo surge com detalhes charmosos e \u00e9 perfeito tanto para looks office como de passeio.<\/p>\n<div style='text-align: center'><img src='https:\/\/secure-static.arezzo.com.br\/medias\/sys_master\/arezzo\/arezzo\/ha1\/had\/h00\/h00\/11154634047518\/HEADLESS-1152500140001U-01-BASEIMAGE-Thumbnail-Headless.jpg' style='max-height: 400px' \/><img src='https:\/\/secure-static.arezzo.com.br\/medias\/sys_master\/arezzo\/arezzo\/h38\/h26\/h00\/h00\/11154634113054\/HEADLESS-1152500140001U-01-BASEIMAGE-Midres-Headless.jpg' style='max-height: 400px' \/><img src='https:\/\/secure-static.arezzo.com.br\/medias\/sys_master\/arezzo\/arezzo\/h4c\/h0b\/h00\/h00\/11154634342430\/HEADLESS-1152500140001U-03-BASEIMAGE-Hires-Headless.jpg' style='max-height: 400px' \/><\/div>\n<p>* Entre em contato por WhatsApp para verificar a disponibilidade do produto. Ref.: A1152500140001<\/p>\n","protected":false},"excerpt":{"rendered":"<p>Estoque dispon\u00edvel nos tamanhos: ULTIMA_ESTACAO, 37.<br \/><small>atualizado em 20\/12\/2023.<\/p>\n","protected":false},"featured_media":21428,"template":"","meta":[],"product_brand":[],"product_cat":[652],"product_tag":[45,628],"class_list":{"0":"post-21429","1":"product","2":"type-product","3":"status-publish","4":"has-post-thumbnail","6":"product_cat-sapatilha-boneca-preta-couro-bico-quadrado-strass","7":"product_tag-45","8":"product_tag-ultima_estacao","10":"first","11":"instock","12":"shipping-taxable","13":"purchasable","14":"product-type-simple"},"_links":{"self":[{"href":"https:\/\/comprenowhats.com.br\/arezzoanaliafranco\/wp-json\/wp\/v2\/product\/21429","targetHints":{"allow":["GET"]}}],"collection":[{"href":"https:\/\/comprenowhats.com.br\/arezzoanaliafranco\/wp-json\/wp\/v2\/product"}],"about":[{"href":"https:\/\/comprenowhats.com.br\/arezzoanaliafranco\/wp-json\/wp\/v2\/types\/product"}],"wp:featuredmedia":[{"embeddable":true,"href":"https:\/\/comprenowhats.com.br\/arezzoanaliafranco\/wp-json\/wp\/v2\/media\/21428"}],"wp:attachment":[{"href":"https:\/\/comprenowhats.com.br\/arezzoanaliafranco\/wp-json\/wp\/v2\/media?parent=21429"}],"wp:term":[{"taxonomy":"product_brand","embeddable":true,"href":"https:\/\/comprenowhats.com.br\/arezzoanaliafranco\/wp-json\/wp\/v2\/product_brand?post=21429"},{"taxonomy":"product_cat","embeddable":true,"href":"https:\/\/comprenowhats.com.br\/arezzoanaliafranco\/wp-json\/wp\/v2\/product_cat?post=21429"},{"taxonomy":"product_tag","embeddable":true,"href":"https:\/\/comprenowhats.com.br\/arezzoanaliafranco\/wp-json\/wp\/v2\/product_tag?post=21429"}],"curies":[{"name":"wp","href":"https:\/\/api.w.org\/{rel}","templated":true}]}}