{"id":21382,"date":"2023-08-30T17:11:00","date_gmt":"2023-08-30T20:11:00","guid":{"rendered":"https:\/\/comprenowhats.com.br\/arezzoanaliafranco\/produto\/sapatilha-preta-couro-bico-fino-lao-city-arezzo\/"},"modified":"2023-12-20T13:25:14","modified_gmt":"2023-12-20T16:25:14","slug":"sapatilha-preta-couro-bico-fino-lao-city-arezzo","status":"publish","type":"product","link":"https:\/\/comprenowhats.com.br\/arezzoanaliafranco\/produto\/sapatilha-preta-couro-bico-fino-lao-city-arezzo\/","title":{"rendered":"Sapatilha Preta Couro Bico Fino La&ccedil;o City | Arezzo"},"content":{"rendered":"<p class=\"ty-message\">Sapatilha preta de couro. O modelo tem salto rasteiro e bico fino. Traz cabedal liso e recorte em V sobre o peito do p\u00e9. Fechada, possui ainda aplica\u00e7\u00e3o de la\u00e7o pequeno com ponteiras met\u00e1licas no cabedal. Com palmilha da cor do modelo e inscri\u00e7\u00e3o do nome da marca, a sapatilha exibe todo o peito do p\u00e9. <\/p>\n<p><b>Porque Apostar<\/b><\/br><\/br> O sapato para todo e qualquer compromisso da rotina! A sapatilha possui um design b\u00e1sico e minimalista e surge em um tom neutro super vers\u00e1til, inserindo um toque charmoso nos looks. Perfeita para quem busca praticidade e conforto, vai do office ao passeio e combina com os mais variados estilos e ocasi\u00f5es.<\/p>\n<div style='text-align: center'><img src='https:\/\/secure-static.arezzo.com.br\/medias\/sys_master\/arezzo\/arezzo\/hde\/ha2\/h00\/h00\/10647135846430\/HEADLESS-1190600900004U-03-BASEIMAGE-Hires-Headless.jpg' style='max-height: 400px' \/><img src='https:\/\/secure-static.arezzo.com.br\/medias\/sys_master\/arezzo\/arezzo\/h3c\/h3f\/h00\/h00\/10647136174110\/HEADLESS-1190600900004U-04-BASEIMAGE-Hires-Headless.jpg' style='max-height: 400px' \/><img src='https:\/\/secure-static.arezzo.com.br\/medias\/sys_master\/arezzo\/arezzo\/hdd\/h91\/h00\/h00\/10647136501790\/HEADLESS-1190600900004U-05-BASEIMAGE-Hires-Headless.jpg' style='max-height: 400px' \/><\/div>\n<p>* Entre em contato por WhatsApp para verificar a disponibilidade do produto. Ref.: A1190600900004<\/p>\n","protected":false},"excerpt":{"rendered":"<p>Estoque dispon\u00edvel nos tamanhos: ULTIMA_ESTACAO, 37, 38, 39.<br \/><small>atualizado em 20\/12\/2023.<\/p>\n","protected":false},"featured_media":21381,"template":"","meta":[],"product_brand":[],"product_cat":[86],"product_tag":[45,46,47,628],"class_list":{"0":"post-21382","1":"product","2":"type-product","3":"status-publish","4":"has-post-thumbnail","6":"product_cat-sapatilhas","7":"product_tag-45","8":"product_tag-46","9":"product_tag-47","10":"product_tag-ultima_estacao","12":"first","13":"instock","14":"shipping-taxable","15":"purchasable","16":"product-type-simple"},"_links":{"self":[{"href":"https:\/\/comprenowhats.com.br\/arezzoanaliafranco\/wp-json\/wp\/v2\/product\/21382","targetHints":{"allow":["GET"]}}],"collection":[{"href":"https:\/\/comprenowhats.com.br\/arezzoanaliafranco\/wp-json\/wp\/v2\/product"}],"about":[{"href":"https:\/\/comprenowhats.com.br\/arezzoanaliafranco\/wp-json\/wp\/v2\/types\/product"}],"wp:featuredmedia":[{"embeddable":true,"href":"https:\/\/comprenowhats.com.br\/arezzoanaliafranco\/wp-json\/wp\/v2\/media\/21381"}],"wp:attachment":[{"href":"https:\/\/comprenowhats.com.br\/arezzoanaliafranco\/wp-json\/wp\/v2\/media?parent=21382"}],"wp:term":[{"taxonomy":"product_brand","embeddable":true,"href":"https:\/\/comprenowhats.com.br\/arezzoanaliafranco\/wp-json\/wp\/v2\/product_brand?post=21382"},{"taxonomy":"product_cat","embeddable":true,"href":"https:\/\/comprenowhats.com.br\/arezzoanaliafranco\/wp-json\/wp\/v2\/product_cat?post=21382"},{"taxonomy":"product_tag","embeddable":true,"href":"https:\/\/comprenowhats.com.br\/arezzoanaliafranco\/wp-json\/wp\/v2\/product_tag?post=21382"}],"curies":[{"name":"wp","href":"https:\/\/api.w.org\/{rel}","templated":true}]}}