{"id":21380,"date":"2023-08-30T17:10:56","date_gmt":"2023-08-30T20:10:56","guid":{"rendered":"https:\/\/comprenowhats.com.br\/arezzoanaliafranco\/produto\/scarpin-bege-couro-salto-mdio-fino-lao-arezzo\/"},"modified":"2023-12-20T13:25:11","modified_gmt":"2023-12-20T16:25:11","slug":"scarpin-bege-couro-salto-mdio-fino-lao-arezzo","status":"publish","type":"product","link":"https:\/\/comprenowhats.com.br\/arezzoanaliafranco\/produto\/scarpin-bege-couro-salto-mdio-fino-lao-arezzo\/","title":{"rendered":"Scarpin Bege Couro Salto M&eacute;dio Fino La&ccedil;o | Arezzo"},"content":{"rendered":"<p class=\"ty-message\">Scarpin bege nude de couro. O modelo tem salto m\u00e9dio fino e bico fino. Fechado, traz cabedal com recorte em V sobre o peito do p\u00e9 e formato ajustado nas laterais. Possui ainda aplica\u00e7\u00e3o de la\u00e7o pequeno no cabedal. Com palmilha bege e inscri\u00e7\u00e3o do nome da marca, exibe todo o peito do p\u00e9. <\/p>\n<p><b>Porque Apostar<\/b><\/br><\/br> O scarpin de bico fino \u00e9 um cl\u00e1ssico, que combina com os mais variados estilos e ocasi\u00f5es e \u00e9 aquele item atemporal para se ter sempre no guarda-roupa! Vers\u00e1til, surge em tom neutro e \u00e9 garantia de conforto. Perfeito para o office ou um passeio, o scarpin comp\u00f5e looks elegantes e pode ser usado junto de jeans, alfaiataria, vestido, saia e o que mais desejar!<\/p>\n<div style='text-align: center'><img src='https:\/\/secure-static.arezzo.com.br\/medias\/sys_master\/arezzo\/arezzo\/hcc\/h62\/h00\/h00\/10694163169310\/HEADLESS-1190400600005U-03-BASEIMAGE-Hires-Headless.jpg' style='max-height: 400px' \/><img src='https:\/\/secure-static.arezzo.com.br\/medias\/sys_master\/arezzo\/arezzo\/h1f\/h9b\/h00\/h00\/10694161530910\/HEADLESS-1190400600005U-04-BASEIMAGE-Hires-Headless.jpg' style='max-height: 400px' \/><img src='https:\/\/secure-static.arezzo.com.br\/medias\/sys_master\/arezzo\/arezzo\/he4\/hf5\/h00\/h00\/10694162841630\/HEADLESS-1190400600005U-05-BASEIMAGE-Hires-Headless.jpg' style='max-height: 400px' \/><\/div>\n<p>* Entre em contato por WhatsApp para verificar a disponibilidade do produto. Ref.: A1190400600005<\/p>\n","protected":false},"excerpt":{"rendered":"<p>Estoque dispon\u00edvel nos tamanhos: ULTIMA_ESTACAO, 35, 37.<br \/><small>atualizado em 20\/12\/2023.<\/p>\n","protected":false},"featured_media":21379,"template":"","meta":[],"product_brand":[],"product_cat":[56],"product_tag":[43,45,628],"class_list":{"0":"post-21380","1":"product","2":"type-product","3":"status-publish","4":"has-post-thumbnail","6":"product_cat-sandalias","7":"product_tag-43","8":"product_tag-45","9":"product_tag-ultima_estacao","11":"first","12":"instock","13":"shipping-taxable","14":"purchasable","15":"product-type-simple"},"_links":{"self":[{"href":"https:\/\/comprenowhats.com.br\/arezzoanaliafranco\/wp-json\/wp\/v2\/product\/21380","targetHints":{"allow":["GET"]}}],"collection":[{"href":"https:\/\/comprenowhats.com.br\/arezzoanaliafranco\/wp-json\/wp\/v2\/product"}],"about":[{"href":"https:\/\/comprenowhats.com.br\/arezzoanaliafranco\/wp-json\/wp\/v2\/types\/product"}],"wp:featuredmedia":[{"embeddable":true,"href":"https:\/\/comprenowhats.com.br\/arezzoanaliafranco\/wp-json\/wp\/v2\/media\/21379"}],"wp:attachment":[{"href":"https:\/\/comprenowhats.com.br\/arezzoanaliafranco\/wp-json\/wp\/v2\/media?parent=21380"}],"wp:term":[{"taxonomy":"product_brand","embeddable":true,"href":"https:\/\/comprenowhats.com.br\/arezzoanaliafranco\/wp-json\/wp\/v2\/product_brand?post=21380"},{"taxonomy":"product_cat","embeddable":true,"href":"https:\/\/comprenowhats.com.br\/arezzoanaliafranco\/wp-json\/wp\/v2\/product_cat?post=21380"},{"taxonomy":"product_tag","embeddable":true,"href":"https:\/\/comprenowhats.com.br\/arezzoanaliafranco\/wp-json\/wp\/v2\/product_tag?post=21380"}],"curies":[{"name":"wp","href":"https:\/\/api.w.org\/{rel}","templated":true}]}}