{"id":21316,"date":"2023-06-06T12:45:06","date_gmt":"2023-06-06T15:45:06","guid":{"rendered":"https:\/\/comprenowhats.com.br\/arezzoanaliafranco\/produto\/bolsa-tote-preta-couro-wave-abraccio-grande\/"},"modified":"2023-12-20T13:31:29","modified_gmt":"2023-12-20T16:31:29","slug":"bolsa-tote-preta-couro-wave-abraccio-grande","status":"publish","type":"product","link":"https:\/\/comprenowhats.com.br\/arezzoanaliafranco\/produto\/bolsa-tote-preta-couro-wave-abraccio-grande\/","title":{"rendered":"Bolsa Tote Preta Couro Wave Abraccio Grande"},"content":{"rendered":"<p>A bolsa \u00e9 charmosa e insere um toque singular no visual. Elegante e espa\u00e7osa, \u00e9 perfeita para acompanhar a rotina e combina com as mais diversas produ\u00e7\u00f5es e ocasi\u00f5es.<\/p>\n<div style='text-align: center'><img src='https:\/\/secure-static.arezzo.com.br\/medias\/sys_master\/arezzo\/arezzo\/h86\/h81\/h00\/h00\/11118286340126\/HEADLESS-5001402990077U-01-BASEIMAGE-Midres-Headless.jpg' style='max-height: 400px' \/><img src='https:\/\/secure-static.arezzo.com.br\/medias\/sys_master\/arezzo\/arezzo\/hdd\/he4\/h00\/h00\/11118286209054\/HEADLESS-5001402990077U-01-BASEIMAGE-Thumbnail-Headless.jpg' style='max-height: 400px' \/><img src='https:\/\/secure-static.arezzo.com.br\/medias\/sys_master\/arezzo\/arezzo\/h86\/h81\/h00\/h00\/11118286340126\/HEADLESS-5001402990077U-01-BASEIMAGE-Midres-Headless.jpg' style='max-height: 400px' \/><img src='https:\/\/secure-static.arezzo.com.br\/medias\/sys_master\/arezzo\/arezzo\/h8c\/h44\/h00\/h00\/11118286733342\/HEADLESS-5001402990077U-03-BASEIMAGE-Hires-Headless.jpg' style='max-height: 400px' \/><img src='https:\/\/secure-static.arezzo.com.br\/medias\/sys_master\/arezzo\/arezzo\/h9a\/he7\/h00\/h00\/11118286667806\/HEADLESS-5001402990077U-03-BASEIMAGE-Midres-Headless.jpg' style='max-height: 400px' \/><img src='https:\/\/secure-static.arezzo.com.br\/medias\/sys_master\/arezzo\/arezzo\/hae\/h86\/h00\/h00\/11118286536734\/HEADLESS-5001402990077U-03-BASEIMAGE-Thumbnail-Headless.jpg' style='max-height: 400px' \/><img src='https:\/\/secure-static.arezzo.com.br\/medias\/sys_master\/arezzo\/arezzo\/h9a\/he7\/h00\/h00\/11118286667806\/HEADLESS-5001402990077U-03-BASEIMAGE-Midres-Headless.jpg' style='max-height: 400px' \/><img src='https:\/\/secure-static.arezzo.com.br\/medias\/sys_master\/arezzo\/arezzo\/h2e\/ha8\/h00\/h00\/11118287061022\/HEADLESS-5001402990077U-04-BASEIMAGE-Hires-Headless.jpg' style='max-height: 400px' \/><img src='https:\/\/secure-static.arezzo.com.br\/medias\/sys_master\/arezzo\/arezzo\/hb0\/hdf\/h00\/h00\/11118286995486\/HEADLESS-5001402990077U-04-BASEIMAGE-Midres-Headless.jpg' style='max-height: 400px' \/><img src='https:\/\/secure-static.arezzo.com.br\/medias\/sys_master\/arezzo\/arezzo\/h43\/hd6\/h00\/h00\/11118286864414\/HEADLESS-5001402990077U-04-BASEIMAGE-Thumbnail-Headless.jpg' style='max-height: 400px' \/><img src='https:\/\/secure-static.arezzo.com.br\/medias\/sys_master\/arezzo\/arezzo\/hb0\/hdf\/h00\/h00\/11118286995486\/HEADLESS-5001402990077U-04-BASEIMAGE-Midres-Headless.jpg' style='max-height: 400px' \/><img src='https:\/\/secure-static.arezzo.com.br\/medias\/sys_master\/arezzo\/arezzo\/hf2\/hc0\/h00\/h00\/11118287388702\/HEADLESS-5001402990077U-05-BASEIMAGE-Hires-Headless.jpg' style='max-height: 400px' \/><img src='https:\/\/secure-static.arezzo.com.br\/medias\/sys_master\/arezzo\/arezzo\/hd3\/h28\/h00\/h00\/11118287323166\/HEADLESS-5001402990077U-05-BASEIMAGE-Midres-Headless.jpg' style='max-height: 400px' \/><img src='https:\/\/secure-static.arezzo.com.br\/medias\/sys_master\/arezzo\/arezzo\/h3a\/hf2\/h00\/h00\/11118287192094\/HEADLESS-5001402990077U-05-BASEIMAGE-Thumbnail-Headless.jpg' style='max-height: 400px' \/><img src='https:\/\/secure-static.arezzo.com.br\/medias\/sys_master\/arezzo\/arezzo\/hd3\/h28\/h00\/h00\/11118287323166\/HEADLESS-5001402990077U-05-BASEIMAGE-Midres-Headless.jpg' style='max-height: 400px' \/><img src='https:\/\/secure-static.arezzo.com.br\/medias\/sys_master\/arezzo\/arezzo\/hce\/h65\/h00\/h00\/11118287716382\/HEADLESS-5001402990077U-06-BASEIMAGE-Hires-Headless.jpg' style='max-height: 400px' \/><img src='https:\/\/secure-static.arezzo.com.br\/medias\/sys_master\/arezzo\/arezzo\/h03\/h87\/h00\/h00\/11118287650846\/HEADLESS-5001402990077U-06-BASEIMAGE-Midres-Headless.jpg' style='max-height: 400px' \/><img src='https:\/\/secure-static.arezzo.com.br\/medias\/sys_master\/arezzo\/arezzo\/hac\/h23\/h00\/h00\/11118287519774\/HEADLESS-5001402990077U-06-BASEIMAGE-Thumbnail-Headless.jpg' style='max-height: 400px' \/><img src='https:\/\/secure-static.arezzo.com.br\/medias\/sys_master\/arezzo\/arezzo\/h03\/h87\/h00\/h00\/11118287650846\/HEADLESS-5001402990077U-06-BASEIMAGE-Midres-Headless.jpg' style='max-height: 400px' \/><img src='https:\/\/secure-static.arezzo.com.br\/medias\/sys_master\/arezzo\/arezzo\/h2b\/h02\/h00\/h00\/11118288044062\/HEADLESS-5001402990077U-07-BASEIMAGE-Hires-Headless.jpg' style='max-height: 400px' \/><img src='https:\/\/secure-static.arezzo.com.br\/medias\/sys_master\/arezzo\/arezzo\/ha0\/hbd\/h00\/h00\/11118287978526\/HEADLESS-5001402990077U-07-BASEIMAGE-Midres-Headless.jpg' style='max-height: 400px' \/><img src='https:\/\/secure-static.arezzo.com.br\/medias\/sys_master\/arezzo\/arezzo\/he9\/h2b\/h00\/h00\/11118287847454\/HEADLESS-5001402990077U-07-BASEIMAGE-Thumbnail-Headless.jpg' style='max-height: 400px' \/><img src='https:\/\/secure-static.arezzo.com.br\/medias\/sys_master\/arezzo\/arezzo\/ha0\/hbd\/h00\/h00\/11118287978526\/HEADLESS-5001402990077U-07-BASEIMAGE-Midres-Headless.jpg' style='max-height: 400px' \/><\/div>\n<p>* Entre em contato por WhatsApp para verificar a disponibilidade do produto. Ref.: A5001402990077<\/p>\n","protected":false},"excerpt":{"rendered":"<p>Estoque dispon\u00edvel no tamanho: ULTIMA_ESTACAO.<br \/><small>atualizado em 20\/12\/2023.<\/p>\n","protected":false},"featured_media":21315,"template":"","meta":[],"product_brand":[],"product_cat":[117],"product_tag":[628],"class_list":{"0":"post-21316","1":"product","2":"type-product","3":"status-publish","4":"has-post-thumbnail","6":"product_cat-bolsas","7":"product_tag-ultima_estacao","9":"first","10":"instock","11":"shipping-taxable","12":"purchasable","13":"product-type-simple"},"_links":{"self":[{"href":"https:\/\/comprenowhats.com.br\/arezzoanaliafranco\/wp-json\/wp\/v2\/product\/21316","targetHints":{"allow":["GET"]}}],"collection":[{"href":"https:\/\/comprenowhats.com.br\/arezzoanaliafranco\/wp-json\/wp\/v2\/product"}],"about":[{"href":"https:\/\/comprenowhats.com.br\/arezzoanaliafranco\/wp-json\/wp\/v2\/types\/product"}],"wp:featuredmedia":[{"embeddable":true,"href":"https:\/\/comprenowhats.com.br\/arezzoanaliafranco\/wp-json\/wp\/v2\/media\/21315"}],"wp:attachment":[{"href":"https:\/\/comprenowhats.com.br\/arezzoanaliafranco\/wp-json\/wp\/v2\/media?parent=21316"}],"wp:term":[{"taxonomy":"product_brand","embeddable":true,"href":"https:\/\/comprenowhats.com.br\/arezzoanaliafranco\/wp-json\/wp\/v2\/product_brand?post=21316"},{"taxonomy":"product_cat","embeddable":true,"href":"https:\/\/comprenowhats.com.br\/arezzoanaliafranco\/wp-json\/wp\/v2\/product_cat?post=21316"},{"taxonomy":"product_tag","embeddable":true,"href":"https:\/\/comprenowhats.com.br\/arezzoanaliafranco\/wp-json\/wp\/v2\/product_tag?post=21316"}],"curies":[{"name":"wp","href":"https:\/\/api.w.org\/{rel}","templated":true}]}}