{"id":21308,"date":"2023-06-06T12:44:54","date_gmt":"2023-06-06T15:44:54","guid":{"rendered":"https:\/\/comprenowhats.com.br\/arezzoanaliafranco\/produto\/sapato-boneca-preto-couro-bico-quadrado-cap-toe\/"},"modified":"2023-12-20T13:28:54","modified_gmt":"2023-12-20T16:28:54","slug":"sapato-boneca-preto-couro-bico-quadrado-cap-toe","status":"publish","type":"product","link":"https:\/\/comprenowhats.com.br\/arezzoanaliafranco\/produto\/sapato-boneca-preto-couro-bico-quadrado-cap-toe\/","title":{"rendered":"Sapato Boneca Preto Couro Bico Quadrado Cap Toe"},"content":{"rendered":"<p>O sapato boneca ou Mary Jane \u00e9 uma das grandes tend\u00eancias da temporada! Um cl\u00e1ssico, o modelo retorna repaginado com bico quadrado e biqueira e \u00e9 a escolha perfeita para looks sofisticados e fashionistas. Aposte!<\/p>\n<div style='text-align: center'><img src='https:\/\/secure-static.arezzo.com.br\/medias\/sys_master\/arezzo\/arezzo\/he7\/hdc\/h00\/h00\/11117709688862\/HEADLESS-1303400020001U-01-BASEIMAGE-Midres-Headless.jpg' style='max-height: 400px' \/><img src='https:\/\/secure-static.arezzo.com.br\/medias\/sys_master\/arezzo\/arezzo\/h30\/h4b\/h00\/h00\/11117709557790\/HEADLESS-1303400020001U-01-BASEIMAGE-Thumbnail-Headless.jpg' style='max-height: 400px' \/><img src='https:\/\/secure-static.arezzo.com.br\/medias\/sys_master\/arezzo\/arezzo\/he7\/hdc\/h00\/h00\/11117709688862\/HEADLESS-1303400020001U-01-BASEIMAGE-Midres-Headless.jpg' style='max-height: 400px' \/><img src='https:\/\/secure-static.arezzo.com.br\/medias\/sys_master\/arezzo\/arezzo\/he6\/hd7\/h00\/h00\/11117710082078\/HEADLESS-1303400020001U-03-BASEIMAGE-Hires-Headless.jpg' style='max-height: 400px' \/><img src='https:\/\/secure-static.arezzo.com.br\/medias\/sys_master\/arezzo\/arezzo\/h49\/h01\/h00\/h00\/11117710016542\/HEADLESS-1303400020001U-03-BASEIMAGE-Midres-Headless.jpg' style='max-height: 400px' \/><img src='https:\/\/secure-static.arezzo.com.br\/medias\/sys_master\/arezzo\/arezzo\/hc5\/h9a\/h00\/h00\/11117709885470\/HEADLESS-1303400020001U-03-BASEIMAGE-Thumbnail-Headless.jpg' style='max-height: 400px' \/><img src='https:\/\/secure-static.arezzo.com.br\/medias\/sys_master\/arezzo\/arezzo\/h49\/h01\/h00\/h00\/11117710016542\/HEADLESS-1303400020001U-03-BASEIMAGE-Midres-Headless.jpg' style='max-height: 400px' \/><img src='https:\/\/secure-static.arezzo.com.br\/medias\/sys_master\/arezzo\/arezzo\/h01\/h3e\/h00\/h00\/11117710409758\/HEADLESS-1303400020001U-04-BASEIMAGE-Hires-Headless.jpg' style='max-height: 400px' \/><img src='https:\/\/secure-static.arezzo.com.br\/medias\/sys_master\/arezzo\/arezzo\/hdf\/h50\/h00\/h00\/11117710344222\/HEADLESS-1303400020001U-04-BASEIMAGE-Midres-Headless.jpg' style='max-height: 400px' \/><img src='https:\/\/secure-static.arezzo.com.br\/medias\/sys_master\/arezzo\/arezzo\/hd8\/h40\/h00\/h00\/11117710213150\/HEADLESS-1303400020001U-04-BASEIMAGE-Thumbnail-Headless.jpg' style='max-height: 400px' \/><img src='https:\/\/secure-static.arezzo.com.br\/medias\/sys_master\/arezzo\/arezzo\/hdf\/h50\/h00\/h00\/11117710344222\/HEADLESS-1303400020001U-04-BASEIMAGE-Midres-Headless.jpg' style='max-height: 400px' \/><img src='https:\/\/secure-static.arezzo.com.br\/medias\/sys_master\/arezzo\/arezzo\/h94\/h11\/h00\/h00\/11117710737438\/HEADLESS-1303400020001U-05-BASEIMAGE-Hires-Headless.jpg' style='max-height: 400px' \/><img src='https:\/\/secure-static.arezzo.com.br\/medias\/sys_master\/arezzo\/arezzo\/h50\/h0d\/h00\/h00\/11117710671902\/HEADLESS-1303400020001U-05-BASEIMAGE-Midres-Headless.jpg' style='max-height: 400px' \/><img src='https:\/\/secure-static.arezzo.com.br\/medias\/sys_master\/arezzo\/arezzo\/h08\/h9f\/h00\/h00\/11117710540830\/HEADLESS-1303400020001U-05-BASEIMAGE-Thumbnail-Headless.jpg' style='max-height: 400px' \/><img src='https:\/\/secure-static.arezzo.com.br\/medias\/sys_master\/arezzo\/arezzo\/h50\/h0d\/h00\/h00\/11117710671902\/HEADLESS-1303400020001U-05-BASEIMAGE-Midres-Headless.jpg' style='max-height: 400px' \/><img src='https:\/\/secure-static.arezzo.com.br\/medias\/sys_master\/arezzo\/arezzo\/h37\/h75\/h00\/h00\/11117711065118\/HEADLESS-1303400020001U-06-BASEIMAGE-Hires-Headless.jpg' style='max-height: 400px' \/><img src='https:\/\/secure-static.arezzo.com.br\/medias\/sys_master\/arezzo\/arezzo\/ha8\/hef\/h00\/h00\/11117710999582\/HEADLESS-1303400020001U-06-BASEIMAGE-Midres-Headless.jpg' style='max-height: 400px' \/><img src='https:\/\/secure-static.arezzo.com.br\/medias\/sys_master\/arezzo\/arezzo\/h9c\/ha5\/h00\/h00\/11117710868510\/HEADLESS-1303400020001U-06-BASEIMAGE-Thumbnail-Headless.jpg' style='max-height: 400px' \/><img src='https:\/\/secure-static.arezzo.com.br\/medias\/sys_master\/arezzo\/arezzo\/ha8\/hef\/h00\/h00\/11117710999582\/HEADLESS-1303400020001U-06-BASEIMAGE-Midres-Headless.jpg' style='max-height: 400px' \/><\/div>\n<p>* Entre em contato por WhatsApp para verificar a disponibilidade do produto. Ref.: A1303400020001<\/p>\n","protected":false},"excerpt":{"rendered":"<p>Estoque dispon\u00edvel nos tamanhos: ULTIMA_ESTACAO, 35, 37, 39.<br \/><small>atualizado em 20\/12\/2023.<\/p>\n","protected":false},"featured_media":21307,"template":"","meta":[],"product_brand":[],"product_cat":[54],"product_tag":[43,45,47,628],"class_list":{"0":"post-21308","1":"product","2":"type-product","3":"status-publish","4":"has-post-thumbnail","6":"product_cat-sapatos","7":"product_tag-43","8":"product_tag-45","9":"product_tag-47","10":"product_tag-ultima_estacao","12":"first","13":"instock","14":"shipping-taxable","15":"purchasable","16":"product-type-simple"},"_links":{"self":[{"href":"https:\/\/comprenowhats.com.br\/arezzoanaliafranco\/wp-json\/wp\/v2\/product\/21308","targetHints":{"allow":["GET"]}}],"collection":[{"href":"https:\/\/comprenowhats.com.br\/arezzoanaliafranco\/wp-json\/wp\/v2\/product"}],"about":[{"href":"https:\/\/comprenowhats.com.br\/arezzoanaliafranco\/wp-json\/wp\/v2\/types\/product"}],"wp:featuredmedia":[{"embeddable":true,"href":"https:\/\/comprenowhats.com.br\/arezzoanaliafranco\/wp-json\/wp\/v2\/media\/21307"}],"wp:attachment":[{"href":"https:\/\/comprenowhats.com.br\/arezzoanaliafranco\/wp-json\/wp\/v2\/media?parent=21308"}],"wp:term":[{"taxonomy":"product_brand","embeddable":true,"href":"https:\/\/comprenowhats.com.br\/arezzoanaliafranco\/wp-json\/wp\/v2\/product_brand?post=21308"},{"taxonomy":"product_cat","embeddable":true,"href":"https:\/\/comprenowhats.com.br\/arezzoanaliafranco\/wp-json\/wp\/v2\/product_cat?post=21308"},{"taxonomy":"product_tag","embeddable":true,"href":"https:\/\/comprenowhats.com.br\/arezzoanaliafranco\/wp-json\/wp\/v2\/product_tag?post=21308"}],"curies":[{"name":"wp","href":"https:\/\/api.w.org\/{rel}","templated":true}]}}