{"id":21035,"date":"2023-06-02T17:04:21","date_gmt":"2023-06-02T20:04:21","guid":{"rendered":"https:\/\/comprenowhats.com.br\/arezzoanaliafranco\/produto\/bolsa-tiracolo-nude-couro-pequena-snake\/"},"modified":"2023-09-22T12:05:51","modified_gmt":"2023-09-22T15:05:51","slug":"bolsa-tiracolo-nude-couro-pequena-snake","status":"publish","type":"product","link":"https:\/\/comprenowhats.com.br\/arezzoanaliafranco\/produto\/bolsa-tiracolo-nude-couro-pequena-snake\/","title":{"rendered":"Bolsa Tiracolo Nude Couro Pequena Snake"},"content":{"rendered":"<p>A bolsa combina o shape cl\u00e1ssico com detalhes modernos e \u00e9 a op\u00e7\u00e3o ideal para looks do dia a dia. Para acompanhar o office com charme e praticidade! Combine com jeans e scarpin.<\/p>\n<div style='text-align: center'><img src='https:\/\/secure-static.arezzo.com.br\/medias\/sys_master\/arezzo\/arezzo\/h66\/ha7\/h00\/h00\/10953571598366\/HEADLESS-5001806540001U-01-BASEIMAGE-Thumbnail-Headless.jpg' style='max-height: 400px' \/><img src='https:\/\/secure-static.arezzo.com.br\/medias\/sys_master\/arezzo\/arezzo\/ha7\/h73\/h00\/h00\/10953571729438\/HEADLESS-5001806540001U-01-BASEIMAGE-Midres-Headless.jpg' style='max-height: 400px' \/><img src='https:\/\/secure-static.arezzo.com.br\/medias\/sys_master\/arezzo\/arezzo\/h5b\/h6e\/h00\/h00\/10953572122654\/HEADLESS-5001806540001U-03-BASEIMAGE-Hires-Headless.jpg' style='max-height: 400px' \/><\/div>\n<p>* Entre em contato por WhatsApp para verificar a disponibilidade do produto. Ref.: A5001806540001<\/p>\n","protected":false},"excerpt":{"rendered":"<p>Estoque dispon\u00edvel no tamanho: ULTIMA_ESTACAO.<br \/><small>atualizado em 22\/09\/2023.<\/p>\n","protected":false},"featured_media":21034,"template":"","meta":[],"product_brand":[],"product_cat":[117],"product_tag":[628],"class_list":{"0":"post-21035","1":"product","2":"type-product","3":"status-publish","4":"has-post-thumbnail","6":"product_cat-bolsas","7":"product_tag-ultima_estacao","9":"first","10":"instock","11":"shipping-taxable","12":"purchasable","13":"product-type-simple"},"_links":{"self":[{"href":"https:\/\/comprenowhats.com.br\/arezzoanaliafranco\/wp-json\/wp\/v2\/product\/21035","targetHints":{"allow":["GET"]}}],"collection":[{"href":"https:\/\/comprenowhats.com.br\/arezzoanaliafranco\/wp-json\/wp\/v2\/product"}],"about":[{"href":"https:\/\/comprenowhats.com.br\/arezzoanaliafranco\/wp-json\/wp\/v2\/types\/product"}],"wp:featuredmedia":[{"embeddable":true,"href":"https:\/\/comprenowhats.com.br\/arezzoanaliafranco\/wp-json\/wp\/v2\/media\/21034"}],"wp:attachment":[{"href":"https:\/\/comprenowhats.com.br\/arezzoanaliafranco\/wp-json\/wp\/v2\/media?parent=21035"}],"wp:term":[{"taxonomy":"product_brand","embeddable":true,"href":"https:\/\/comprenowhats.com.br\/arezzoanaliafranco\/wp-json\/wp\/v2\/product_brand?post=21035"},{"taxonomy":"product_cat","embeddable":true,"href":"https:\/\/comprenowhats.com.br\/arezzoanaliafranco\/wp-json\/wp\/v2\/product_cat?post=21035"},{"taxonomy":"product_tag","embeddable":true,"href":"https:\/\/comprenowhats.com.br\/arezzoanaliafranco\/wp-json\/wp\/v2\/product_tag?post=21035"}],"curies":[{"name":"wp","href":"https:\/\/api.w.org\/{rel}","templated":true}]}}