{"id":20763,"date":"2023-06-02T16:59:32","date_gmt":"2023-06-02T19:59:32","guid":{"rendered":"https:\/\/comprenowhats.com.br\/arezzoanaliafranco\/produto\/scarpin-nude-couro-bico-fino-basico-city\/"},"modified":"2023-09-22T12:03:56","modified_gmt":"2023-09-22T15:03:56","slug":"scarpin-nude-couro-bico-fino-basico-city","status":"publish","type":"product","link":"https:\/\/comprenowhats.com.br\/arezzoanaliafranco\/produto\/scarpin-nude-couro-bico-fino-basico-city\/","title":{"rendered":"Scarpin Nude Couro Bico Fino B\u00e1sico City"},"content":{"rendered":"<p>O scarpin de bico fino e salto bloco \u00e9 um cl\u00e1ssico, que combina com os mais variados estilos e ocasi\u00f5es! Vers\u00e1til, surge em tom neutro, seguindo as tend\u00eancias da temporada. Aquele item atemporal para se ter sempre no guarda-roupa!<\/p>\n<div style='text-align: center'><img src='https:\/\/secure-static.arezzo.com.br\/medias\/sys_master\/arezzo\/arezzo\/h46\/hf1\/h00\/h00\/11079789543454\/HEADLESS-1291000010001U-01-BASEIMAGE-Thumbnail-Headless.jpg' style='max-height: 400px' \/><img src='https:\/\/secure-static.arezzo.com.br\/medias\/sys_master\/arezzo\/arezzo\/h8f\/h5f\/h00\/h00\/11079789674526\/HEADLESS-1291000010001U-01-BASEIMAGE-Midres-Headless.jpg' style='max-height: 400px' \/><img src='https:\/\/secure-static.arezzo.com.br\/medias\/sys_master\/arezzo\/arezzo\/hf8\/h1a\/h00\/h00\/11079790067742\/HEADLESS-1291000010001U-03-BASEIMAGE-Hires-Headless.jpg' style='max-height: 400px' \/><\/div>\n<p>* Entre em contato por WhatsApp para verificar a disponibilidade do produto. Ref.: A1291000010001<\/p>\n","protected":false},"excerpt":{"rendered":"<p>Estoque dispon\u00edvel nos tamanhos: ULTIMA_ESTACAO, 35, 37, 38.<br \/><small>atualizado em 22\/09\/2023.<\/p>\n","protected":false},"featured_media":20762,"template":"","meta":[],"product_brand":[],"product_cat":[54],"product_tag":[43,45,46,628],"class_list":{"0":"post-20763","1":"product","2":"type-product","3":"status-publish","4":"has-post-thumbnail","6":"product_cat-sapatos","7":"product_tag-43","8":"product_tag-45","9":"product_tag-46","10":"product_tag-ultima_estacao","12":"first","13":"instock","14":"shipping-taxable","15":"purchasable","16":"product-type-simple"},"_links":{"self":[{"href":"https:\/\/comprenowhats.com.br\/arezzoanaliafranco\/wp-json\/wp\/v2\/product\/20763","targetHints":{"allow":["GET"]}}],"collection":[{"href":"https:\/\/comprenowhats.com.br\/arezzoanaliafranco\/wp-json\/wp\/v2\/product"}],"about":[{"href":"https:\/\/comprenowhats.com.br\/arezzoanaliafranco\/wp-json\/wp\/v2\/types\/product"}],"wp:featuredmedia":[{"embeddable":true,"href":"https:\/\/comprenowhats.com.br\/arezzoanaliafranco\/wp-json\/wp\/v2\/media\/20762"}],"wp:attachment":[{"href":"https:\/\/comprenowhats.com.br\/arezzoanaliafranco\/wp-json\/wp\/v2\/media?parent=20763"}],"wp:term":[{"taxonomy":"product_brand","embeddable":true,"href":"https:\/\/comprenowhats.com.br\/arezzoanaliafranco\/wp-json\/wp\/v2\/product_brand?post=20763"},{"taxonomy":"product_cat","embeddable":true,"href":"https:\/\/comprenowhats.com.br\/arezzoanaliafranco\/wp-json\/wp\/v2\/product_cat?post=20763"},{"taxonomy":"product_tag","embeddable":true,"href":"https:\/\/comprenowhats.com.br\/arezzoanaliafranco\/wp-json\/wp\/v2\/product_tag?post=20763"}],"curies":[{"name":"wp","href":"https:\/\/api.w.org\/{rel}","templated":true}]}}