{"id":20618,"date":"2023-06-02T16:57:00","date_gmt":"2023-06-02T19:57:00","guid":{"rendered":"https:\/\/comprenowhats.com.br\/arezzoanaliafranco\/produto\/sandalia-rasteira-off-white-couro-flat-tira-tresse\/"},"modified":"2023-09-22T12:01:54","modified_gmt":"2023-09-22T15:01:54","slug":"sandalia-rasteira-off-white-couro-flat-tira-tresse","status":"publish","type":"product","link":"https:\/\/comprenowhats.com.br\/arezzoanaliafranco\/produto\/sandalia-rasteira-off-white-couro-flat-tira-tresse\/","title":{"rendered":"Sand\u00e1lia Rasteira Off-White Couro Flat Tira Tress\u00ea"},"content":{"rendered":"<p>A rasteira \u00e9 item indispens\u00e1vel! Pr\u00e1tica, confort\u00e1vel e moderna, combina com os mais variados looks. Use com jeans, vestido ou pe\u00e7as de alfaiataria e aposte nos acess\u00f3rios maxi!<\/p>\n<div style='text-align: center'><img src='https:\/\/secure-static.arezzo.com.br\/medias\/sys_master\/arezzo\/arezzo\/h1b\/heb\/h00\/h00\/10962936332318\/HEADLESS-1210501330001U-01-BASEIMAGE-Midres-Headless.jpg' style='max-height: 400px' \/><img src='https:\/\/secure-static.arezzo.com.br\/medias\/sys_master\/arezzo\/arezzo\/h67\/h86\/h00\/h00\/10962936266782\/HEADLESS-1210501330001U-01-BASEIMAGE-Thumbnail-Headless.jpg' style='max-height: 400px' \/><img src='https:\/\/secure-static.arezzo.com.br\/medias\/sys_master\/arezzo\/arezzo\/h1b\/heb\/h00\/h00\/10962936332318\/HEADLESS-1210501330001U-01-BASEIMAGE-Midres-Headless.jpg' style='max-height: 400px' \/><img src='https:\/\/secure-static.arezzo.com.br\/medias\/sys_master\/arezzo\/arezzo\/hc3\/hd8\/h00\/h00\/10962936627230\/HEADLESS-1210501330001U-03-BASEIMAGE-Hires-Headless.jpg' style='max-height: 400px' \/><img src='https:\/\/secure-static.arezzo.com.br\/medias\/sys_master\/arezzo\/arezzo\/h42\/hf0\/h00\/h00\/10962936528926\/HEADLESS-1210501330001U-03-BASEIMAGE-Midres-Headless.jpg' style='max-height: 400px' \/><img src='https:\/\/secure-static.arezzo.com.br\/medias\/sys_master\/arezzo\/arezzo\/h89\/hc8\/h00\/h00\/10962936463390\/HEADLESS-1210501330001U-03-BASEIMAGE-Thumbnail-Headless.jpg' style='max-height: 400px' \/><img src='https:\/\/secure-static.arezzo.com.br\/medias\/sys_master\/arezzo\/arezzo\/h42\/hf0\/h00\/h00\/10962936528926\/HEADLESS-1210501330001U-03-BASEIMAGE-Midres-Headless.jpg' style='max-height: 400px' \/><img src='https:\/\/secure-static.arezzo.com.br\/medias\/sys_master\/arezzo\/arezzo\/ha7\/h98\/h00\/h00\/10962937151518\/HEADLESS-1210501330001U-04-BASEIMAGE-Hires-Headless.jpg' style='max-height: 400px' \/><img src='https:\/\/secure-static.arezzo.com.br\/medias\/sys_master\/arezzo\/arezzo\/h32\/h85\/h00\/h00\/10962937118750\/HEADLESS-1210501330001U-04-BASEIMAGE-Midres-Headless.jpg' style='max-height: 400px' \/><img src='https:\/\/secure-static.arezzo.com.br\/medias\/sys_master\/arezzo\/arezzo\/h1b\/h76\/h00\/h00\/10962936987678\/HEADLESS-1210501330001U-04-BASEIMAGE-Thumbnail-Headless.jpg' style='max-height: 400px' \/><img src='https:\/\/secure-static.arezzo.com.br\/medias\/sys_master\/arezzo\/arezzo\/h32\/h85\/h00\/h00\/10962937118750\/HEADLESS-1210501330001U-04-BASEIMAGE-Midres-Headless.jpg' style='max-height: 400px' \/><img src='https:\/\/secure-static.arezzo.com.br\/medias\/sys_master\/arezzo\/arezzo\/h0b\/h36\/h00\/h00\/10962937413662\/HEADLESS-1210501330001U-05-BASEIMAGE-Hires-Headless.jpg' style='max-height: 400px' \/><img src='https:\/\/secure-static.arezzo.com.br\/medias\/sys_master\/arezzo\/arezzo\/hc0\/h40\/h00\/h00\/10962937315358\/HEADLESS-1210501330001U-05-BASEIMAGE-Midres-Headless.jpg' style='max-height: 400px' \/><img src='https:\/\/secure-static.arezzo.com.br\/medias\/sys_master\/arezzo\/arezzo\/h16\/he9\/h00\/h00\/10962937249822\/HEADLESS-1210501330001U-05-BASEIMAGE-Thumbnail-Headless.jpg' style='max-height: 400px' \/><img src='https:\/\/secure-static.arezzo.com.br\/medias\/sys_master\/arezzo\/arezzo\/hc0\/h40\/h00\/h00\/10962937315358\/HEADLESS-1210501330001U-05-BASEIMAGE-Midres-Headless.jpg' style='max-height: 400px' \/><img src='https:\/\/secure-static.arezzo.com.br\/medias\/sys_master\/arezzo\/arezzo\/h2d\/h78\/h00\/h00\/10962937610270\/HEADLESS-1210501330001U-06-BASEIMAGE-Hires-Headless.jpg' style='max-height: 400px' \/><img src='https:\/\/secure-static.arezzo.com.br\/medias\/sys_master\/arezzo\/arezzo\/h80\/h99\/h00\/h00\/10962937577502\/HEADLESS-1210501330001U-06-BASEIMAGE-Midres-Headless.jpg' style='max-height: 400px' \/><img src='https:\/\/secure-static.arezzo.com.br\/medias\/sys_master\/arezzo\/arezzo\/h26\/haf\/h00\/h00\/10962937511966\/HEADLESS-1210501330001U-06-BASEIMAGE-Thumbnail-Headless.jpg' style='max-height: 400px' \/><img src='https:\/\/secure-static.arezzo.com.br\/medias\/sys_master\/arezzo\/arezzo\/h80\/h99\/h00\/h00\/10962937577502\/HEADLESS-1210501330001U-06-BASEIMAGE-Midres-Headless.jpg' style='max-height: 400px' \/><\/div>\n<p>* Entre em contato por WhatsApp para verificar a disponibilidade do produto. Ref.: A1210501330001<\/p>\n","protected":false},"excerpt":{"rendered":"<p>Estoque dispon\u00edvel no tamanho: ULTIMA_ESTACAO.<br \/><small>atualizado em 22\/09\/2023.<\/p>\n","protected":false},"featured_media":20617,"template":"","meta":[],"product_brand":[],"product_cat":[54],"product_tag":[628],"class_list":{"0":"post-20618","1":"product","2":"type-product","3":"status-publish","4":"has-post-thumbnail","6":"product_cat-sapatos","7":"product_tag-ultima_estacao","9":"first","10":"instock","11":"shipping-taxable","12":"purchasable","13":"product-type-simple"},"_links":{"self":[{"href":"https:\/\/comprenowhats.com.br\/arezzoanaliafranco\/wp-json\/wp\/v2\/product\/20618","targetHints":{"allow":["GET"]}}],"collection":[{"href":"https:\/\/comprenowhats.com.br\/arezzoanaliafranco\/wp-json\/wp\/v2\/product"}],"about":[{"href":"https:\/\/comprenowhats.com.br\/arezzoanaliafranco\/wp-json\/wp\/v2\/types\/product"}],"wp:featuredmedia":[{"embeddable":true,"href":"https:\/\/comprenowhats.com.br\/arezzoanaliafranco\/wp-json\/wp\/v2\/media\/20617"}],"wp:attachment":[{"href":"https:\/\/comprenowhats.com.br\/arezzoanaliafranco\/wp-json\/wp\/v2\/media?parent=20618"}],"wp:term":[{"taxonomy":"product_brand","embeddable":true,"href":"https:\/\/comprenowhats.com.br\/arezzoanaliafranco\/wp-json\/wp\/v2\/product_brand?post=20618"},{"taxonomy":"product_cat","embeddable":true,"href":"https:\/\/comprenowhats.com.br\/arezzoanaliafranco\/wp-json\/wp\/v2\/product_cat?post=20618"},{"taxonomy":"product_tag","embeddable":true,"href":"https:\/\/comprenowhats.com.br\/arezzoanaliafranco\/wp-json\/wp\/v2\/product_tag?post=20618"}],"curies":[{"name":"wp","href":"https:\/\/api.w.org\/{rel}","templated":true}]}}