{"id":20519,"date":"2023-06-02T16:48:14","date_gmt":"2023-06-02T19:48:14","guid":{"rendered":"https:\/\/comprenowhats.com.br\/arezzoanaliafranco\/produto\/bolsa-tiracolo-off-white-couro-mizz-stones-pequena\/"},"modified":"2023-09-22T12:06:45","modified_gmt":"2023-09-22T15:06:45","slug":"bolsa-tiracolo-off-white-couro-mizz-stones-pequena","status":"publish","type":"product","link":"https:\/\/comprenowhats.com.br\/arezzoanaliafranco\/produto\/bolsa-tiracolo-off-white-couro-mizz-stones-pequena\/","title":{"rendered":"Bolsa Tiracolo Off-White Couro Mizz Stones Pequena"},"content":{"rendered":"<p class=\"characteristic-description__highlight-text\">\n<p data-testid=\"ta-product-details__material\"><span class=\"characteristic-name\">Material<!-- -->:<\/span> Couros<\/p>\n<p data-testid=\"ta-product-details__color\"><span class=\"characteristic-name\">Cor<!-- -->:<\/span> Branco<\/p>\n<\/p>\n<p class=\"characteristic-description__highlight-text\"><span class=\"characteristic-name\">Dimens\u00f5es: <\/span>7x14x21 cm<\/p>\n<p class=\"characteristic-description__highlight-text\" data-testid=\"ta-product_description\"><span class=\"characteristic-name\">Descri\u00e7\u00e3o: <\/span>Bolsa tiracolo pequena de couro off-white. O modelo tem formato estruturado, capa frontal e tampo com costuras em matelass\u00ea bombadas e aplica\u00e7\u00e3o de pedrarias coloridas, al\u00e9m de capa traseira lisa e inscri\u00e7\u00e3o discreta do nome da marca. Traz al\u00e7a em corrente met\u00e1lica dupla com tiras de couro entrela\u00e7adas e ombreiras, presa \u00e0 bolsa na parte superior por metais vazados. Possui fecho em tampo frontal e encaixe em pe\u00e7a met\u00e1lica. Com forro e divis\u00f3ria interna. <\/p>\n<p><b>Porque Apostar<\/b><\/p>\n<p> A bag Mizz j\u00e1 \u00e9 um cl\u00e1ssico e o modelo mais amado da esta\u00e7\u00e3o! Urbana e com informa\u00e7\u00e3o de moda, destaca o matelass\u00ea bombado e tem formato compacto e pr\u00e1tico. Cria looks elegantes e pode ser carregada sobre um dos ombros, como uma crossbody ou at\u00e9 nas m\u00e3os. O modelo surge em tom vibrante e com aplica\u00e7\u00e3o de pedrarias, inserindo um toque sofisticado nas produ\u00e7\u00f5es!<\/p>\n<p class=\"characteristic-description__highlight-text\" data-testid=\"ta-product-information__SKU\"><span class=\"characteristic-name\">Refer\u00eancia: <\/span>A5002305330038<\/p>\n<div style='text-align: center'><img src='https:\/\/secure-static.arezzo.com.br\/medias\/sys_master\/arezzo\/arezzo\/hd5\/hac\/h00\/h00\/10616347426846\/5002305330038U-01-BASEIMAGE-Thumbnail.jpg' style='max-height: 400px' \/><img src='https:\/\/secure-static.arezzo.com.br\/medias\/sys_master\/arezzo\/arezzo\/h1d\/h1b\/h00\/h00\/10616347557918\/5002305330038U-01-BASEIMAGE-Midres.jpg' style='max-height: 400px' \/><img src='https:\/\/secure-static.arezzo.com.br\/medias\/sys_master\/arezzo\/arezzo\/h61\/h9f\/h00\/h00\/10616347951134\/5002305330038U-03-BASEIMAGE-Hires.jpg' style='max-height: 400px' \/><\/div>\n<p>* Entre em contato por WhatsApp para verificar a disponibilidade do produto. Ref.: A5002305330038<\/p>\n","protected":false},"excerpt":{"rendered":"<p>Estoque dispon\u00edvel no tamanho: ULTIMA_ESTACAO.<br \/><small>atualizado em 22\/09\/2023.<\/p>\n","protected":false},"featured_media":17120,"template":"","meta":[],"product_brand":[],"product_cat":[117],"product_tag":[628],"class_list":{"0":"post-20519","1":"product","2":"type-product","3":"status-publish","4":"has-post-thumbnail","6":"product_cat-bolsas","7":"product_tag-ultima_estacao","9":"first","10":"instock","11":"shipping-taxable","12":"purchasable","13":"product-type-simple"},"_links":{"self":[{"href":"https:\/\/comprenowhats.com.br\/arezzoanaliafranco\/wp-json\/wp\/v2\/product\/20519","targetHints":{"allow":["GET"]}}],"collection":[{"href":"https:\/\/comprenowhats.com.br\/arezzoanaliafranco\/wp-json\/wp\/v2\/product"}],"about":[{"href":"https:\/\/comprenowhats.com.br\/arezzoanaliafranco\/wp-json\/wp\/v2\/types\/product"}],"wp:featuredmedia":[{"embeddable":true,"href":"https:\/\/comprenowhats.com.br\/arezzoanaliafranco\/wp-json\/wp\/v2\/media\/17120"}],"wp:attachment":[{"href":"https:\/\/comprenowhats.com.br\/arezzoanaliafranco\/wp-json\/wp\/v2\/media?parent=20519"}],"wp:term":[{"taxonomy":"product_brand","embeddable":true,"href":"https:\/\/comprenowhats.com.br\/arezzoanaliafranco\/wp-json\/wp\/v2\/product_brand?post=20519"},{"taxonomy":"product_cat","embeddable":true,"href":"https:\/\/comprenowhats.com.br\/arezzoanaliafranco\/wp-json\/wp\/v2\/product_cat?post=20519"},{"taxonomy":"product_tag","embeddable":true,"href":"https:\/\/comprenowhats.com.br\/arezzoanaliafranco\/wp-json\/wp\/v2\/product_tag?post=20519"}],"curies":[{"name":"wp","href":"https:\/\/api.w.org\/{rel}","templated":true}]}}