{"id":20513,"date":"2023-06-02T16:48:08","date_gmt":"2023-06-02T19:48:08","guid":{"rendered":"https:\/\/comprenowhats.com.br\/arezzoanaliafranco\/produto\/bolsa-tiracolo-preta-betina-pequena\/"},"modified":"2023-12-20T13:33:01","modified_gmt":"2023-12-20T16:33:01","slug":"bolsa-tiracolo-preta-betina-pequena","status":"publish","type":"product","link":"https:\/\/comprenowhats.com.br\/arezzoanaliafranco\/produto\/bolsa-tiracolo-preta-betina-pequena\/","title":{"rendered":"Bolsa Tiracolo Preta Betina Pequena"},"content":{"rendered":"<p class=\"characteristic-description__highlight-text\">\n<p data-testid=\"ta-product-details__material\"><span class=\"characteristic-name\">Material<!-- -->:<\/span> Outros<\/p>\n<p data-testid=\"ta-product-details__color\"><span class=\"characteristic-name\">Cor<!-- -->:<\/span> Preto<\/p>\n<\/p>\n<p class=\"characteristic-description__highlight-text\"><span class=\"characteristic-name\">Dimens\u00f5es: <\/span>14x21x5 cm<\/p>\n<p class=\"characteristic-description__highlight-text\" data-testid=\"ta-product_description\"><span class=\"characteristic-name\">Descri\u00e7\u00e3o: <\/span>Bolsa tiracolo pequena preta. O modelo tem formato estruturado e retangular, laterais arredondadas e acabamento texturizado. Traz al\u00e7a tiracolo em tira fina e longa. Possui fecho em tampo frontal, tira com encaixe e inscri\u00e7\u00e3o discreta do nome da marca. Com contorno em costura pesponto e detalhe na parte traseira. <\/p>\n<p><b>Porque Apostar<\/b><\/p>\n<p> Charmosa, a bolsa pode ser usada de formas diversas, seja sobre um dos ombros ou at\u00e9 mesmo em frente ao corpo, garantindo versatilidade para suas produ\u00e7\u00f5es. Com shape compacto, \u00e9 perfeita para carregar o essencial. Descolada e urbana, \u00e9 a escolha ideal para um look de passeio cool, garantindo um toque fun nas composi\u00e7\u00f5es!<\/p>\n<p class=\"characteristic-description__highlight-text\" data-testid=\"ta-product-information__SKU\"><span class=\"characteristic-name\">Refer\u00eancia: <\/span>A5002106390001<\/p>\n<div style='text-align: center'><img src='https:\/\/secure-static.arezzo.com.br\/medias\/sys_master\/arezzo\/arezzo\/he0\/h38\/h00\/h00\/10671785771038\/5002106390001U-01-BASEIMAGE-Thumbnail.jpg' style='max-height: 400px' \/><img src='https:\/\/secure-static.arezzo.com.br\/medias\/sys_master\/arezzo\/arezzo\/hdd\/hdf\/h00\/h00\/10671785902110\/5002106390001U-01-BASEIMAGE-Midres.jpg' style='max-height: 400px' \/><img src='https:\/\/secure-static.arezzo.com.br\/medias\/sys_master\/arezzo\/arezzo\/haa\/ha1\/h00\/h00\/10671786295326\/5002106390001U-03-BASEIMAGE-Hires.jpg' style='max-height: 400px' \/><\/div>\n<p>* Entre em contato por WhatsApp para verificar a disponibilidade do produto. Ref.: A5002106390001<\/p>\n","protected":false},"excerpt":{"rendered":"<p>Em estoque.<br \/><small>atualizado em 20\/12\/2023.<\/p>\n","protected":false},"featured_media":17000,"template":"","meta":[],"product_brand":[],"product_cat":[117],"product_tag":[],"class_list":{"0":"post-20513","1":"product","2":"type-product","3":"status-publish","4":"has-post-thumbnail","6":"product_cat-bolsas","8":"first","9":"instock","10":"shipping-taxable","11":"purchasable","12":"product-type-simple"},"_links":{"self":[{"href":"https:\/\/comprenowhats.com.br\/arezzoanaliafranco\/wp-json\/wp\/v2\/product\/20513","targetHints":{"allow":["GET"]}}],"collection":[{"href":"https:\/\/comprenowhats.com.br\/arezzoanaliafranco\/wp-json\/wp\/v2\/product"}],"about":[{"href":"https:\/\/comprenowhats.com.br\/arezzoanaliafranco\/wp-json\/wp\/v2\/types\/product"}],"wp:featuredmedia":[{"embeddable":true,"href":"https:\/\/comprenowhats.com.br\/arezzoanaliafranco\/wp-json\/wp\/v2\/media\/17000"}],"wp:attachment":[{"href":"https:\/\/comprenowhats.com.br\/arezzoanaliafranco\/wp-json\/wp\/v2\/media?parent=20513"}],"wp:term":[{"taxonomy":"product_brand","embeddable":true,"href":"https:\/\/comprenowhats.com.br\/arezzoanaliafranco\/wp-json\/wp\/v2\/product_brand?post=20513"},{"taxonomy":"product_cat","embeddable":true,"href":"https:\/\/comprenowhats.com.br\/arezzoanaliafranco\/wp-json\/wp\/v2\/product_cat?post=20513"},{"taxonomy":"product_tag","embeddable":true,"href":"https:\/\/comprenowhats.com.br\/arezzoanaliafranco\/wp-json\/wp\/v2\/product_tag?post=20513"}],"curies":[{"name":"wp","href":"https:\/\/api.w.org\/{rel}","templated":true}]}}