{"id":20493,"date":"2023-06-02T16:39:14","date_gmt":"2023-06-02T19:39:14","guid":{"rendered":"https:\/\/comprenowhats.com.br\/arezzoanaliafranco\/produto\/bolsa-satchel-preta-iara-media-monocolor\/"},"modified":"2023-12-02T11:40:18","modified_gmt":"2023-12-02T14:40:18","slug":"bolsa-satchel-preta-iara-media-monocolor","status":"publish","type":"product","link":"https:\/\/comprenowhats.com.br\/arezzoanaliafranco\/produto\/bolsa-satchel-preta-iara-media-monocolor\/","title":{"rendered":"Bolsa Satchel Preta Iara M\u00e9dia Monocolor"},"content":{"rendered":"<p class=\"characteristic-description__highlight-text\">\n<p data-testid=\"ta-product-details__color\"><span class=\"characteristic-name\">Cor<!-- -->:<\/span> Preto<\/p>\n<\/p>\n<p class=\"characteristic-description__highlight-text\"><span class=\"characteristic-name\">Dimens\u00f5es: <\/span>10x18x24 cm<\/p>\n<p class=\"characteristic-description__highlight-text\" data-testid=\"ta-product_description\"><span class=\"characteristic-name\">Descri\u00e7\u00e3o: <\/span>Bolsa satchel m\u00e9dia preta. O modelo tem formato estruturado e compacto. Traz al\u00e7a tiracolo em tira fina regul\u00e1vel, al\u00e7a de m\u00e3o bombada e al\u00e7a em corrente maxi resinada, presa por ganchos. Com fecho em tampo frontal e im\u00e3 interno. Acompanha bag charm remov\u00edvel em formato de pouch geom\u00e9trico, com fecho em z\u00edper e puxador. <\/p>\n<p><b>Porque Apostar<\/b><\/p>\n<p> Urbano e com informa\u00e7\u00e3o de moda, o modelo vem em vers\u00e3o monocrom\u00e1tica e s\u00f3bria e traz uma das grandes tend\u00eancias da temporada, a maxi corrente. Com uma pegada fun, vai bem tanto com saia midi e t-shirt como com alfaiataria. Pr\u00e1tica, a bolsa pode ser usada nas m\u00e3os ou sobre o ombro e traz ainda um bag charm multifuncional.<\/p>\n<p class=\"characteristic-description__highlight-text\" data-testid=\"ta-product-information__SKU\"><span class=\"characteristic-name\">Refer\u00eancia: <\/span>A5002304770047<\/p>\n<div style='text-align: center'><img src='https:\/\/secure-static.arezzo.com.br\/medias\/sys_master\/arezzo\/arezzo\/hac\/hf9\/h00\/h00\/10651476000798\/HEADLESS-5002304770047U-HO-BASEIMAGE-Thumbnail-Headless.jpg' style='max-height: 400px' \/><img src='https:\/\/secure-static.arezzo.com.br\/medias\/sys_master\/arezzo\/arezzo\/ha4\/h65\/h00\/h00\/10651476131870\/HEADLESS-5002304770047U-HO-BASEIMAGE-Midres-Headless.jpg' style='max-height: 400px' \/><img src='https:\/\/secure-static.arezzo.com.br\/medias\/sys_master\/arezzo\/arezzo\/h0a\/hf2\/h00\/h00\/10651474231326\/HEADLESS-5002304770047U-01-BASEIMAGE-Hires-Headless.jpg' style='max-height: 400px' \/><\/div>\n<p>* Entre em contato por WhatsApp para verificar a disponibilidade do produto. Ref.: A5002304770047<\/p>\n","protected":false},"excerpt":{"rendered":"<p>Estoque dispon\u00edvel no tamanho: ULTIMA_ESTACAO.<br \/><small>atualizado em 02\/12\/2023.<\/p>\n","protected":false},"featured_media":15648,"template":"","meta":[],"product_brand":[],"product_cat":[117],"product_tag":[628],"class_list":{"0":"post-20493","1":"product","2":"type-product","3":"status-publish","4":"has-post-thumbnail","6":"product_cat-bolsas","7":"product_tag-ultima_estacao","9":"first","10":"instock","11":"shipping-taxable","12":"purchasable","13":"product-type-simple"},"_links":{"self":[{"href":"https:\/\/comprenowhats.com.br\/arezzoanaliafranco\/wp-json\/wp\/v2\/product\/20493","targetHints":{"allow":["GET"]}}],"collection":[{"href":"https:\/\/comprenowhats.com.br\/arezzoanaliafranco\/wp-json\/wp\/v2\/product"}],"about":[{"href":"https:\/\/comprenowhats.com.br\/arezzoanaliafranco\/wp-json\/wp\/v2\/types\/product"}],"wp:featuredmedia":[{"embeddable":true,"href":"https:\/\/comprenowhats.com.br\/arezzoanaliafranco\/wp-json\/wp\/v2\/media\/15648"}],"wp:attachment":[{"href":"https:\/\/comprenowhats.com.br\/arezzoanaliafranco\/wp-json\/wp\/v2\/media?parent=20493"}],"wp:term":[{"taxonomy":"product_brand","embeddable":true,"href":"https:\/\/comprenowhats.com.br\/arezzoanaliafranco\/wp-json\/wp\/v2\/product_brand?post=20493"},{"taxonomy":"product_cat","embeddable":true,"href":"https:\/\/comprenowhats.com.br\/arezzoanaliafranco\/wp-json\/wp\/v2\/product_cat?post=20493"},{"taxonomy":"product_tag","embeddable":true,"href":"https:\/\/comprenowhats.com.br\/arezzoanaliafranco\/wp-json\/wp\/v2\/product_tag?post=20493"}],"curies":[{"name":"wp","href":"https:\/\/api.w.org\/{rel}","templated":true}]}}