{"id":20485,"date":"2023-06-02T16:38:59","date_gmt":"2023-06-02T19:38:59","guid":{"rendered":"https:\/\/comprenowhats.com.br\/arezzoanaliafranco\/produto\/coturno-off-white-couro-tratorado-cano-curto-arezzo\/"},"modified":"2023-12-02T11:39:05","modified_gmt":"2023-12-02T14:39:05","slug":"coturno-off-white-couro-tratorado-cano-curto-arezzo","status":"publish","type":"product","link":"https:\/\/comprenowhats.com.br\/arezzoanaliafranco\/produto\/coturno-off-white-couro-tratorado-cano-curto-arezzo\/","title":{"rendered":"Coturno Off-White Couro Tratorado Cano Curto | Arezzo"},"content":{"rendered":"<p class=\"ty-message\">Coturno Off-white de couro. O modelo tem cano curto, bico redondo e salto m\u00e9dio emborrachado, tratorado, bipartido e riscado. Traz fecho em cadar\u00e7os Off-white e tira de gorgur\u00e3o com puxador na parte traseira, facilitando o calce. Possui parte superior do cano em nobuck e detalhe emborrachado no atacador.<\/p>\n<p><b>Porque Apostar<\/b><\/br><\/br>O coturno \u00e9 um cl\u00e1ssico e item essencial da temporada! Surge com solado chunky e em um tom soft super vers\u00e1til, que insere delicadeza e tamb\u00e9m contrap\u00f5e a robustez do modelo. Garantia de muito conforto e estilo, combina com as mais diversas pe\u00e7as e confere um toque urbano e descolado aos looks.<\/p>\n<div style='text-align: center'><img src='https:\/\/secure-static.arezzo.com.br\/medias\/sys_master\/arezzo\/arezzo\/h11\/h8d\/h00\/h00\/10646794174494\/HEADLESS-1184300080007U-03-BASEIMAGE-Hires-Headless.jpg' style='max-height: 400px' \/><img src='https:\/\/secure-static.arezzo.com.br\/medias\/sys_master\/arezzo\/arezzo\/h1e\/hd0\/h00\/h00\/10646794502174\/HEADLESS-1184300080007U-04-BASEIMAGE-Hires-Headless.jpg' style='max-height: 400px' \/><img src='https:\/\/secure-static.arezzo.com.br\/medias\/sys_master\/arezzo\/arezzo\/h40\/h39\/h00\/h00\/10646794829854\/HEADLESS-1184300080007U-05-BASEIMAGE-Hires-Headless.jpg' style='max-height: 400px' \/><\/div>\n<p>* Entre em contato por WhatsApp para verificar a disponibilidade do produto. Ref.: A1184300080007<\/p>\n","protected":false},"excerpt":{"rendered":"<p>Estoque dispon\u00edvel no tamanho: ULTIMA_ESTACAO.<br \/><small>atualizado em 02\/12\/2023.<\/p>\n","protected":false},"featured_media":20484,"template":"","meta":[],"product_brand":[],"product_cat":[164],"product_tag":[628],"class_list":{"0":"post-20485","1":"product","2":"type-product","3":"status-publish","4":"has-post-thumbnail","6":"product_cat-coturnos","7":"product_tag-ultima_estacao","9":"first","10":"instock","11":"shipping-taxable","12":"purchasable","13":"product-type-simple"},"_links":{"self":[{"href":"https:\/\/comprenowhats.com.br\/arezzoanaliafranco\/wp-json\/wp\/v2\/product\/20485","targetHints":{"allow":["GET"]}}],"collection":[{"href":"https:\/\/comprenowhats.com.br\/arezzoanaliafranco\/wp-json\/wp\/v2\/product"}],"about":[{"href":"https:\/\/comprenowhats.com.br\/arezzoanaliafranco\/wp-json\/wp\/v2\/types\/product"}],"wp:featuredmedia":[{"embeddable":true,"href":"https:\/\/comprenowhats.com.br\/arezzoanaliafranco\/wp-json\/wp\/v2\/media\/20484"}],"wp:attachment":[{"href":"https:\/\/comprenowhats.com.br\/arezzoanaliafranco\/wp-json\/wp\/v2\/media?parent=20485"}],"wp:term":[{"taxonomy":"product_brand","embeddable":true,"href":"https:\/\/comprenowhats.com.br\/arezzoanaliafranco\/wp-json\/wp\/v2\/product_brand?post=20485"},{"taxonomy":"product_cat","embeddable":true,"href":"https:\/\/comprenowhats.com.br\/arezzoanaliafranco\/wp-json\/wp\/v2\/product_cat?post=20485"},{"taxonomy":"product_tag","embeddable":true,"href":"https:\/\/comprenowhats.com.br\/arezzoanaliafranco\/wp-json\/wp\/v2\/product_tag?post=20485"}],"curies":[{"name":"wp","href":"https:\/\/api.w.org\/{rel}","templated":true}]}}