{"id":20220,"date":"2023-04-18T13:02:17","date_gmt":"2023-04-18T16:02:17","guid":{"rendered":"https:\/\/comprenowhats.com.br\/arezzoanaliafranco\/produto\/bolsa-tote-vermelha-couro-media-alca-basica\/"},"modified":"2023-09-22T12:06:13","modified_gmt":"2023-09-22T15:06:13","slug":"bolsa-tote-vermelha-couro-media-alca-basica","status":"publish","type":"product","link":"https:\/\/comprenowhats.com.br\/arezzoanaliafranco\/produto\/bolsa-tote-vermelha-couro-media-alca-basica\/","title":{"rendered":"Bolsa Tote Vermelha Couro M\u00e9dia Al\u00e7a B\u00e1sica"},"content":{"rendered":"<p>B\u00e1sica, atemporal e elegante. Esta bolsa \u00e9 a op\u00e7\u00e3o ideal para acompanhar produ\u00e7\u00f5es do dia a dia, indo do office ao passeio. Combina com as mais diversas pe\u00e7as e disp\u00f5e de amplo espa\u00e7o interno.<\/p>\n<div style='text-align: center'><img src='https:\/\/secure-static.arezzo.com.br\/medias\/sys_master\/arezzo\/arezzo\/hb9\/hd1\/h00\/h00\/11053262110750\/HEADLESS-5002106950005U-HO-BASEIMAGE-Thumbnail-Headless.jpg' style='max-height: 400px' \/><img src='https:\/\/secure-static.arezzo.com.br\/medias\/sys_master\/arezzo\/arezzo\/h01\/h40\/h00\/h00\/11053262241822\/HEADLESS-5002106950005U-HO-BASEIMAGE-Midres-Headless.jpg' style='max-height: 400px' \/><\/div>\n<p>* Entre em contato por WhatsApp para verificar a disponibilidade do produto. Ref.: A5002106950005<\/p>\n","protected":false},"excerpt":{"rendered":"<p>Estoque dispon\u00edvel no tamanho: ULTIMA_ESTACAO.<br \/><small>atualizado em 22\/09\/2023.<\/p>\n","protected":false},"featured_media":20219,"template":"","meta":[],"product_brand":[],"product_cat":[117],"product_tag":[628],"class_list":{"0":"post-20220","1":"product","2":"type-product","3":"status-publish","4":"has-post-thumbnail","6":"product_cat-bolsas","7":"product_tag-ultima_estacao","9":"first","10":"instock","11":"shipping-taxable","12":"purchasable","13":"product-type-simple"},"_links":{"self":[{"href":"https:\/\/comprenowhats.com.br\/arezzoanaliafranco\/wp-json\/wp\/v2\/product\/20220","targetHints":{"allow":["GET"]}}],"collection":[{"href":"https:\/\/comprenowhats.com.br\/arezzoanaliafranco\/wp-json\/wp\/v2\/product"}],"about":[{"href":"https:\/\/comprenowhats.com.br\/arezzoanaliafranco\/wp-json\/wp\/v2\/types\/product"}],"wp:featuredmedia":[{"embeddable":true,"href":"https:\/\/comprenowhats.com.br\/arezzoanaliafranco\/wp-json\/wp\/v2\/media\/20219"}],"wp:attachment":[{"href":"https:\/\/comprenowhats.com.br\/arezzoanaliafranco\/wp-json\/wp\/v2\/media?parent=20220"}],"wp:term":[{"taxonomy":"product_brand","embeddable":true,"href":"https:\/\/comprenowhats.com.br\/arezzoanaliafranco\/wp-json\/wp\/v2\/product_brand?post=20220"},{"taxonomy":"product_cat","embeddable":true,"href":"https:\/\/comprenowhats.com.br\/arezzoanaliafranco\/wp-json\/wp\/v2\/product_cat?post=20220"},{"taxonomy":"product_tag","embeddable":true,"href":"https:\/\/comprenowhats.com.br\/arezzoanaliafranco\/wp-json\/wp\/v2\/product_tag?post=20220"}],"curies":[{"name":"wp","href":"https:\/\/api.w.org\/{rel}","templated":true}]}}