{"id":20189,"date":"2023-04-18T13:01:46","date_gmt":"2023-04-18T16:01:46","guid":{"rendered":"https:\/\/comprenowhats.com.br\/arezzoanaliafranco\/produto\/bolsa-shopping-preta-couro-madison-grande\/"},"modified":"2023-09-22T12:06:06","modified_gmt":"2023-09-22T15:06:06","slug":"bolsa-shopping-preta-couro-madison-grande","status":"publish","type":"product","link":"https:\/\/comprenowhats.com.br\/arezzoanaliafranco\/produto\/bolsa-shopping-preta-couro-madison-grande\/","title":{"rendered":"Bolsa Shopping Preta Couro Madison Grande"},"content":{"rendered":"<p class=\"characteristic-description__highlight-text\">\n<p data-testid=\"ta-product-details__material\"><span class=\"characteristic-name\">Material<!-- -->:<\/span> Couros<\/p>\n<p data-testid=\"ta-product-details__color\"><span class=\"characteristic-name\">Cor<!-- -->:<\/span> Preto<\/p>\n<\/p>\n<p class=\"characteristic-description__highlight-text\" data-testid=\"ta-product_description\"><span class=\"characteristic-name\">Descri\u00e7\u00e3o: <\/span>Bolsa shopping grande de couro preta. O modelo tem formato estruturado e laterais arredondadas. Traz al\u00e7a lateral fina com regulagem, presa por metais, duas al\u00e7as de m\u00e3o bombadas e corrente met\u00e1lica dourada frontal. Possui fecho em tampo com recorte geom\u00e9trico e im\u00e3 interno, al\u00e9m de aplica\u00e7\u00e3o de metal em formato de A geom\u00e9trico. <\/p>\n<p><b>Porque Apostar<\/b><\/p>\n<p> A bag destaca a corrente e o metal em A geom\u00e9trico e insere um toque elegante e moderno nas produ\u00e7\u00f5es. Cria looks charmosos e pode ser carregada sobre um dos ombros ou nas m\u00e3os. A melhor escolha do office ao passeio!<\/p>\n<p class=\"characteristic-description__highlight-text\" data-testid=\"ta-product-information__SKU\"><span class=\"characteristic-name\">Refer\u00eancia: <\/span>A5002106850001<\/p>\n<div style='text-align: center'><img src='https:\/\/secure-static.arezzo.com.br\/medias\/sys_master\/arezzo\/arezzo\/h8f\/hf3\/h00\/h00\/10864302686238\/HEADLESS-5002106850001U-HO-BASEIMAGE-Thumbnail-Headless.jpg' style='max-height: 400px' \/><img src='https:\/\/secure-static.arezzo.com.br\/medias\/sys_master\/arezzo\/arezzo\/h4e\/h0c\/h00\/h00\/10864302817310\/HEADLESS-5002106850001U-HO-BASEIMAGE-Midres-Headless.jpg' style='max-height: 400px' \/><img src='https:\/\/secure-static.arezzo.com.br\/medias\/sys_master\/arezzo\/arezzo\/h35\/h52\/h00\/h00\/10861548175390\/HEADLESS-5002106850001U-01-BASEIMAGE-Hires-Headless.jpg' style='max-height: 400px' \/><\/div>\n<p>* Entre em contato por WhatsApp para verificar a disponibilidade do produto. Ref.: A5002106850001<\/p>\n","protected":false},"excerpt":{"rendered":"<p>Estoque dispon\u00edvel no tamanho: ULTIMA_ESTACAO.<br \/><small>atualizado em 22\/09\/2023.<\/p>\n","protected":false},"featured_media":20188,"template":"","meta":[],"product_brand":[],"product_cat":[117],"product_tag":[628],"class_list":{"0":"post-20189","1":"product","2":"type-product","3":"status-publish","4":"has-post-thumbnail","6":"product_cat-bolsas","7":"product_tag-ultima_estacao","9":"first","10":"instock","11":"shipping-taxable","12":"purchasable","13":"product-type-simple"},"_links":{"self":[{"href":"https:\/\/comprenowhats.com.br\/arezzoanaliafranco\/wp-json\/wp\/v2\/product\/20189","targetHints":{"allow":["GET"]}}],"collection":[{"href":"https:\/\/comprenowhats.com.br\/arezzoanaliafranco\/wp-json\/wp\/v2\/product"}],"about":[{"href":"https:\/\/comprenowhats.com.br\/arezzoanaliafranco\/wp-json\/wp\/v2\/types\/product"}],"wp:featuredmedia":[{"embeddable":true,"href":"https:\/\/comprenowhats.com.br\/arezzoanaliafranco\/wp-json\/wp\/v2\/media\/20188"}],"wp:attachment":[{"href":"https:\/\/comprenowhats.com.br\/arezzoanaliafranco\/wp-json\/wp\/v2\/media?parent=20189"}],"wp:term":[{"taxonomy":"product_brand","embeddable":true,"href":"https:\/\/comprenowhats.com.br\/arezzoanaliafranco\/wp-json\/wp\/v2\/product_brand?post=20189"},{"taxonomy":"product_cat","embeddable":true,"href":"https:\/\/comprenowhats.com.br\/arezzoanaliafranco\/wp-json\/wp\/v2\/product_cat?post=20189"},{"taxonomy":"product_tag","embeddable":true,"href":"https:\/\/comprenowhats.com.br\/arezzoanaliafranco\/wp-json\/wp\/v2\/product_tag?post=20189"}],"curies":[{"name":"wp","href":"https:\/\/api.w.org\/{rel}","templated":true}]}}