{"id":20047,"date":"2023-04-18T12:59:10","date_gmt":"2023-04-18T15:59:10","guid":{"rendered":"https:\/\/comprenowhats.com.br\/arezzoanaliafranco\/produto\/bolsa-shopping-preta-couro-hailey-grande\/"},"modified":"2023-12-20T13:31:37","modified_gmt":"2023-12-20T16:31:37","slug":"bolsa-shopping-preta-couro-hailey-grande","status":"publish","type":"product","link":"https:\/\/comprenowhats.com.br\/arezzoanaliafranco\/produto\/bolsa-shopping-preta-couro-hailey-grande\/","title":{"rendered":"Bolsa Shopping Preta Couro Hailey Grande"},"content":{"rendered":"<p>A bolsa shopping que vai ser sua favorita na temporada! Minimalista e elegante, ela promete elevar as suas produ\u00e7\u00f5es com muita praticidade e estilo. Jeans, alfaitaria, vestidos&#8230; s\u00e3o infinitas possibilidades. Aposte!<\/p>\n<div style='text-align: center'><img src='https:\/\/secure-static.arezzo.com.br\/medias\/sys_master\/arezzo\/arezzo\/h40\/hdc\/h00\/h00\/10890356981790\/HEADLESS-5001404670003U-01-BASEIMAGE-Thumbnail-Headless.jpg' style='max-height: 400px' \/><img src='https:\/\/secure-static.arezzo.com.br\/medias\/sys_master\/arezzo\/arezzo\/hc1\/h2a\/h00\/h00\/10890357112862\/HEADLESS-5001404670003U-01-BASEIMAGE-Midres-Headless.jpg' style='max-height: 400px' \/><img src='https:\/\/secure-static.arezzo.com.br\/medias\/sys_master\/arezzo\/arezzo\/hb9\/h43\/h00\/h00\/10890357506078\/HEADLESS-5001404670003U-03-BASEIMAGE-Hires-Headless.jpg' style='max-height: 400px' \/><\/div>\n<p>* Entre em contato por WhatsApp para verificar a disponibilidade do produto. Ref.: A5001404670003<\/p>\n","protected":false},"excerpt":{"rendered":"<p>Em estoque.<br \/><small>atualizado em 20\/12\/2023.<\/p>\n","protected":false},"featured_media":20046,"template":"","meta":[],"product_brand":[],"product_cat":[117],"product_tag":[],"class_list":{"0":"post-20047","1":"product","2":"type-product","3":"status-publish","4":"has-post-thumbnail","6":"product_cat-bolsas","8":"first","9":"instock","10":"shipping-taxable","11":"purchasable","12":"product-type-simple"},"_links":{"self":[{"href":"https:\/\/comprenowhats.com.br\/arezzoanaliafranco\/wp-json\/wp\/v2\/product\/20047","targetHints":{"allow":["GET"]}}],"collection":[{"href":"https:\/\/comprenowhats.com.br\/arezzoanaliafranco\/wp-json\/wp\/v2\/product"}],"about":[{"href":"https:\/\/comprenowhats.com.br\/arezzoanaliafranco\/wp-json\/wp\/v2\/types\/product"}],"wp:featuredmedia":[{"embeddable":true,"href":"https:\/\/comprenowhats.com.br\/arezzoanaliafranco\/wp-json\/wp\/v2\/media\/20046"}],"wp:attachment":[{"href":"https:\/\/comprenowhats.com.br\/arezzoanaliafranco\/wp-json\/wp\/v2\/media?parent=20047"}],"wp:term":[{"taxonomy":"product_brand","embeddable":true,"href":"https:\/\/comprenowhats.com.br\/arezzoanaliafranco\/wp-json\/wp\/v2\/product_brand?post=20047"},{"taxonomy":"product_cat","embeddable":true,"href":"https:\/\/comprenowhats.com.br\/arezzoanaliafranco\/wp-json\/wp\/v2\/product_cat?post=20047"},{"taxonomy":"product_tag","embeddable":true,"href":"https:\/\/comprenowhats.com.br\/arezzoanaliafranco\/wp-json\/wp\/v2\/product_tag?post=20047"}],"curies":[{"name":"wp","href":"https:\/\/api.w.org\/{rel}","templated":true}]}}