{"id":19398,"date":"2023-04-18T12:43:58","date_gmt":"2023-04-18T15:43:58","guid":{"rendered":"https:\/\/comprenowhats.com.br\/arezzoanaliafranco\/produto\/tote-off-white-couro-jade-media-panacota\/"},"modified":"2023-09-22T11:57:23","modified_gmt":"2023-09-22T14:57:23","slug":"tote-off-white-couro-jade-media-panacota","status":"publish","type":"product","link":"https:\/\/comprenowhats.com.br\/arezzoanaliafranco\/produto\/tote-off-white-couro-jade-media-panacota\/","title":{"rendered":"Tote Off-White Couro Jade M\u00e9dia Panacota"},"content":{"rendered":"<p class=\"characteristic-description__highlight-text\">\n<p data-testid=\"ta-product-details__material\"><span class=\"characteristic-name\">Material<!-- -->:<\/span> Couros<\/p>\n<p data-testid=\"ta-product-details__color\"><span class=\"characteristic-name\">Cor<!-- -->:<\/span> Off-White<\/p>\n<\/p>\n<p class=\"characteristic-description__highlight-text\"><span class=\"characteristic-name\">Dimens\u00f5es: <\/span>8x17x20,5 cm<\/p>\n<p class=\"characteristic-description__highlight-text\" data-testid=\"ta-product_description\"><span class=\"characteristic-name\">Descri\u00e7\u00e3o: <\/span>Bolsa tote m\u00e9dia de couro Off-white. O modelo tem formato estruturado e acabamento liso. Traz al\u00e7a em tira fina e longa de couro e duas al\u00e7as de m\u00e3o em tiras de couro e correntes met\u00e1licas, presas \u00e0 bolsa na parte superior e com ilh\u00f3s met\u00e1licos vazados. Possui fecho superior, al\u00e9m de bag charms em pe\u00e7as met\u00e1licas geom\u00e9tricas, com aplica\u00e7\u00e3o de pedrarias coloridas em um deles. <\/p>\n<p><b>Porque Apostar<\/b><\/p>\n<p> Sofisticada e elegante, a bolsa Jade destaca os detalhes met\u00e1licos e tem formato compacto e pr\u00e1tico. Cria looks charmosos e pode ser carregada sobre um dos ombros ou nas m\u00e3os. O modelo insere um toque charmoso nas produ\u00e7\u00f5es e pode ser combinado a alfaiataria monocrom\u00e1tica para um look a cara da esta\u00e7\u00e3o.<\/p>\n<p class=\"characteristic-description__highlight-text\" data-testid=\"ta-product-information__SKU\"><span class=\"characteristic-name\">Refer\u00eancia: <\/span>A5001106200002<\/p>\n<div style='text-align: center'><img src='https:\/\/secure-static.arezzo.com.br\/medias\/sys_master\/arezzo\/arezzo\/h57\/hf5\/h00\/h00\/10671526772766\/5001106200002U-01-BASEIMAGE-Thumbnail.jpg' style='max-height: 400px' \/><img src='https:\/\/secure-static.arezzo.com.br\/medias\/sys_master\/arezzo\/arezzo\/h65\/h10\/h00\/h00\/10671526903838\/5001106200002U-01-BASEIMAGE-Midres.jpg' style='max-height: 400px' \/><img src='https:\/\/secure-static.arezzo.com.br\/medias\/sys_master\/arezzo\/arezzo\/h37\/h21\/h00\/h00\/10671527297054\/5001106200002U-03-BASEIMAGE-Hires.jpg' style='max-height: 400px' \/><\/div>\n<p>* Entre em contato por WhatsApp para verificar a disponibilidade do produto. Ref.: A5001106200002<\/p>\n","protected":false},"excerpt":{"rendered":"<p>Estoque dispon\u00edvel no tamanho: ULTIMA_ESTACAO.<br \/><small>atualizado em 22\/09\/2023.<\/p>\n","protected":false},"featured_media":16798,"template":"","meta":[],"product_brand":[],"product_cat":[117],"product_tag":[628],"class_list":{"0":"post-19398","1":"product","2":"type-product","3":"status-publish","4":"has-post-thumbnail","6":"product_cat-bolsas","7":"product_tag-ultima_estacao","9":"first","10":"instock","11":"shipping-taxable","12":"purchasable","13":"product-type-simple"},"_links":{"self":[{"href":"https:\/\/comprenowhats.com.br\/arezzoanaliafranco\/wp-json\/wp\/v2\/product\/19398","targetHints":{"allow":["GET"]}}],"collection":[{"href":"https:\/\/comprenowhats.com.br\/arezzoanaliafranco\/wp-json\/wp\/v2\/product"}],"about":[{"href":"https:\/\/comprenowhats.com.br\/arezzoanaliafranco\/wp-json\/wp\/v2\/types\/product"}],"wp:featuredmedia":[{"embeddable":true,"href":"https:\/\/comprenowhats.com.br\/arezzoanaliafranco\/wp-json\/wp\/v2\/media\/16798"}],"wp:attachment":[{"href":"https:\/\/comprenowhats.com.br\/arezzoanaliafranco\/wp-json\/wp\/v2\/media?parent=19398"}],"wp:term":[{"taxonomy":"product_brand","embeddable":true,"href":"https:\/\/comprenowhats.com.br\/arezzoanaliafranco\/wp-json\/wp\/v2\/product_brand?post=19398"},{"taxonomy":"product_cat","embeddable":true,"href":"https:\/\/comprenowhats.com.br\/arezzoanaliafranco\/wp-json\/wp\/v2\/product_cat?post=19398"},{"taxonomy":"product_tag","embeddable":true,"href":"https:\/\/comprenowhats.com.br\/arezzoanaliafranco\/wp-json\/wp\/v2\/product_tag?post=19398"}],"curies":[{"name":"wp","href":"https:\/\/api.w.org\/{rel}","templated":true}]}}