{"id":19388,"date":"2023-04-18T12:43:48","date_gmt":"2023-04-18T15:43:48","guid":{"rendered":"https:\/\/comprenowhats.com.br\/arezzoanaliafranco\/produto\/porta-cartoes-off-white-couro-basico\/"},"modified":"2023-09-22T12:04:31","modified_gmt":"2023-09-22T15:04:31","slug":"porta-cartoes-off-white-couro-basico","status":"publish","type":"product","link":"https:\/\/comprenowhats.com.br\/arezzoanaliafranco\/produto\/porta-cartoes-off-white-couro-basico\/","title":{"rendered":"Porta-Cart\u00f5es Off-White Couro B\u00e1sico"},"content":{"rendered":"<p class=\"characteristic-description__highlight-text\">\n<p class=\"characteristic-description__highlight-text\"><span class=\"characteristic-name\">Dimens\u00f5es: <\/span>7,5&#215;10 cm<\/p>\n<p class=\"characteristic-description__highlight-text\" data-testid=\"ta-product_description\"><span class=\"characteristic-name\">Descri\u00e7\u00e3o: <\/span>Porta-cart\u00f5es de couro Off-white. O acess\u00f3rio tem capas texturizadas, formato quadrado, contorno em pesponto e inscri\u00e7\u00e3o discreta do nome da marca. Com espa\u00e7o para cart\u00f5es nas duas capas. <\/p>\n<p><b>Porque Apostar<\/b><\/p>\n<p> O modelo \u00e9 pr\u00e1tico, compacto e acomoda cart\u00f5es com facilidade com seus diversos compartimentos. O porta-cart\u00f5es vem em vers\u00e3o monocrom\u00e1tica e neutra, seguindo as tend\u00eancias da temporada. Uma \u00f3tima op\u00e7\u00e3o para presentear sem erro!<\/p>\n<p class=\"characteristic-description__highlight-text\" data-testid=\"ta-product-information__SKU\"><span class=\"characteristic-name\">Refer\u00eancia: <\/span>A4001101860002<\/p>\n<div style='text-align: center'><img src='https:\/\/secure-static.arezzo.com.br\/medias\/sys_master\/arezzo\/arezzo\/h7b\/ha9\/h00\/h00\/10750578458654\/HEADLESS-4001101860002U-HO-BASEIMAGE-Thumbnail-Headless.jpg' style='max-height: 400px' \/><img src='https:\/\/secure-static.arezzo.com.br\/medias\/sys_master\/arezzo\/arezzo\/hcc\/hc4\/h00\/h00\/10750578589726\/HEADLESS-4001101860002U-HO-BASEIMAGE-Midres-Headless.jpg' style='max-height: 400px' \/><img src='https:\/\/secure-static.arezzo.com.br\/medias\/sys_master\/arezzo\/arezzo\/h1e\/hc2\/h00\/h00\/10750577344542\/HEADLESS-4001101860002U-01-BASEIMAGE-Hires-Headless.jpg' style='max-height: 400px' \/><\/div>\n<p>* Entre em contato por WhatsApp para verificar a disponibilidade do produto. Ref.: A4001101860002<\/p>\n","protected":false},"excerpt":{"rendered":"<p>Estoque dispon\u00edvel no tamanho: ULTIMA_ESTACAO.<br \/><small>atualizado em 22\/09\/2023.<\/p>\n","protected":false},"featured_media":17703,"template":"","meta":[],"product_brand":[],"product_cat":[600],"product_tag":[628],"class_list":{"0":"post-19388","1":"product","2":"type-product","3":"status-publish","4":"has-post-thumbnail","6":"product_cat-porta-cartoes-off-white-couro-basico","7":"product_tag-ultima_estacao","9":"first","10":"instock","11":"shipping-taxable","12":"purchasable","13":"product-type-simple"},"_links":{"self":[{"href":"https:\/\/comprenowhats.com.br\/arezzoanaliafranco\/wp-json\/wp\/v2\/product\/19388","targetHints":{"allow":["GET"]}}],"collection":[{"href":"https:\/\/comprenowhats.com.br\/arezzoanaliafranco\/wp-json\/wp\/v2\/product"}],"about":[{"href":"https:\/\/comprenowhats.com.br\/arezzoanaliafranco\/wp-json\/wp\/v2\/types\/product"}],"wp:featuredmedia":[{"embeddable":true,"href":"https:\/\/comprenowhats.com.br\/arezzoanaliafranco\/wp-json\/wp\/v2\/media\/17703"}],"wp:attachment":[{"href":"https:\/\/comprenowhats.com.br\/arezzoanaliafranco\/wp-json\/wp\/v2\/media?parent=19388"}],"wp:term":[{"taxonomy":"product_brand","embeddable":true,"href":"https:\/\/comprenowhats.com.br\/arezzoanaliafranco\/wp-json\/wp\/v2\/product_brand?post=19388"},{"taxonomy":"product_cat","embeddable":true,"href":"https:\/\/comprenowhats.com.br\/arezzoanaliafranco\/wp-json\/wp\/v2\/product_cat?post=19388"},{"taxonomy":"product_tag","embeddable":true,"href":"https:\/\/comprenowhats.com.br\/arezzoanaliafranco\/wp-json\/wp\/v2\/product_tag?post=19388"}],"curies":[{"name":"wp","href":"https:\/\/api.w.org\/{rel}","templated":true}]}}