{"id":19375,"date":"2023-04-18T12:43:19","date_gmt":"2023-04-18T15:43:19","guid":{"rendered":"https:\/\/comprenowhats.com.br\/arezzoanaliafranco\/produto\/sandalia-bege-couro-bloco-tratorada-fechada\/"},"modified":"2023-12-20T13:23:37","modified_gmt":"2023-12-20T16:23:37","slug":"sandalia-bege-couro-bloco-tratorada-fechada","status":"publish","type":"product","link":"https:\/\/comprenowhats.com.br\/arezzoanaliafranco\/produto\/sandalia-bege-couro-bloco-tratorada-fechada\/","title":{"rendered":"Sand\u00e1lia Bege Couro Bloco Tratorada Fechada"},"content":{"rendered":"<p class=\"characteristic-description__highlight-text\">\n<p data-testid=\"ta-product-details__material\"><span class=\"characteristic-name\">Material<!-- -->:<\/span> Couros<\/p>\n<p data-testid=\"ta-product-details__color\"><span class=\"characteristic-name\">Cor<!-- -->:<\/span> Nude<\/p>\n<p data-testid=\"ta-product-details__heel-size\"><span class=\"characteristic-name\">Tamanho do salto<!-- -->:<\/span> 8cm<\/p>\n<\/p>\n<p class=\"characteristic-description__highlight-text\" data-testid=\"ta-product_description\"><span class=\"characteristic-name\">Descri\u00e7\u00e3o: <\/span>Sand\u00e1lia bege nude de couro. O modelo tem salto m\u00e9dio bloco da cor da sand\u00e1lia, base tratorada e bico redondo. Traz cabedal fechado, com recorte em V no peito do p\u00e9 e conectado \u00e0 tira em torno do calcanhar com fecho em fivela quadrada grande lateral. Deixa dedos, parte do peito do p\u00e9 e calcanhar \u00e0 mostra. Com palmilha da cor do modelo e inscri\u00e7\u00e3o do nome da marca. <\/p>\n<p><b>Porque Apostar<\/b><\/p>\n<p> A sand\u00e1lia tratorada j\u00e1 \u00e9 um cl\u00e1ssico e o modelo mais amado da esta\u00e7\u00e3o! Possui um design urbano e descolado e \u00e9 garantia de muito conforto e estilo. A sand\u00e1lia surge atualizada nos tons suaves da temporada, criando looks charmosos. Vers\u00e1til, combina com tudo e \u00e9 perfeita tanto para o dia a dia como para um passeio.<\/p>\n<p class=\"characteristic-description__highlight-text\" data-testid=\"ta-product-information__SKU\"><span class=\"characteristic-name\">Refer\u00eancia: <\/span>A1063500100019<\/p>\n<div style='text-align: center'><img src='https:\/\/secure-static.arezzo.com.br\/medias\/sys_master\/arezzo\/arezzo\/hd3\/h7f\/h00\/h00\/10894300479518\/HEADLESS-1063500100019U-01-BASEIMAGE-Thumbnail-Headless.jpg' style='max-height: 400px' \/><img src='https:\/\/secure-static.arezzo.com.br\/medias\/sys_master\/arezzo\/arezzo\/h52\/hac\/h00\/h00\/10894300545054\/HEADLESS-1063500100019U-01-BASEIMAGE-Midres-Headless.jpg' style='max-height: 400px' \/><img src='https:\/\/secure-static.arezzo.com.br\/medias\/sys_master\/arezzo\/arezzo\/h3e\/hc7\/h00\/h00\/10894300774430\/HEADLESS-1063500100019U-03-BASEIMAGE-Hires-Headless.jpg' style='max-height: 400px' \/><\/div>\n<p>* Entre em contato por WhatsApp para verificar a disponibilidade do produto. Ref.: A1063500100019<\/p>\n","protected":false},"excerpt":{"rendered":"<p>Estoque dispon\u00edvel nos tamanhos: ULTIMA_ESTACAO, 36, 38, 39.<br \/><small>atualizado em 20\/12\/2023.<\/p>\n","protected":false},"featured_media":19374,"template":"","meta":[],"product_brand":[],"product_cat":[54],"product_tag":[44,46,47,628],"class_list":{"0":"post-19375","1":"product","2":"type-product","3":"status-publish","4":"has-post-thumbnail","6":"product_cat-sapatos","7":"product_tag-44","8":"product_tag-46","9":"product_tag-47","10":"product_tag-ultima_estacao","12":"first","13":"instock","14":"shipping-taxable","15":"purchasable","16":"product-type-simple"},"_links":{"self":[{"href":"https:\/\/comprenowhats.com.br\/arezzoanaliafranco\/wp-json\/wp\/v2\/product\/19375","targetHints":{"allow":["GET"]}}],"collection":[{"href":"https:\/\/comprenowhats.com.br\/arezzoanaliafranco\/wp-json\/wp\/v2\/product"}],"about":[{"href":"https:\/\/comprenowhats.com.br\/arezzoanaliafranco\/wp-json\/wp\/v2\/types\/product"}],"wp:featuredmedia":[{"embeddable":true,"href":"https:\/\/comprenowhats.com.br\/arezzoanaliafranco\/wp-json\/wp\/v2\/media\/19374"}],"wp:attachment":[{"href":"https:\/\/comprenowhats.com.br\/arezzoanaliafranco\/wp-json\/wp\/v2\/media?parent=19375"}],"wp:term":[{"taxonomy":"product_brand","embeddable":true,"href":"https:\/\/comprenowhats.com.br\/arezzoanaliafranco\/wp-json\/wp\/v2\/product_brand?post=19375"},{"taxonomy":"product_cat","embeddable":true,"href":"https:\/\/comprenowhats.com.br\/arezzoanaliafranco\/wp-json\/wp\/v2\/product_cat?post=19375"},{"taxonomy":"product_tag","embeddable":true,"href":"https:\/\/comprenowhats.com.br\/arezzoanaliafranco\/wp-json\/wp\/v2\/product_tag?post=19375"}],"curies":[{"name":"wp","href":"https:\/\/api.w.org\/{rel}","templated":true}]}}