{"id":19316,"date":"2023-04-18T12:19:07","date_gmt":"2023-04-18T15:19:07","guid":{"rendered":"https:\/\/comprenowhats.com.br\/arezzoanaliafranco\/produto\/coturno-off-white-couro-cano-curto-amarracao\/"},"modified":"2023-12-02T11:39:23","modified_gmt":"2023-12-02T14:39:23","slug":"coturno-off-white-couro-cano-curto-amarracao","status":"publish","type":"product","link":"https:\/\/comprenowhats.com.br\/arezzoanaliafranco\/produto\/coturno-off-white-couro-cano-curto-amarracao\/","title":{"rendered":"Coturno Off-White Couro Cano Curto Amarra\u00e7\u00e3o"},"content":{"rendered":"<p class=\"characteristic-description__highlight-text\">\n<p data-testid=\"ta-product-details__material\"><span class=\"characteristic-name\">Material<!-- -->:<\/span> Couros<\/p>\n<p data-testid=\"ta-product-details__color\"><span class=\"characteristic-name\">Cor<!-- -->:<\/span> Off-White<\/p>\n<\/p>\n<p class=\"characteristic-description__highlight-text\" data-testid=\"ta-product_description\"><span class=\"characteristic-name\">Descri\u00e7\u00e3o: <\/span>Coturno Off-white de couro. O modelo tem cano curto, bico redondo e salto baixo emborrachado e tratorado. Traz fecho em cadar\u00e7os e tira com puxador na parte traseira, facilitando o calce. Com detalhes em costura pesponto no cabedal.<\/p>\n<p><b>Porque Apostar<\/b><\/p>\n<p>O coturno vem com solado tratorado, traduzindo a tend\u00eancia chunky da temporada. Garantia de muito conforto e estilo, combina com as mais diversas pe\u00e7as e insere um toque ousado no visual. A dica \u00e9 deixar o coturno como protagonista e equilibrar a produ\u00e7\u00e3o com itens b\u00e1sicos, como jeans e camiseta.<\/p>\n<p class=\"characteristic-description__highlight-text\" data-testid=\"ta-product-information__SKU\"><span class=\"characteristic-name\">Refer\u00eancia: <\/span>A1201700010006<\/p>\n<div style='text-align: center'><img src='https:\/\/secure-static.arezzo.com.br\/medias\/sys_master\/arezzo\/arezzo\/h0e\/hc4\/h00\/h00\/10647729438750\/HEADLESS-1201700010006U-HO-BASEIMAGE-Thumbnail-Headless.jpg' style='max-height: 400px' \/><img src='https:\/\/secure-static.arezzo.com.br\/medias\/sys_master\/arezzo\/arezzo\/h57\/h32\/h00\/h00\/10647729569822\/HEADLESS-1201700010006U-HO-BASEIMAGE-Midres-Headless.jpg' style='max-height: 400px' \/><img src='https:\/\/secure-static.arezzo.com.br\/medias\/sys_master\/arezzo\/arezzo\/h0c\/h4b\/h00\/h00\/10647727341598\/HEADLESS-1201700010006U-01-BASEIMAGE-Hires-Headless.jpg' style='max-height: 400px' \/><\/div>\n<p>* Entre em contato por WhatsApp para verificar a disponibilidade do produto. Ref.: A1201700010006<\/p>\n","protected":false},"excerpt":{"rendered":"<p>Estoque dispon\u00edvel no tamanho: ULTIMA_ESTACAO.<br \/><small>atualizado em 02\/12\/2023.<\/p>\n","protected":false},"featured_media":19315,"template":"","meta":[],"product_brand":[],"product_cat":[54],"product_tag":[628],"class_list":{"0":"post-19316","1":"product","2":"type-product","3":"status-publish","4":"has-post-thumbnail","6":"product_cat-sapatos","7":"product_tag-ultima_estacao","9":"first","10":"instock","11":"shipping-taxable","12":"purchasable","13":"product-type-simple"},"_links":{"self":[{"href":"https:\/\/comprenowhats.com.br\/arezzoanaliafranco\/wp-json\/wp\/v2\/product\/19316","targetHints":{"allow":["GET"]}}],"collection":[{"href":"https:\/\/comprenowhats.com.br\/arezzoanaliafranco\/wp-json\/wp\/v2\/product"}],"about":[{"href":"https:\/\/comprenowhats.com.br\/arezzoanaliafranco\/wp-json\/wp\/v2\/types\/product"}],"wp:featuredmedia":[{"embeddable":true,"href":"https:\/\/comprenowhats.com.br\/arezzoanaliafranco\/wp-json\/wp\/v2\/media\/19315"}],"wp:attachment":[{"href":"https:\/\/comprenowhats.com.br\/arezzoanaliafranco\/wp-json\/wp\/v2\/media?parent=19316"}],"wp:term":[{"taxonomy":"product_brand","embeddable":true,"href":"https:\/\/comprenowhats.com.br\/arezzoanaliafranco\/wp-json\/wp\/v2\/product_brand?post=19316"},{"taxonomy":"product_cat","embeddable":true,"href":"https:\/\/comprenowhats.com.br\/arezzoanaliafranco\/wp-json\/wp\/v2\/product_cat?post=19316"},{"taxonomy":"product_tag","embeddable":true,"href":"https:\/\/comprenowhats.com.br\/arezzoanaliafranco\/wp-json\/wp\/v2\/product_tag?post=19316"}],"curies":[{"name":"wp","href":"https:\/\/api.w.org\/{rel}","templated":true}]}}