{"id":19166,"date":"2023-02-04T11:58:13","date_gmt":"2023-02-04T14:58:13","guid":{"rendered":"https:\/\/comprenowhats.com.br\/arezzoanaliafranco\/produto\/bolsa-tote-off-white-couro-abraccio-media\/"},"modified":"2023-09-22T12:05:03","modified_gmt":"2023-09-22T15:05:03","slug":"bolsa-tote-off-white-couro-abraccio-media","status":"publish","type":"product","link":"https:\/\/comprenowhats.com.br\/arezzoanaliafranco\/produto\/bolsa-tote-off-white-couro-abraccio-media\/","title":{"rendered":"Bolsa Tote Off-White Couro Abraccio M\u00e9dia"},"content":{"rendered":"<p class=\"characteristic-description__highlight-text\">\n<p data-testid=\"ta-product-details__material\"><span class=\"characteristic-name\">Material<!-- -->:<\/span> Outros<\/p>\n<p data-testid=\"ta-product-details__color\"><span class=\"characteristic-name\">Cor<!-- -->:<\/span> Off-White<\/p>\n<\/p>\n<p class=\"characteristic-description__highlight-text\" data-testid=\"ta-product_description\"><span class=\"characteristic-name\">Descri\u00e7\u00e3o: <\/span>Bolsa tote m\u00e9dia de couro Off-white. O modelo tem formato estruturado, acabamento texturizado, recortes na parte superior e inscri\u00e7\u00e3o discreta do nome da marca. Traz al\u00e7a tiracolo larga com regulagem e al\u00e7as de m\u00e3o bombadas presas por metais sextavados. Com fecho superior em z\u00edper e puxador em tira. Acompanha bag charm em couro com detalhe em metal e preso \u00e0 bolsa por tira fina.<\/p>\n<p><b>Porque Apostar<\/b><\/p>\n<p>Elegante e espa\u00e7osa, a bolsa \u00e9 perfeita para acompanhar a rotina e combina com as mais diversas produ\u00e7\u00f5es e ocasi\u00f5es. Vem ainda em vers\u00e3o monocrom\u00e1tica, seguindo as tend\u00eancias da temporada, e com detalhe em metais nas al\u00e7as.<\/p>\n<p class=\"characteristic-description__highlight-text\" data-testid=\"ta-product-information__SKU\"><span class=\"characteristic-name\">Refer\u00eancia: <\/span>A5001403000068<\/p>\n<div style='text-align: center'><img src='https:\/\/secure-static.arezzo.com.br\/medias\/sys_master\/arezzo\/arezzo\/h27\/h75\/h00\/h00\/10894060879902\/HEADLESS-5001403000068U-01-BASEIMAGE-Thumbnail-Headless.jpg' style='max-height: 400px' \/><img src='https:\/\/secure-static.arezzo.com.br\/medias\/sys_master\/arezzo\/arezzo\/haf\/hb4\/h00\/h00\/10894060945438\/HEADLESS-5001403000068U-01-BASEIMAGE-Midres-Headless.jpg' style='max-height: 400px' \/><img src='https:\/\/secure-static.arezzo.com.br\/medias\/sys_master\/arezzo\/arezzo\/ha7\/he3\/h00\/h00\/10894061174814\/HEADLESS-5001403000068U-03-BASEIMAGE-Hires-Headless.jpg' style='max-height: 400px' \/><\/div>\n<p>* Entre em contato por WhatsApp para verificar a disponibilidade do produto. Ref.: A5001403000068<\/p>\n","protected":false},"excerpt":{"rendered":"<p>Estoque dispon\u00edvel no tamanho: ULTIMA_ESTACAO.<br \/><small>atualizado em 22\/09\/2023.<\/p>\n","protected":false},"featured_media":19165,"template":"","meta":[],"product_brand":[],"product_cat":[117],"product_tag":[628],"class_list":{"0":"post-19166","1":"product","2":"type-product","3":"status-publish","4":"has-post-thumbnail","6":"product_cat-bolsas","7":"product_tag-ultima_estacao","9":"first","10":"instock","11":"shipping-taxable","12":"purchasable","13":"product-type-simple"},"_links":{"self":[{"href":"https:\/\/comprenowhats.com.br\/arezzoanaliafranco\/wp-json\/wp\/v2\/product\/19166","targetHints":{"allow":["GET"]}}],"collection":[{"href":"https:\/\/comprenowhats.com.br\/arezzoanaliafranco\/wp-json\/wp\/v2\/product"}],"about":[{"href":"https:\/\/comprenowhats.com.br\/arezzoanaliafranco\/wp-json\/wp\/v2\/types\/product"}],"wp:featuredmedia":[{"embeddable":true,"href":"https:\/\/comprenowhats.com.br\/arezzoanaliafranco\/wp-json\/wp\/v2\/media\/19165"}],"wp:attachment":[{"href":"https:\/\/comprenowhats.com.br\/arezzoanaliafranco\/wp-json\/wp\/v2\/media?parent=19166"}],"wp:term":[{"taxonomy":"product_brand","embeddable":true,"href":"https:\/\/comprenowhats.com.br\/arezzoanaliafranco\/wp-json\/wp\/v2\/product_brand?post=19166"},{"taxonomy":"product_cat","embeddable":true,"href":"https:\/\/comprenowhats.com.br\/arezzoanaliafranco\/wp-json\/wp\/v2\/product_cat?post=19166"},{"taxonomy":"product_tag","embeddable":true,"href":"https:\/\/comprenowhats.com.br\/arezzoanaliafranco\/wp-json\/wp\/v2\/product_tag?post=19166"}],"curies":[{"name":"wp","href":"https:\/\/api.w.org\/{rel}","templated":true}]}}