{"id":18293,"date":"2023-01-07T10:58:20","date_gmt":"2023-01-07T13:58:20","guid":{"rendered":"https:\/\/comprenowhats.com.br\/arezzoanaliafranco\/produto\/coturno-preto-couro-tratorado-pedrarias\/"},"modified":"2023-12-02T11:38:57","modified_gmt":"2023-12-02T14:38:57","slug":"coturno-preto-couro-tratorado-pedrarias","status":"publish","type":"product","link":"https:\/\/comprenowhats.com.br\/arezzoanaliafranco\/produto\/coturno-preto-couro-tratorado-pedrarias\/","title":{"rendered":"Coturno Preto Couro Tratorado Pedrarias"},"content":{"rendered":"<p class=\"characteristic-description__highlight-text\">\n<p data-testid=\"ta-product-details__material\"><span class=\"characteristic-name\">Material<!-- -->:<\/span> Couros<\/p>\n<p data-testid=\"ta-product-details__color\"><span class=\"characteristic-name\">Cor<!-- -->:<\/span> Preto<\/p>\n<p data-testid=\"ta-product-details__heel-size\"><span class=\"characteristic-name\">Tamanho do salto<!-- -->:<\/span> 3.7cm<\/p>\n<\/p>\n<p class=\"characteristic-description__highlight-text\" data-testid=\"ta-product_description\"><span class=\"characteristic-name\">Descri\u00e7\u00e3o: <\/span>Coturno preto de couro. O modelo tem cano curto, bico redondo e salto baixo emborrachado preto tratorado. Traz fecho em cadar\u00e7os pretos por todo o cabedal e aplica\u00e7\u00e3o de pedrarias pretas em tira sobreposta remov\u00edvel, presa nas laterais do cano. Com detalhe em costura pesponto.<\/p>\n<p><b>Porque Apostar<\/b><\/p>\n<p>O coturno de solado tratorado \u00e9 uma das grandes tend\u00eancias da esta\u00e7\u00e3o! Conferindo um toque urbano \u00e0s composi\u00e7\u00f5es, pode ser combinado a pe\u00e7as mais leves e coloridas, trazendo uma pegada feminina ao visual. Confort\u00e1vel, \u00e9 pe\u00e7a-chave para produ\u00e7\u00f5es despojadas e repletas de atitude!<\/p>\n<p class=\"characteristic-description__highlight-text\" data-testid=\"ta-product-information__SKU\"><span class=\"characteristic-name\">Refer\u00eancia: <\/span>A1118000800001<\/p>\n<div style='text-align: center'><img src='https:\/\/secure-static.arezzo.com.br\/medias\/sys_master\/arezzo\/arezzo\/h2a\/h39\/h00\/h00\/10326534586398\/1118000800001U-01-BASEIMAGE-Thumbnail.jpg' style='max-height: 400px' \/><img src='https:\/\/secure-static.arezzo.com.br\/medias\/sys_master\/arezzo\/arezzo\/h17\/hae\/h00\/h00\/10326534717470\/1118000800001U-01-BASEIMAGE-Midres.jpg' style='max-height: 400px' \/><img src='https:\/\/secure-static.arezzo.com.br\/medias\/sys_master\/arezzo\/arezzo\/h35\/h72\/h00\/h00\/10326535110686\/1118000800001U-03-BASEIMAGE-Hires.jpg' style='max-height: 400px' \/><\/div>\n<p>* Entre em contato por WhatsApp para verificar a disponibilidade do produto. Ref.: A1118000800001<\/p>\n","protected":false},"excerpt":{"rendered":"<p>Estoque dispon\u00edvel no tamanho: ULTIMA_ESTACAO.<br \/><small>atualizado em 02\/12\/2023.<\/p>\n","protected":false},"featured_media":12671,"template":"","meta":[],"product_brand":[],"product_cat":[54],"product_tag":[628],"class_list":{"0":"post-18293","1":"product","2":"type-product","3":"status-publish","4":"has-post-thumbnail","6":"product_cat-sapatos","7":"product_tag-ultima_estacao","9":"first","10":"instock","11":"shipping-taxable","12":"purchasable","13":"product-type-simple"},"_links":{"self":[{"href":"https:\/\/comprenowhats.com.br\/arezzoanaliafranco\/wp-json\/wp\/v2\/product\/18293","targetHints":{"allow":["GET"]}}],"collection":[{"href":"https:\/\/comprenowhats.com.br\/arezzoanaliafranco\/wp-json\/wp\/v2\/product"}],"about":[{"href":"https:\/\/comprenowhats.com.br\/arezzoanaliafranco\/wp-json\/wp\/v2\/types\/product"}],"wp:featuredmedia":[{"embeddable":true,"href":"https:\/\/comprenowhats.com.br\/arezzoanaliafranco\/wp-json\/wp\/v2\/media\/12671"}],"wp:attachment":[{"href":"https:\/\/comprenowhats.com.br\/arezzoanaliafranco\/wp-json\/wp\/v2\/media?parent=18293"}],"wp:term":[{"taxonomy":"product_brand","embeddable":true,"href":"https:\/\/comprenowhats.com.br\/arezzoanaliafranco\/wp-json\/wp\/v2\/product_brand?post=18293"},{"taxonomy":"product_cat","embeddable":true,"href":"https:\/\/comprenowhats.com.br\/arezzoanaliafranco\/wp-json\/wp\/v2\/product_cat?post=18293"},{"taxonomy":"product_tag","embeddable":true,"href":"https:\/\/comprenowhats.com.br\/arezzoanaliafranco\/wp-json\/wp\/v2\/product_tag?post=18293"}],"curies":[{"name":"wp","href":"https:\/\/api.w.org\/{rel}","templated":true}]}}