{"id":17884,"date":"2022-12-05T12:24:07","date_gmt":"2022-12-05T15:24:07","guid":{"rendered":"https:\/\/comprenowhats.com.br\/arezzoanaliafranco\/produto\/sandalia-rasteira-infantil-pink-tiras-trancadas\/"},"modified":"2023-12-02T11:47:14","modified_gmt":"2023-12-02T14:47:14","slug":"sandalia-rasteira-infantil-pink-tiras-trancadas","status":"publish","type":"product","link":"https:\/\/comprenowhats.com.br\/arezzoanaliafranco\/produto\/sandalia-rasteira-infantil-pink-tiras-trancadas\/","title":{"rendered":"Sand\u00e1lia Rasteira Infantil Pink Tiras Tran\u00e7adas"},"content":{"rendered":"<p class=\"characteristic-description__highlight-text\">\n<p data-testid=\"ta-product-details__material\"><span class=\"characteristic-name\">Material<!-- -->:<\/span> Outros<\/p>\n<p data-testid=\"ta-product-details__color\"><span class=\"characteristic-name\">Cor<!-- -->:<\/span> Rosa<\/p>\n<\/p>\n<p class=\"characteristic-description__highlight-text\" data-testid=\"ta-product_description\"><span class=\"characteristic-name\">Descri\u00e7\u00e3o: <\/span>Sand\u00e1lia rasteira rosa pink. O modelo tem sola flat, palmilha acolchoada marrom e bico redondo. Traz tiras finas e tran\u00e7adas sobre os dedos. Possui uma tira em torno do calcanhar e fechamento em tira afivelada no tornozelo. Aberta, a sand\u00e1lia exibe todo o p\u00e9. Este modelo faz parte da cole\u00e7\u00e3o AREZZO BAMBINI, a linha de cal\u00e7ados infantil da Arezzo. <\/p>\n<p><b>Porque Apostar<\/b><\/p>\n<p> A rasteirinha tran\u00e7ada em vers\u00e3o para as pequenas! Inspirados no universo l\u00fadico das crian\u00e7as, os modelos da cole\u00e7\u00e3o AREZZO BAMBINI foram pensados para acompanhar as meninas em todas as ocasi\u00f5es, oferecendo muito conforto e charme.<\/p>\n<p class=\"characteristic-description__highlight-text\" data-testid=\"ta-product-information__SKU\"><span class=\"characteristic-name\">Refer\u00eancia: <\/span>A1250300120003<\/p>\n<div style='text-align: center'><img src='https:\/\/secure-static.arezzo.com.br\/medias\/sys_master\/arezzo\/arezzo\/hb1\/h08\/h00\/h00\/10733757726750\/HEADLESS-1250300120003U-01-BASEIMAGE-Midres-Headless.jpg' style='max-height: 400px' \/><img src='https:\/\/secure-static.arezzo.com.br\/medias\/sys_master\/arezzo\/arezzo\/h8f\/hde\/h00\/h00\/10733757595678\/HEADLESS-1250300120003U-01-BASEIMAGE-Thumbnail-Headless.jpg' style='max-height: 400px' \/><img src='https:\/\/secure-static.arezzo.com.br\/medias\/sys_master\/arezzo\/arezzo\/hb1\/h08\/h00\/h00\/10733757726750\/HEADLESS-1250300120003U-01-BASEIMAGE-Midres-Headless.jpg' style='max-height: 400px' \/><img src='https:\/\/secure-static.arezzo.com.br\/medias\/sys_master\/arezzo\/arezzo\/h8c\/h22\/h00\/h00\/10733758119966\/HEADLESS-1250300120003U-03-BASEIMAGE-Hires-Headless.jpg' style='max-height: 400px' \/><img src='https:\/\/secure-static.arezzo.com.br\/medias\/sys_master\/arezzo\/arezzo\/h54\/h6c\/h00\/h00\/10733758054430\/HEADLESS-1250300120003U-03-BASEIMAGE-Midres-Headless.jpg' style='max-height: 400px' \/><img src='https:\/\/secure-static.arezzo.com.br\/medias\/sys_master\/arezzo\/arezzo\/hbf\/h3b\/h00\/h00\/10733757923358\/HEADLESS-1250300120003U-03-BASEIMAGE-Thumbnail-Headless.jpg' style='max-height: 400px' \/><img src='https:\/\/secure-static.arezzo.com.br\/medias\/sys_master\/arezzo\/arezzo\/h54\/h6c\/h00\/h00\/10733758054430\/HEADLESS-1250300120003U-03-BASEIMAGE-Midres-Headless.jpg' style='max-height: 400px' \/><img src='https:\/\/secure-static.arezzo.com.br\/medias\/sys_master\/arezzo\/arezzo\/h09\/h2d\/h00\/h00\/10733758447646\/HEADLESS-1250300120003U-04-BASEIMAGE-Hires-Headless.jpg' style='max-height: 400px' \/><img src='https:\/\/secure-static.arezzo.com.br\/medias\/sys_master\/arezzo\/arezzo\/he9\/hbb\/h00\/h00\/10733758382110\/HEADLESS-1250300120003U-04-BASEIMAGE-Midres-Headless.jpg' style='max-height: 400px' \/><img src='https:\/\/secure-static.arezzo.com.br\/medias\/sys_master\/arezzo\/arezzo\/he2\/h27\/h00\/h00\/10733758251038\/HEADLESS-1250300120003U-04-BASEIMAGE-Thumbnail-Headless.jpg' style='max-height: 400px' \/><img src='https:\/\/secure-static.arezzo.com.br\/medias\/sys_master\/arezzo\/arezzo\/he9\/hbb\/h00\/h00\/10733758382110\/HEADLESS-1250300120003U-04-BASEIMAGE-Midres-Headless.jpg' style='max-height: 400px' \/><img src='https:\/\/secure-static.arezzo.com.br\/medias\/sys_master\/arezzo\/arezzo\/h9f\/h7c\/h00\/h00\/10733758775326\/HEADLESS-1250300120003U-05-BASEIMAGE-Hires-Headless.jpg' style='max-height: 400px' \/><img src='https:\/\/secure-static.arezzo.com.br\/medias\/sys_master\/arezzo\/arezzo\/ha8\/ha1\/h00\/h00\/10733758709790\/HEADLESS-1250300120003U-05-BASEIMAGE-Midres-Headless.jpg' style='max-height: 400px' \/><img src='https:\/\/secure-static.arezzo.com.br\/medias\/sys_master\/arezzo\/arezzo\/hc1\/hbe\/h00\/h00\/10733758578718\/HEADLESS-1250300120003U-05-BASEIMAGE-Thumbnail-Headless.jpg' style='max-height: 400px' \/><img src='https:\/\/secure-static.arezzo.com.br\/medias\/sys_master\/arezzo\/arezzo\/ha8\/ha1\/h00\/h00\/10733758709790\/HEADLESS-1250300120003U-05-BASEIMAGE-Midres-Headless.jpg' style='max-height: 400px' \/><img src='https:\/\/secure-static.arezzo.com.br\/medias\/sys_master\/arezzo\/arezzo\/h84\/hcc\/h00\/h00\/10733759103006\/HEADLESS-1250300120003U-06-BASEIMAGE-Hires-Headless.jpg' style='max-height: 400px' \/><img src='https:\/\/secure-static.arezzo.com.br\/medias\/sys_master\/arezzo\/arezzo\/h06\/h3e\/h00\/h00\/10733759037470\/HEADLESS-1250300120003U-06-BASEIMAGE-Midres-Headless.jpg' style='max-height: 400px' \/><img src='https:\/\/secure-static.arezzo.com.br\/medias\/sys_master\/arezzo\/arezzo\/h1a\/he6\/h00\/h00\/10733758906398\/HEADLESS-1250300120003U-06-BASEIMAGE-Thumbnail-Headless.jpg' style='max-height: 400px' \/><img src='https:\/\/secure-static.arezzo.com.br\/medias\/sys_master\/arezzo\/arezzo\/h06\/h3e\/h00\/h00\/10733759037470\/HEADLESS-1250300120003U-06-BASEIMAGE-Midres-Headless.jpg' style='max-height: 400px' \/><\/div>\n<p>* Entre em contato por WhatsApp para verificar a disponibilidade do produto. Ref.: A1250300120003<\/p>\n","protected":false},"excerpt":{"rendered":"<p>Estoque dispon\u00edvel nos tamanhos: ULTIMA_ESTACAO, 27, 28, 29, 30.<br \/><small>atualizado em 02\/12\/2023.<\/p>\n","protected":false},"featured_media":17883,"template":"","meta":[],"product_brand":[],"product_cat":[54],"product_tag":[149,150,151,152,628],"class_list":{"0":"post-17884","1":"product","2":"type-product","3":"status-publish","4":"has-post-thumbnail","6":"product_cat-sapatos","7":"product_tag-149","8":"product_tag-150","9":"product_tag-151","10":"product_tag-152","11":"product_tag-ultima_estacao","13":"first","14":"instock","15":"shipping-taxable","16":"purchasable","17":"product-type-simple"},"_links":{"self":[{"href":"https:\/\/comprenowhats.com.br\/arezzoanaliafranco\/wp-json\/wp\/v2\/product\/17884","targetHints":{"allow":["GET"]}}],"collection":[{"href":"https:\/\/comprenowhats.com.br\/arezzoanaliafranco\/wp-json\/wp\/v2\/product"}],"about":[{"href":"https:\/\/comprenowhats.com.br\/arezzoanaliafranco\/wp-json\/wp\/v2\/types\/product"}],"wp:featuredmedia":[{"embeddable":true,"href":"https:\/\/comprenowhats.com.br\/arezzoanaliafranco\/wp-json\/wp\/v2\/media\/17883"}],"wp:attachment":[{"href":"https:\/\/comprenowhats.com.br\/arezzoanaliafranco\/wp-json\/wp\/v2\/media?parent=17884"}],"wp:term":[{"taxonomy":"product_brand","embeddable":true,"href":"https:\/\/comprenowhats.com.br\/arezzoanaliafranco\/wp-json\/wp\/v2\/product_brand?post=17884"},{"taxonomy":"product_cat","embeddable":true,"href":"https:\/\/comprenowhats.com.br\/arezzoanaliafranco\/wp-json\/wp\/v2\/product_cat?post=17884"},{"taxonomy":"product_tag","embeddable":true,"href":"https:\/\/comprenowhats.com.br\/arezzoanaliafranco\/wp-json\/wp\/v2\/product_tag?post=17884"}],"curies":[{"name":"wp","href":"https:\/\/api.w.org\/{rel}","templated":true}]}}