{"id":17688,"date":"2022-11-30T13:51:13","date_gmt":"2022-11-30T16:51:13","guid":{"rendered":"https:\/\/comprenowhats.com.br\/arezzoanaliafranco\/produto\/sandalia-rosa-couro-plataforma-fivela\/"},"modified":"2023-09-22T11:57:00","modified_gmt":"2023-09-22T14:57:00","slug":"sandalia-rosa-couro-plataforma-fivela","status":"publish","type":"product","link":"https:\/\/comprenowhats.com.br\/arezzoanaliafranco\/produto\/sandalia-rosa-couro-plataforma-fivela\/","title":{"rendered":"Sand\u00e1lia Rosa Couro Plataforma Fivela"},"content":{"rendered":"<p class=\"characteristic-description__highlight-text\">\n<p data-testid=\"ta-product-details__material\"><span class=\"characteristic-name\">Material<!-- -->:<\/span> Couros<\/p>\n<p data-testid=\"ta-product-details__color\"><span class=\"characteristic-name\">Cor<!-- -->:<\/span> Rosa<\/p>\n<\/p>\n<p class=\"characteristic-description__highlight-text\" data-testid=\"ta-product_description\"><span class=\"characteristic-name\">Descri\u00e7\u00e3o: <\/span>Sand\u00e1lia rosa de couro. O modelo tem salto alto bloco, meia-pata e bico quadrado. Traz tira larga sobre os dedos. Possui tiras que se cruzam no calcanhar, contornam o tornozelo e fecham em fivela met\u00e1lica lateral. Com palmilha bege e inscri\u00e7\u00e3o do nome da marca. A sand\u00e1lia exibe todo o p\u00e9. <\/p>\n<p><b>Porque Apostar<\/b><\/p>\n<p> A sand\u00e1lia \u00e9 perfeita para criar looks descolados e imponentes! Traduz a tend\u00eancia alegre e fun da temporada e \u00e9 escolha certeira para um passeio ou uma festa. Vai ser a sua queridinha na esta\u00e7\u00e3o!<\/p>\n<p class=\"characteristic-description__highlight-text\" data-testid=\"ta-product-information__SKU\"><span class=\"characteristic-name\">Refer\u00eancia: <\/span>A1271100010004<\/p>\n<div style='text-align: center'><img src='https:\/\/secure-static.arezzo.com.br\/medias\/sys_master\/arezzo\/arezzo\/had\/h55\/h00\/h00\/10741941239838\/HEADLESS-1271100010004U-HO-BASEIMAGE-Midres-Headless.jpg' style='max-height: 400px' \/><img src='https:\/\/secure-static.arezzo.com.br\/medias\/sys_master\/arezzo\/arezzo\/h09\/h3c\/h00\/h00\/10741941108766\/HEADLESS-1271100010004U-HO-BASEIMAGE-Thumbnail-Headless.jpg' style='max-height: 400px' \/><img src='https:\/\/secure-static.arezzo.com.br\/medias\/sys_master\/arezzo\/arezzo\/had\/h55\/h00\/h00\/10741941239838\/HEADLESS-1271100010004U-HO-BASEIMAGE-Midres-Headless.jpg' style='max-height: 400px' \/><img src='https:\/\/secure-static.arezzo.com.br\/medias\/sys_master\/arezzo\/arezzo\/h98\/he9\/h00\/h00\/10741939339294\/HEADLESS-1271100010004U-01-BASEIMAGE-Hires-Headless.jpg' style='max-height: 400px' \/><img src='https:\/\/secure-static.arezzo.com.br\/medias\/sys_master\/arezzo\/arezzo\/h32\/hf5\/h00\/h00\/10741939273758\/HEADLESS-1271100010004U-01-BASEIMAGE-Midres-Headless.jpg' style='max-height: 400px' \/><img src='https:\/\/secure-static.arezzo.com.br\/medias\/sys_master\/arezzo\/arezzo\/h7a\/h63\/h00\/h00\/10741939142686\/HEADLESS-1271100010004U-01-BASEIMAGE-Thumbnail-Headless.jpg' style='max-height: 400px' \/><img src='https:\/\/secure-static.arezzo.com.br\/medias\/sys_master\/arezzo\/arezzo\/h32\/hf5\/h00\/h00\/10741939273758\/HEADLESS-1271100010004U-01-BASEIMAGE-Midres-Headless.jpg' style='max-height: 400px' \/><img src='https:\/\/secure-static.arezzo.com.br\/medias\/sys_master\/arezzo\/arezzo\/h37\/hb8\/h00\/h00\/10741939666974\/HEADLESS-1271100010004U-03-BASEIMAGE-Hires-Headless.jpg' style='max-height: 400px' \/><img src='https:\/\/secure-static.arezzo.com.br\/medias\/sys_master\/arezzo\/arezzo\/hfd\/h67\/h00\/h00\/10741939601438\/HEADLESS-1271100010004U-03-BASEIMAGE-Midres-Headless.jpg' style='max-height: 400px' \/><img src='https:\/\/secure-static.arezzo.com.br\/medias\/sys_master\/arezzo\/arezzo\/h10\/hb3\/h00\/h00\/10741939470366\/HEADLESS-1271100010004U-03-BASEIMAGE-Thumbnail-Headless.jpg' style='max-height: 400px' \/><img src='https:\/\/secure-static.arezzo.com.br\/medias\/sys_master\/arezzo\/arezzo\/hfd\/h67\/h00\/h00\/10741939601438\/HEADLESS-1271100010004U-03-BASEIMAGE-Midres-Headless.jpg' style='max-height: 400px' \/><img src='https:\/\/secure-static.arezzo.com.br\/medias\/sys_master\/arezzo\/arezzo\/h32\/hf8\/h00\/h00\/10741939994654\/HEADLESS-1271100010004U-04-BASEIMAGE-Hires-Headless.jpg' style='max-height: 400px' \/><img src='https:\/\/secure-static.arezzo.com.br\/medias\/sys_master\/arezzo\/arezzo\/ha6\/hdc\/h00\/h00\/10741939929118\/HEADLESS-1271100010004U-04-BASEIMAGE-Midres-Headless.jpg' style='max-height: 400px' \/><img src='https:\/\/secure-static.arezzo.com.br\/medias\/sys_master\/arezzo\/arezzo\/h4b\/h08\/h00\/h00\/10741939798046\/HEADLESS-1271100010004U-04-BASEIMAGE-Thumbnail-Headless.jpg' style='max-height: 400px' \/><img src='https:\/\/secure-static.arezzo.com.br\/medias\/sys_master\/arezzo\/arezzo\/ha6\/hdc\/h00\/h00\/10741939929118\/HEADLESS-1271100010004U-04-BASEIMAGE-Midres-Headless.jpg' style='max-height: 400px' \/><img src='https:\/\/secure-static.arezzo.com.br\/medias\/sys_master\/arezzo\/arezzo\/h2f\/h2c\/h00\/h00\/10741940322334\/HEADLESS-1271100010004U-05-BASEIMAGE-Hires-Headless.jpg' style='max-height: 400px' \/><img src='https:\/\/secure-static.arezzo.com.br\/medias\/sys_master\/arezzo\/arezzo\/h5c\/hb8\/h00\/h00\/10741940256798\/HEADLESS-1271100010004U-05-BASEIMAGE-Midres-Headless.jpg' style='max-height: 400px' \/><img src='https:\/\/secure-static.arezzo.com.br\/medias\/sys_master\/arezzo\/arezzo\/h50\/h6e\/h00\/h00\/10741940125726\/HEADLESS-1271100010004U-05-BASEIMAGE-Thumbnail-Headless.jpg' style='max-height: 400px' \/><img src='https:\/\/secure-static.arezzo.com.br\/medias\/sys_master\/arezzo\/arezzo\/h5c\/hb8\/h00\/h00\/10741940256798\/HEADLESS-1271100010004U-05-BASEIMAGE-Midres-Headless.jpg' style='max-height: 400px' \/><img src='https:\/\/secure-static.arezzo.com.br\/medias\/sys_master\/arezzo\/arezzo\/hc4\/h7b\/h00\/h00\/10741940650014\/HEADLESS-1271100010004U-06-BASEIMAGE-Hires-Headless.jpg' style='max-height: 400px' \/><img src='https:\/\/secure-static.arezzo.com.br\/medias\/sys_master\/arezzo\/arezzo\/h0d\/hf8\/h00\/h00\/10741940584478\/HEADLESS-1271100010004U-06-BASEIMAGE-Midres-Headless.jpg' style='max-height: 400px' \/><img src='https:\/\/secure-static.arezzo.com.br\/medias\/sys_master\/arezzo\/arezzo\/he6\/hbd\/h00\/h00\/10741940453406\/HEADLESS-1271100010004U-06-BASEIMAGE-Thumbnail-Headless.jpg' style='max-height: 400px' \/><img src='https:\/\/secure-static.arezzo.com.br\/medias\/sys_master\/arezzo\/arezzo\/h0d\/hf8\/h00\/h00\/10741940584478\/HEADLESS-1271100010004U-06-BASEIMAGE-Midres-Headless.jpg' style='max-height: 400px' \/><img src='https:\/\/secure-static.arezzo.com.br\/medias\/sys_master\/arezzo\/arezzo\/hf8\/hca\/h00\/h00\/10741940977694\/HEADLESS-1271100010004U-07-BASEIMAGE-Hires-Headless.jpg' style='max-height: 400px' \/><img src='https:\/\/secure-static.arezzo.com.br\/medias\/sys_master\/arezzo\/arezzo\/h3d\/h55\/h00\/h00\/10741940912158\/HEADLESS-1271100010004U-07-BASEIMAGE-Midres-Headless.jpg' style='max-height: 400px' \/><img src='https:\/\/secure-static.arezzo.com.br\/medias\/sys_master\/arezzo\/arezzo\/hd0\/hc5\/h00\/h00\/10741940781086\/HEADLESS-1271100010004U-07-BASEIMAGE-Thumbnail-Headless.jpg' style='max-height: 400px' \/><img src='https:\/\/secure-static.arezzo.com.br\/medias\/sys_master\/arezzo\/arezzo\/h3d\/h55\/h00\/h00\/10741940912158\/HEADLESS-1271100010004U-07-BASEIMAGE-Midres-Headless.jpg' style='max-height: 400px' \/><\/div>\n<p>* Entre em contato por WhatsApp para verificar a disponibilidade do produto. Ref.: A1271100010004<\/p>\n","protected":false},"excerpt":{"rendered":"<p>Estoque dispon\u00edvel nos tamanhos: ULTIMA_ESTACAO, 39.<br \/><small>atualizado em 22\/09\/2023.<\/p>\n","protected":false},"featured_media":17687,"template":"","meta":[],"product_brand":[],"product_cat":[54],"product_tag":[47,628],"class_list":{"0":"post-17688","1":"product","2":"type-product","3":"status-publish","4":"has-post-thumbnail","6":"product_cat-sapatos","7":"product_tag-47","8":"product_tag-ultima_estacao","10":"first","11":"instock","12":"shipping-taxable","13":"purchasable","14":"product-type-simple"},"_links":{"self":[{"href":"https:\/\/comprenowhats.com.br\/arezzoanaliafranco\/wp-json\/wp\/v2\/product\/17688","targetHints":{"allow":["GET"]}}],"collection":[{"href":"https:\/\/comprenowhats.com.br\/arezzoanaliafranco\/wp-json\/wp\/v2\/product"}],"about":[{"href":"https:\/\/comprenowhats.com.br\/arezzoanaliafranco\/wp-json\/wp\/v2\/types\/product"}],"wp:featuredmedia":[{"embeddable":true,"href":"https:\/\/comprenowhats.com.br\/arezzoanaliafranco\/wp-json\/wp\/v2\/media\/17687"}],"wp:attachment":[{"href":"https:\/\/comprenowhats.com.br\/arezzoanaliafranco\/wp-json\/wp\/v2\/media?parent=17688"}],"wp:term":[{"taxonomy":"product_brand","embeddable":true,"href":"https:\/\/comprenowhats.com.br\/arezzoanaliafranco\/wp-json\/wp\/v2\/product_brand?post=17688"},{"taxonomy":"product_cat","embeddable":true,"href":"https:\/\/comprenowhats.com.br\/arezzoanaliafranco\/wp-json\/wp\/v2\/product_cat?post=17688"},{"taxonomy":"product_tag","embeddable":true,"href":"https:\/\/comprenowhats.com.br\/arezzoanaliafranco\/wp-json\/wp\/v2\/product_tag?post=17688"}],"curies":[{"name":"wp","href":"https:\/\/api.w.org\/{rel}","templated":true}]}}