{"id":17658,"date":"2022-11-30T13:50:36","date_gmt":"2022-11-30T16:50:36","guid":{"rendered":"https:\/\/comprenowhats.com.br\/arezzoanaliafranco\/produto\/sandalia-laranja-nobuck-salto-alto-bloco-rosa\/"},"modified":"2023-09-22T11:56:26","modified_gmt":"2023-09-22T14:56:26","slug":"sandalia-laranja-nobuck-salto-alto-bloco-rosa","status":"publish","type":"product","link":"https:\/\/comprenowhats.com.br\/arezzoanaliafranco\/produto\/sandalia-laranja-nobuck-salto-alto-bloco-rosa\/","title":{"rendered":"Sand\u00e1lia Laranja Nobuck Salto Alto Bloco Rosa"},"content":{"rendered":"<p class=\"characteristic-description__highlight-text\">\n<p data-testid=\"ta-product-details__material\"><span class=\"characteristic-name\">Material<!-- -->:<\/span> Acamur\u00e7ados<\/p>\n<p data-testid=\"ta-product-details__heel-size\"><span class=\"characteristic-name\">Tamanho do salto<!-- -->:<\/span> 11cm<\/p>\n<\/p>\n<p class=\"characteristic-description__highlight-text\" data-testid=\"ta-product_description\"><span class=\"characteristic-name\">Descri\u00e7\u00e3o: <\/span>Sand\u00e1lia laranja em nobuck. O modelo tem salto alto bloco flare e bico quadrado. Traz tr\u00eas tiras finas e bombadas, nas cores rosa e laranja, sobre os dedos, unidas por enlace central. Possui tira em torno do calcanhar e mais duas tiras bombadas no tornozelo com ponteiras e fecho em n\u00f3 frontal. Com palmilha da cor do modelo e inscri\u00e7\u00e3o do nome da marca. A sand\u00e1lia exibe todo o p\u00e9. <\/p>\n<p><b>Porque Apostar<\/b><\/p>\n<p> A sand\u00e1lia de tiras bombadas surge renovada em mix de cores vibrantes e salto em formato flare. Comp\u00f5e tanto produ\u00e7\u00f5es mais s\u00f3brias como tamb\u00e9m looks despojados e vai do escrit\u00f3rio ao passeio com muito conforto. O modelo \u00e9 charmoso e aquele item vers\u00e1til para apostar sem medo!<\/p>\n<p class=\"characteristic-description__highlight-text\" data-testid=\"ta-product-information__SKU\"><span class=\"characteristic-name\">Refer\u00eancia: <\/span>A1252500050002<\/p>\n<div style='text-align: center'><img src='https:\/\/secure-static.arezzo.com.br\/medias\/sys_master\/arezzo\/arezzo\/h0f\/h8f\/h00\/h00\/10670984986654\/1252500050002U-HO-BASEIMAGE-Thumbnail.jpg' style='max-height: 400px' \/><img src='https:\/\/secure-static.arezzo.com.br\/medias\/sys_master\/arezzo\/arezzo\/hf1\/h77\/h00\/h00\/10670985117726\/1252500050002U-HO-BASEIMAGE-Midres.jpg' style='max-height: 400px' \/><img src='https:\/\/secure-static.arezzo.com.br\/medias\/sys_master\/arezzo\/arezzo\/h17\/h95\/h00\/h00\/10670983151646\/1252500050002U-01-BASEIMAGE-Hires.jpg' style='max-height: 400px' \/><\/div>\n<p>* Entre em contato por WhatsApp para verificar a disponibilidade do produto. Ref.: A1252500050002<\/p>\n","protected":false},"excerpt":{"rendered":"<p>Estoque dispon\u00edvel nos tamanhos: ULTIMA_ESTACAO, 35.<br \/><small>atualizado em 22\/09\/2023.<\/p>\n","protected":false},"featured_media":17657,"template":"","meta":[],"product_brand":[],"product_cat":[54],"product_tag":[43,628],"class_list":{"0":"post-17658","1":"product","2":"type-product","3":"status-publish","4":"has-post-thumbnail","6":"product_cat-sapatos","7":"product_tag-43","8":"product_tag-ultima_estacao","10":"first","11":"instock","12":"shipping-taxable","13":"purchasable","14":"product-type-simple"},"_links":{"self":[{"href":"https:\/\/comprenowhats.com.br\/arezzoanaliafranco\/wp-json\/wp\/v2\/product\/17658","targetHints":{"allow":["GET"]}}],"collection":[{"href":"https:\/\/comprenowhats.com.br\/arezzoanaliafranco\/wp-json\/wp\/v2\/product"}],"about":[{"href":"https:\/\/comprenowhats.com.br\/arezzoanaliafranco\/wp-json\/wp\/v2\/types\/product"}],"wp:featuredmedia":[{"embeddable":true,"href":"https:\/\/comprenowhats.com.br\/arezzoanaliafranco\/wp-json\/wp\/v2\/media\/17657"}],"wp:attachment":[{"href":"https:\/\/comprenowhats.com.br\/arezzoanaliafranco\/wp-json\/wp\/v2\/media?parent=17658"}],"wp:term":[{"taxonomy":"product_brand","embeddable":true,"href":"https:\/\/comprenowhats.com.br\/arezzoanaliafranco\/wp-json\/wp\/v2\/product_brand?post=17658"},{"taxonomy":"product_cat","embeddable":true,"href":"https:\/\/comprenowhats.com.br\/arezzoanaliafranco\/wp-json\/wp\/v2\/product_cat?post=17658"},{"taxonomy":"product_tag","embeddable":true,"href":"https:\/\/comprenowhats.com.br\/arezzoanaliafranco\/wp-json\/wp\/v2\/product_tag?post=17658"}],"curies":[{"name":"wp","href":"https:\/\/api.w.org\/{rel}","templated":true}]}}