{"id":17366,"date":"2022-11-22T19:26:39","date_gmt":"2022-11-22T22:26:39","guid":{"rendered":"https:\/\/comprenowhats.com.br\/arezzoanaliafranco\/produto\/sandalia-rasteira-dourada-couro-tira-h\/"},"modified":"2023-09-22T11:54:57","modified_gmt":"2023-09-22T14:54:57","slug":"sandalia-rasteira-dourada-couro-tira-h","status":"publish","type":"product","link":"https:\/\/comprenowhats.com.br\/arezzoanaliafranco\/produto\/sandalia-rasteira-dourada-couro-tira-h\/","title":{"rendered":"Sand\u00e1lia Rasteira Dourada Couro Tira H"},"content":{"rendered":"<p class=\"characteristic-description__highlight-text\">\n<p data-testid=\"ta-product-details__material\"><span class=\"characteristic-name\">Material<!-- -->:<\/span> Couros<\/p>\n<\/p>\n<p class=\"characteristic-description__highlight-text\" data-testid=\"ta-product_description\"><span class=\"characteristic-name\">Descri\u00e7\u00e3o: <\/span>Rasteira dourada de couro. O modelo tem sola flat e bico quadrado. Traz cabedal em tiras vazadas e formato H, al\u00e9m de costuras pesponto por todo o contorno. Com palmilha bege e inscri\u00e7\u00e3o do nome da marca. Aberta, exibe todo o p\u00e9. <\/p>\n<p><b>Porque Apostar<\/b><\/p>\n<p> A sand\u00e1lia com tira vazada que \u00e9 a cara do ver\u00e3o! O modelo vai do office ao passeio e combina com as mais diversas pe\u00e7as, do jeans \u00e0 alfaiataria, criando um look despojado e comfy. Perfeita para ter uma de cada cor!<\/p>\n<p class=\"characteristic-description__highlight-text\" data-testid=\"ta-product-information__SKU\"><span class=\"characteristic-name\">Refer\u00eancia: <\/span>A1172400090034<\/p>\n<div style='text-align: center'><img src='https:\/\/secure-static.arezzo.com.br\/medias\/sys_master\/arezzo\/arezzo\/h2e\/hb4\/h00\/h00\/10731668865054\/HEADLESS-1172400090034U-HO-BASEIMAGE-Thumbnail-Headless.jpg' style='max-height: 400px' \/><img src='https:\/\/secure-static.arezzo.com.br\/medias\/sys_master\/arezzo\/arezzo\/h19\/hba\/h00\/h00\/10731668996126\/HEADLESS-1172400090034U-HO-BASEIMAGE-Midres-Headless.jpg' style='max-height: 400px' \/><\/div>\n<p>* Entre em contato por WhatsApp para verificar a disponibilidade do produto. Ref.: A1172400090034<\/p>\n","protected":false},"excerpt":{"rendered":"<p>Estoque dispon\u00edvel nos tamanhos: ULTIMA_ESTACAO, 34.<br \/><small>atualizado em 22\/09\/2023.<\/p>\n","protected":false},"featured_media":17365,"template":"","meta":[],"product_brand":[],"product_cat":[54],"product_tag":[42,628],"class_list":{"0":"post-17366","1":"product","2":"type-product","3":"status-publish","4":"has-post-thumbnail","6":"product_cat-sapatos","7":"product_tag-42","8":"product_tag-ultima_estacao","10":"first","11":"instock","12":"shipping-taxable","13":"purchasable","14":"product-type-simple"},"_links":{"self":[{"href":"https:\/\/comprenowhats.com.br\/arezzoanaliafranco\/wp-json\/wp\/v2\/product\/17366","targetHints":{"allow":["GET"]}}],"collection":[{"href":"https:\/\/comprenowhats.com.br\/arezzoanaliafranco\/wp-json\/wp\/v2\/product"}],"about":[{"href":"https:\/\/comprenowhats.com.br\/arezzoanaliafranco\/wp-json\/wp\/v2\/types\/product"}],"wp:featuredmedia":[{"embeddable":true,"href":"https:\/\/comprenowhats.com.br\/arezzoanaliafranco\/wp-json\/wp\/v2\/media\/17365"}],"wp:attachment":[{"href":"https:\/\/comprenowhats.com.br\/arezzoanaliafranco\/wp-json\/wp\/v2\/media?parent=17366"}],"wp:term":[{"taxonomy":"product_brand","embeddable":true,"href":"https:\/\/comprenowhats.com.br\/arezzoanaliafranco\/wp-json\/wp\/v2\/product_brand?post=17366"},{"taxonomy":"product_cat","embeddable":true,"href":"https:\/\/comprenowhats.com.br\/arezzoanaliafranco\/wp-json\/wp\/v2\/product_cat?post=17366"},{"taxonomy":"product_tag","embeddable":true,"href":"https:\/\/comprenowhats.com.br\/arezzoanaliafranco\/wp-json\/wp\/v2\/product_tag?post=17366"}],"curies":[{"name":"wp","href":"https:\/\/api.w.org\/{rel}","templated":true}]}}