{"id":16553,"date":"2022-11-17T16:47:03","date_gmt":"2022-11-17T19:47:03","guid":{"rendered":"https:\/\/comprenowhats.com.br\/arezzoanaliafranco\/produto\/sandalia-nude-texturizada-meia-pata-maju\/"},"modified":"2023-09-22T11:56:23","modified_gmt":"2023-09-22T14:56:23","slug":"sandalia-nude-texturizada-meia-pata-maju","status":"publish","type":"product","link":"https:\/\/comprenowhats.com.br\/arezzoanaliafranco\/produto\/sandalia-nude-texturizada-meia-pata-maju\/","title":{"rendered":"Sand\u00e1lia Nude Texturizada Meia Pata Maju"},"content":{"rendered":"<p class=\"characteristic-description__highlight-text\">\n<p data-testid=\"ta-product-details__material\"><span class=\"characteristic-name\">Material<!-- -->:<\/span> Tecidos<\/p>\n<p data-testid=\"ta-product-details__color\"><span class=\"characteristic-name\">Cor<!-- -->:<\/span> Nude<\/p>\n<\/p>\n<p class=\"characteristic-description__highlight-text\" data-testid=\"ta-product_description\"><span class=\"characteristic-name\">Descri\u00e7\u00e3o: <\/span>Sand\u00e1lia nude em tecido texturizado e tramado. O modelo tem salto alto bloco e meia-pata revestidos no material da sand\u00e1lia, al\u00e9m de bico quadrado. Traz tira larga e vazada sobre os dedos e o peito do p\u00e9. Com palmilha bege e inscri\u00e7\u00e3o do nome da marca. A sand\u00e1lia exibe dedos e calcanhar. <\/p>\n<p><b>Porque Apostar<\/b><\/p>\n<p> A sand\u00e1lia meia-pata \u00e9 trendy e charmosa! Perfeita para criar looks descolados e imponentes. A sand\u00e1lia aposta na tira larga vazada e expressa a tend\u00eancia natural da temporada. Vai ser a sua queridinha na esta\u00e7\u00e3o!<\/p>\n<p class=\"characteristic-description__highlight-text\" data-testid=\"ta-product-information__SKU\"><span class=\"characteristic-name\">Refer\u00eancia: <\/span>A1252400100002<\/p>\n<div style='text-align: center'><img src='https:\/\/secure-static.arezzo.com.br\/medias\/sys_master\/arezzo\/arezzo\/h69\/hac\/h00\/h00\/10731641667614\/HEADLESS-1252400100002U-HO-BASEIMAGE-Midres-Headless.jpg' style='max-height: 400px' \/><img src='https:\/\/secure-static.arezzo.com.br\/medias\/sys_master\/arezzo\/arezzo\/hb1\/h1a\/h00\/h00\/10731641536542\/HEADLESS-1252400100002U-HO-BASEIMAGE-Thumbnail-Headless.jpg' style='max-height: 400px' \/><img src='https:\/\/secure-static.arezzo.com.br\/medias\/sys_master\/arezzo\/arezzo\/h69\/hac\/h00\/h00\/10731641667614\/HEADLESS-1252400100002U-HO-BASEIMAGE-Midres-Headless.jpg' style='max-height: 400px' \/><\/div>\n<p>* Entre em contato por WhatsApp para verificar a disponibilidade do produto. Ref.: A1252400100002<\/p>\n","protected":false},"excerpt":{"rendered":"<p>Estoque dispon\u00edvel nos tamanhos: ULTIMA_ESTACAO, 39.<br \/><small>atualizado em 22\/09\/2023.<\/p>\n","protected":false},"featured_media":16552,"template":"","meta":[],"product_brand":[],"product_cat":[54],"product_tag":[47,628],"class_list":{"0":"post-16553","1":"product","2":"type-product","3":"status-publish","4":"has-post-thumbnail","6":"product_cat-sapatos","7":"product_tag-47","8":"product_tag-ultima_estacao","10":"first","11":"instock","12":"shipping-taxable","13":"purchasable","14":"product-type-simple"},"_links":{"self":[{"href":"https:\/\/comprenowhats.com.br\/arezzoanaliafranco\/wp-json\/wp\/v2\/product\/16553","targetHints":{"allow":["GET"]}}],"collection":[{"href":"https:\/\/comprenowhats.com.br\/arezzoanaliafranco\/wp-json\/wp\/v2\/product"}],"about":[{"href":"https:\/\/comprenowhats.com.br\/arezzoanaliafranco\/wp-json\/wp\/v2\/types\/product"}],"wp:featuredmedia":[{"embeddable":true,"href":"https:\/\/comprenowhats.com.br\/arezzoanaliafranco\/wp-json\/wp\/v2\/media\/16552"}],"wp:attachment":[{"href":"https:\/\/comprenowhats.com.br\/arezzoanaliafranco\/wp-json\/wp\/v2\/media?parent=16553"}],"wp:term":[{"taxonomy":"product_brand","embeddable":true,"href":"https:\/\/comprenowhats.com.br\/arezzoanaliafranco\/wp-json\/wp\/v2\/product_brand?post=16553"},{"taxonomy":"product_cat","embeddable":true,"href":"https:\/\/comprenowhats.com.br\/arezzoanaliafranco\/wp-json\/wp\/v2\/product_cat?post=16553"},{"taxonomy":"product_tag","embeddable":true,"href":"https:\/\/comprenowhats.com.br\/arezzoanaliafranco\/wp-json\/wp\/v2\/product_tag?post=16553"}],"curies":[{"name":"wp","href":"https:\/\/api.w.org\/{rel}","templated":true}]}}