{"id":16519,"date":"2022-11-17T16:46:23","date_gmt":"2022-11-17T19:46:23","guid":{"rendered":"https:\/\/comprenowhats.com.br\/arezzoanaliafranco\/produto\/scarpin-verde-lima-couro-bico-fino-tiras-estampado\/"},"modified":"2023-09-22T11:56:17","modified_gmt":"2023-09-22T14:56:17","slug":"scarpin-verde-lima-couro-bico-fino-tiras-estampado","status":"publish","type":"product","link":"https:\/\/comprenowhats.com.br\/arezzoanaliafranco\/produto\/scarpin-verde-lima-couro-bico-fino-tiras-estampado\/","title":{"rendered":"Scarpin Verde Lima Couro Bico Fino Tiras Estampado"},"content":{"rendered":"<p class=\"characteristic-description__highlight-text\">\n<p data-testid=\"ta-product-details__color\"><span class=\"characteristic-name\">Cor<!-- -->:<\/span> Verde<\/p>\n<p data-testid=\"ta-product-details__heel-size\"><span class=\"characteristic-name\">Tamanho do salto<!-- -->:<\/span> 11cm<\/p>\n<\/p>\n<p class=\"characteristic-description__highlight-text\" data-testid=\"ta-product_description\"><span class=\"characteristic-name\">Descri\u00e7\u00e3o: <\/span>Scarpin verde lima de couro. O modelo tem salto alto fino, deslocado da planta e com base laranja, e bico fino. Traz cabedal com recorte em V sobre o peito do p\u00e9 e formato ajustado nas laterais. Aberto atr\u00e1s, possui tiras finas estampadas que saem das laterais, se cruzam no calcanhar, contornam o tornozelo e fecham em fivela met\u00e1lica. Com palmilha em couro da cor do modelo, contorno estampado e inscri\u00e7\u00e3o do nome da marca. Exibe todo o peito do p\u00e9 e calcanhar. <\/p>\n<p><b>Porque Apostar<\/b><\/p>\n<p> O scarpin aposta no mix de cores e nas tiras estampadas, expressando a tend\u00eancia alegre e fun da esta\u00e7\u00e3o mais quente do ano! Charmoso, combina com as mais diversas pe\u00e7as e cria um ponto de destaque nas produ\u00e7\u00f5es. Vai do office ao passeio e pode ser usado junto de alfaiataria em tons neutros ou vibrantes.<\/p>\n<p class=\"characteristic-description__highlight-text\" data-testid=\"ta-product-information__SKU\"><span class=\"characteristic-name\">Refer\u00eancia: <\/span>A1250800010004<\/p>\n<div style='text-align: center'><img src='https:\/\/secure-static.arezzo.com.br\/medias\/sys_master\/arezzo\/arezzo\/h45\/h35\/h00\/h00\/10687663013918\/HEADLESS-1250800010004U-01-BASEIMAGE-Thumbnail-Headless.jpg' style='max-height: 400px' \/><img src='https:\/\/secure-static.arezzo.com.br\/medias\/sys_master\/arezzo\/arezzo\/ha1\/h81\/h00\/h00\/10687663144990\/HEADLESS-1250800010004U-01-BASEIMAGE-Midres-Headless.jpg' style='max-height: 400px' \/><img src='https:\/\/secure-static.arezzo.com.br\/medias\/sys_master\/arezzo\/arezzo\/h37\/hc8\/h00\/h00\/10687663538206\/HEADLESS-1250800010004U-03-BASEIMAGE-Hires-Headless.jpg' style='max-height: 400px' \/><\/div>\n<p>* Entre em contato por WhatsApp para verificar a disponibilidade do produto. Ref.: A1250800010004<\/p>\n","protected":false},"excerpt":{"rendered":"<p>Estoque dispon\u00edvel no tamanho: ULTIMA_ESTACAO.<br \/><small>atualizado em 22\/09\/2023.<\/p>\n","protected":false},"featured_media":16518,"template":"","meta":[],"product_brand":[],"product_cat":[54],"product_tag":[628],"class_list":{"0":"post-16519","1":"product","2":"type-product","3":"status-publish","4":"has-post-thumbnail","6":"product_cat-sapatos","7":"product_tag-ultima_estacao","9":"first","10":"instock","11":"shipping-taxable","12":"purchasable","13":"product-type-simple"},"_links":{"self":[{"href":"https:\/\/comprenowhats.com.br\/arezzoanaliafranco\/wp-json\/wp\/v2\/product\/16519","targetHints":{"allow":["GET"]}}],"collection":[{"href":"https:\/\/comprenowhats.com.br\/arezzoanaliafranco\/wp-json\/wp\/v2\/product"}],"about":[{"href":"https:\/\/comprenowhats.com.br\/arezzoanaliafranco\/wp-json\/wp\/v2\/types\/product"}],"wp:featuredmedia":[{"embeddable":true,"href":"https:\/\/comprenowhats.com.br\/arezzoanaliafranco\/wp-json\/wp\/v2\/media\/16518"}],"wp:attachment":[{"href":"https:\/\/comprenowhats.com.br\/arezzoanaliafranco\/wp-json\/wp\/v2\/media?parent=16519"}],"wp:term":[{"taxonomy":"product_brand","embeddable":true,"href":"https:\/\/comprenowhats.com.br\/arezzoanaliafranco\/wp-json\/wp\/v2\/product_brand?post=16519"},{"taxonomy":"product_cat","embeddable":true,"href":"https:\/\/comprenowhats.com.br\/arezzoanaliafranco\/wp-json\/wp\/v2\/product_cat?post=16519"},{"taxonomy":"product_tag","embeddable":true,"href":"https:\/\/comprenowhats.com.br\/arezzoanaliafranco\/wp-json\/wp\/v2\/product_tag?post=16519"}],"curies":[{"name":"wp","href":"https:\/\/api.w.org\/{rel}","templated":true}]}}