{"id":16125,"date":"2022-11-17T16:38:48","date_gmt":"2022-11-17T19:38:48","guid":{"rendered":"https:\/\/comprenowhats.com.br\/arezzoanaliafranco\/produto\/sandalia-rosa-couro-salto-fino-amarracao-patbo\/"},"modified":"2023-09-22T11:54:43","modified_gmt":"2023-09-22T14:54:43","slug":"sandalia-rosa-couro-salto-fino-amarracao-patbo","status":"publish","type":"product","link":"https:\/\/comprenowhats.com.br\/arezzoanaliafranco\/produto\/sandalia-rosa-couro-salto-fino-amarracao-patbo\/","title":{"rendered":"Sand\u00e1lia Rosa Couro Salto Fino Amarra\u00e7\u00e3o PatBO"},"content":{"rendered":"<p class=\"characteristic-description__highlight-text\">\n<p data-testid=\"ta-product-details__material\"><span class=\"characteristic-name\">Material<!-- -->:<\/span> Couros<\/p>\n<p data-testid=\"ta-product-details__color\"><span class=\"characteristic-name\">Cor<!-- -->:<\/span> Rosa<\/p>\n<p data-testid=\"ta-product-details__heel-size\"><span class=\"characteristic-name\">Tamanho do salto<!-- -->:<\/span> 10.1cm<\/p>\n<\/p>\n<p class=\"characteristic-description__highlight-text\" data-testid=\"ta-product_description\"><span class=\"characteristic-name\">Descri\u00e7\u00e3o: <\/span>Sand\u00e1lia rosa de couro. O modelo tem salto alto fino e bico folha. Traz tiras cruzadas sobre os dedos e tira na diagonal do peito do p\u00e9 com aplica\u00e7\u00e3o de pedrarias maxi em cascata. Aberta, possui tiras de suporte nas laterais e tiras bem finas que sobem em amarra\u00e7\u00e3o em torno das pernas. Com palmilha lisa da cor da sand\u00e1lia e grava\u00e7\u00e3o Arezzo + PatBO. A sand\u00e1lia exibe todo o p\u00e9. <\/p>\n<p><b>Porque Apostar<\/b><\/p>\n<p> A sand\u00e1lia de salto fino \u00e9 um cl\u00e1ssico e surge renovada em uma collab com a PatBO, grife da estilista mineira Patricia Bonaldi. O modelo possui detalhes imponentes, combina com as mais diversas pe\u00e7as e insere eleg\u00e2ncia nas produ\u00e7\u00f5es. Vem ainda com aplica\u00e7\u00e3o de pedrarias e na paleta da esta\u00e7\u00e3o, garantindo um toque \u00fanico nas composi\u00e7\u00f5es.<\/p>\n<p class=\"characteristic-description__highlight-text\" data-testid=\"ta-product-information__SKU\"><span class=\"characteristic-name\">Refer\u00eancia: <\/span>A1133700660001<\/p>\n<div style='text-align: center'><img src='https:\/\/secure-static.arezzo.com.br\/medias\/sys_master\/arezzo\/arezzo\/h6b\/h49\/h00\/h00\/10665178038302\/1133700660001U-HO-BASEIMAGE-Thumbnail.jpg' style='max-height: 400px' \/><img src='https:\/\/secure-static.arezzo.com.br\/medias\/sys_master\/arezzo\/arezzo\/ha0\/h00\/h00\/h00\/10665178169374\/1133700660001U-HO-BASEIMAGE-Midres.jpg' style='max-height: 400px' \/><img src='https:\/\/secure-static.arezzo.com.br\/medias\/sys_master\/arezzo\/arezzo\/hc5\/hc8\/h00\/h00\/10665176268830\/1133700660001U-01-BASEIMAGE-Hires.jpg' style='max-height: 400px' \/><\/div>\n<p>* Entre em contato por WhatsApp para verificar a disponibilidade do produto. Ref.: A1133700660001<\/p>\n","protected":false},"excerpt":{"rendered":"<p>Estoque dispon\u00edvel no tamanho: ULTIMA_ESTACAO.<br \/><small>atualizado em 22\/09\/2023.<\/p>\n","protected":false},"featured_media":16124,"template":"","meta":[],"product_brand":[],"product_cat":[54],"product_tag":[628],"class_list":{"0":"post-16125","1":"product","2":"type-product","3":"status-publish","4":"has-post-thumbnail","6":"product_cat-sapatos","7":"product_tag-ultima_estacao","9":"first","10":"instock","11":"shipping-taxable","12":"purchasable","13":"product-type-simple"},"_links":{"self":[{"href":"https:\/\/comprenowhats.com.br\/arezzoanaliafranco\/wp-json\/wp\/v2\/product\/16125","targetHints":{"allow":["GET"]}}],"collection":[{"href":"https:\/\/comprenowhats.com.br\/arezzoanaliafranco\/wp-json\/wp\/v2\/product"}],"about":[{"href":"https:\/\/comprenowhats.com.br\/arezzoanaliafranco\/wp-json\/wp\/v2\/types\/product"}],"wp:featuredmedia":[{"embeddable":true,"href":"https:\/\/comprenowhats.com.br\/arezzoanaliafranco\/wp-json\/wp\/v2\/media\/16124"}],"wp:attachment":[{"href":"https:\/\/comprenowhats.com.br\/arezzoanaliafranco\/wp-json\/wp\/v2\/media?parent=16125"}],"wp:term":[{"taxonomy":"product_brand","embeddable":true,"href":"https:\/\/comprenowhats.com.br\/arezzoanaliafranco\/wp-json\/wp\/v2\/product_brand?post=16125"},{"taxonomy":"product_cat","embeddable":true,"href":"https:\/\/comprenowhats.com.br\/arezzoanaliafranco\/wp-json\/wp\/v2\/product_cat?post=16125"},{"taxonomy":"product_tag","embeddable":true,"href":"https:\/\/comprenowhats.com.br\/arezzoanaliafranco\/wp-json\/wp\/v2\/product_tag?post=16125"}],"curies":[{"name":"wp","href":"https:\/\/api.w.org\/{rel}","templated":true}]}}