{"id":16107,"date":"2022-11-17T16:38:30","date_gmt":"2022-11-17T19:38:30","guid":{"rendered":"https:\/\/comprenowhats.com.br\/arezzoanaliafranco\/produto\/scarpin-nude-couro-salto-baixo-fino-bsico-arezzo\/"},"modified":"2023-09-22T11:54:33","modified_gmt":"2023-09-22T14:54:33","slug":"scarpin-nude-couro-salto-baixo-fino-bsico-arezzo","status":"publish","type":"product","link":"https:\/\/comprenowhats.com.br\/arezzoanaliafranco\/produto\/scarpin-nude-couro-salto-baixo-fino-bsico-arezzo\/","title":{"rendered":"Scarpin Nude Couro Salto Baixo Fino B&aacute;sico | Arezzo"},"content":{"rendered":"<p class=\"ty-message\">Scarpin bege nude de couro. O modelo tem salto baixo fino e bico fino. Fechado, traz cabedal com recorte arredondado sobre o peito do p\u00e9 e formato ajustado nas laterais. Com palmilha bege e inscri\u00e7\u00e3o do nome da marca, exibe todo o peito do p\u00e9. <\/p>\n<p><b>Porque Apostar<\/b><\/br><\/br> O scarpin de bico fino \u00e9 um cl\u00e1ssico, que combina com os mais variados estilos e ocasi\u00f5es! Vers\u00e1til, surge em tom neutro e \u00e9 garantia de conforto. Vai do office ao passeio e \u00e9 aquele item atemporal para se ter sempre no guarda-roupa! Perfeito para presentear, o scarpin comp\u00f5e looks elegantes e pode ser usado junto de jeans, alfaiataria, vestido, saia e o que mais sua criatividade permitir!<\/p>\n<div style='text-align: center'><img src='https:\/\/secure-static.arezzo.com.br\/medias\/sys_master\/arezzo\/arezzo\/hb4\/h69\/h00\/h00\/10671076671518\/1120500180005U-03-BASEIMAGE-Hires.jpg' style='max-height: 400px' \/><img src='https:\/\/secure-static.arezzo.com.br\/medias\/sys_master\/arezzo\/arezzo\/h52\/h99\/h00\/h00\/10671076999198\/1120500180005U-04-BASEIMAGE-Hires.jpg' style='max-height: 400px' \/><img src='https:\/\/secure-static.arezzo.com.br\/medias\/sys_master\/arezzo\/arezzo\/h3b\/h90\/h00\/h00\/10671077326878\/1120500180005U-05-BASEIMAGE-Hires.jpg' style='max-height: 400px' \/><\/div>\n<p>* Entre em contato por WhatsApp para verificar a disponibilidade do produto. Ref.: A1120500180005<\/p>\n","protected":false},"excerpt":{"rendered":"<p>Estoque dispon\u00edvel nos tamanhos: ULTIMA_ESTACAO, 34, 35, 37.<br \/><small>atualizado em 22\/09\/2023.<\/p>\n","protected":false},"featured_media":16106,"template":"","meta":[],"product_brand":[],"product_cat":[565],"product_tag":[42,43,45,628],"class_list":{"0":"post-16107","1":"product","2":"type-product","3":"status-publish","4":"has-post-thumbnail","6":"product_cat-scarpin-nude-couro-salto-baixo-fino-basico","7":"product_tag-42","8":"product_tag-43","9":"product_tag-45","10":"product_tag-ultima_estacao","12":"first","13":"instock","14":"shipping-taxable","15":"purchasable","16":"product-type-simple"},"_links":{"self":[{"href":"https:\/\/comprenowhats.com.br\/arezzoanaliafranco\/wp-json\/wp\/v2\/product\/16107","targetHints":{"allow":["GET"]}}],"collection":[{"href":"https:\/\/comprenowhats.com.br\/arezzoanaliafranco\/wp-json\/wp\/v2\/product"}],"about":[{"href":"https:\/\/comprenowhats.com.br\/arezzoanaliafranco\/wp-json\/wp\/v2\/types\/product"}],"wp:featuredmedia":[{"embeddable":true,"href":"https:\/\/comprenowhats.com.br\/arezzoanaliafranco\/wp-json\/wp\/v2\/media\/16106"}],"wp:attachment":[{"href":"https:\/\/comprenowhats.com.br\/arezzoanaliafranco\/wp-json\/wp\/v2\/media?parent=16107"}],"wp:term":[{"taxonomy":"product_brand","embeddable":true,"href":"https:\/\/comprenowhats.com.br\/arezzoanaliafranco\/wp-json\/wp\/v2\/product_brand?post=16107"},{"taxonomy":"product_cat","embeddable":true,"href":"https:\/\/comprenowhats.com.br\/arezzoanaliafranco\/wp-json\/wp\/v2\/product_cat?post=16107"},{"taxonomy":"product_tag","embeddable":true,"href":"https:\/\/comprenowhats.com.br\/arezzoanaliafranco\/wp-json\/wp\/v2\/product_tag?post=16107"}],"curies":[{"name":"wp","href":"https:\/\/api.w.org\/{rel}","templated":true}]}}