{"id":15979,"date":"2022-11-17T16:36:15","date_gmt":"2022-11-17T19:36:15","guid":{"rendered":"https:\/\/comprenowhats.com.br\/arezzoanaliafranco\/produto\/sandlia-nude-salto-bloco-tiras-strass-arezzo\/"},"modified":"2023-12-20T13:22:38","modified_gmt":"2023-12-20T16:22:38","slug":"sandlia-nude-salto-bloco-tiras-strass-arezzo","status":"publish","type":"product","link":"https:\/\/comprenowhats.com.br\/arezzoanaliafranco\/produto\/sandlia-nude-salto-bloco-tiras-strass-arezzo\/","title":{"rendered":"Sand&aacute;lia Nude Salto Bloco Tiras Strass | Arezzo"},"content":{"rendered":"<p class=\"ty-message\">Sand\u00e1lia bege nude. O modelo tem salto m\u00e9dio bloco da cor da sand\u00e1lia e bico redondo. Traz tiras finas bombadas sobre os dedos, sendo uma lisa e duas cobertas por strass prateado, unidas por n\u00f3 central, e no peito do p\u00e9, tamb\u00e9m com strass e n\u00f3, conectadas a tira afivelada que contorna o tornozelo. Fechada no calcanhar, a sand\u00e1lia exibe todo o peito do p\u00e9 e os dedos. Com palmilha bege e inscri\u00e7\u00e3o do nome da marca. <\/p>\n<p><b>Porque Apostar<\/b><\/br><\/br> A sand\u00e1lia de salto bloco e tiras bombadas surge renovada com tiras de strass, material que \u00e9 tend\u00eancia m\u00e1xima na temporada! Comp\u00f5e tanto produ\u00e7\u00f5es mais s\u00f3brias como tamb\u00e9m looks despojados e insere um toque glam e charmoso. O modelo vem tamb\u00e9m em tom neutro, expressando o mood leve, alegre e fresco da esta\u00e7\u00e3o mais quente do ano!<\/p>\n<div style='text-align: center'><img src='https:\/\/secure-static.arezzo.com.br\/medias\/sys_master\/arezzo\/arezzo\/hd9\/h50\/h00\/h00\/10682950549534\/HEADLESS-1005510250010U-04-BASEIMAGE-Hires-Headless.jpg' style='max-height: 400px' \/><img src='https:\/\/secure-static.arezzo.com.br\/medias\/sys_master\/arezzo\/arezzo\/h96\/ha5\/h00\/h00\/10682950025246\/HEADLESS-1005510250010U-05-BASEIMAGE-Hires-Headless.jpg' style='max-height: 400px' \/><img src='https:\/\/secure-static.arezzo.com.br\/medias\/sys_master\/arezzo\/arezzo\/haa\/h29\/h00\/h00\/10682949500958\/HEADLESS-1005510250010U-06-BASEIMAGE-Hires-Headless.jpg' style='max-height: 400px' \/><\/div>\n<p>* Entre em contato por WhatsApp para verificar a disponibilidade do produto. Ref.: A1005510250010<\/p>\n","protected":false},"excerpt":{"rendered":"<p>Estoque dispon\u00edvel no tamanho: ULTIMA_ESTACAO.<br \/><small>atualizado em 20\/12\/2023.<\/p>\n","protected":false},"featured_media":15978,"template":"","meta":[],"product_brand":[],"product_cat":[56],"product_tag":[628],"class_list":{"0":"post-15979","1":"product","2":"type-product","3":"status-publish","4":"has-post-thumbnail","6":"product_cat-sandalias","7":"product_tag-ultima_estacao","9":"first","10":"instock","11":"shipping-taxable","12":"purchasable","13":"product-type-simple"},"_links":{"self":[{"href":"https:\/\/comprenowhats.com.br\/arezzoanaliafranco\/wp-json\/wp\/v2\/product\/15979","targetHints":{"allow":["GET"]}}],"collection":[{"href":"https:\/\/comprenowhats.com.br\/arezzoanaliafranco\/wp-json\/wp\/v2\/product"}],"about":[{"href":"https:\/\/comprenowhats.com.br\/arezzoanaliafranco\/wp-json\/wp\/v2\/types\/product"}],"wp:featuredmedia":[{"embeddable":true,"href":"https:\/\/comprenowhats.com.br\/arezzoanaliafranco\/wp-json\/wp\/v2\/media\/15978"}],"wp:attachment":[{"href":"https:\/\/comprenowhats.com.br\/arezzoanaliafranco\/wp-json\/wp\/v2\/media?parent=15979"}],"wp:term":[{"taxonomy":"product_brand","embeddable":true,"href":"https:\/\/comprenowhats.com.br\/arezzoanaliafranco\/wp-json\/wp\/v2\/product_brand?post=15979"},{"taxonomy":"product_cat","embeddable":true,"href":"https:\/\/comprenowhats.com.br\/arezzoanaliafranco\/wp-json\/wp\/v2\/product_cat?post=15979"},{"taxonomy":"product_tag","embeddable":true,"href":"https:\/\/comprenowhats.com.br\/arezzoanaliafranco\/wp-json\/wp\/v2\/product_tag?post=15979"}],"curies":[{"name":"wp","href":"https:\/\/api.w.org\/{rel}","templated":true}]}}