{"id":15817,"date":"2022-11-17T16:33:17","date_gmt":"2022-11-17T19:33:17","guid":{"rendered":"https:\/\/comprenowhats.com.br\/arezzoanaliafranco\/produto\/sandlia-prata-snake-salto-fino-amarrao-emily-arezzo\/"},"modified":"2023-09-22T11:52:38","modified_gmt":"2023-09-22T14:52:38","slug":"sandlia-prata-snake-salto-fino-amarrao-emily-arezzo","status":"publish","type":"product","link":"https:\/\/comprenowhats.com.br\/arezzoanaliafranco\/produto\/sandlia-prata-snake-salto-fino-amarrao-emily-arezzo\/","title":{"rendered":"Sand&aacute;lia Prata Snake Salto Fino Amarra&ccedil;&atilde;o Emily | Arezzo"},"content":{"rendered":"<p class=\"ty-message\">Sand\u00e1lia prateada com textura snake. O modelo tem salto alto fino e bico redondo. Traz duas tiras finas sobre os dedos. Possui mais duas tiras finas que saem das laterais, contornam e cruzam o tornozelo e sobem at\u00e9 a altura dos joelhos, conectadas ainda a tira de suporte traseira e tiras bem finas que fecham em amarra\u00e7\u00e3o. A sand\u00e1lia \u00e9 aberta e exibe todo o p\u00e9. Com palmilha lisa da cor do modelo e inscri\u00e7\u00e3o do nome da marca. <\/p>\n<p><b>Porque Apostar<\/b><\/br><\/br> A sand\u00e1lia surge com amarra\u00e7\u00e3o imponente e textura snake, duas apostas da esta\u00e7\u00e3o. O modelo d\u00e1 um super destaque para as pernas e insere um toque descolado e glam em qualquer produ\u00e7\u00e3o. Perfeita para ser combinada a pe\u00e7as de comprimento mini!<\/p>\n<div style='text-align: center'><img src='https:\/\/secure-static.arezzo.com.br\/medias\/sys_master\/arezzo\/arezzo\/hba\/he4\/h00\/h00\/10694666518558\/HEADLESS-0262406790004U-04-BASEIMAGE-Hires-Headless.jpg' style='max-height: 400px' \/><img src='https:\/\/secure-static.arezzo.com.br\/medias\/sys_master\/arezzo\/arezzo\/ha8\/h6a\/h00\/h00\/10694666321950\/HEADLESS-0262406790004U-05-BASEIMAGE-Hires-Headless.jpg' style='max-height: 400px' \/><\/div>\n<p>* Entre em contato por WhatsApp para verificar a disponibilidade do produto. Ref.: A0262406790004<\/p>\n","protected":false},"excerpt":{"rendered":"<p>Estoque dispon\u00edvel nos tamanhos: ULTIMA_ESTACAO, 38.<br \/><small>atualizado em 22\/09\/2023.<\/p>\n","protected":false},"featured_media":15816,"template":"","meta":[],"product_brand":[],"product_cat":[56],"product_tag":[46,628],"class_list":{"0":"post-15817","1":"product","2":"type-product","3":"status-publish","4":"has-post-thumbnail","6":"product_cat-sandalias","7":"product_tag-46","8":"product_tag-ultima_estacao","10":"first","11":"instock","12":"shipping-taxable","13":"purchasable","14":"product-type-simple"},"_links":{"self":[{"href":"https:\/\/comprenowhats.com.br\/arezzoanaliafranco\/wp-json\/wp\/v2\/product\/15817","targetHints":{"allow":["GET"]}}],"collection":[{"href":"https:\/\/comprenowhats.com.br\/arezzoanaliafranco\/wp-json\/wp\/v2\/product"}],"about":[{"href":"https:\/\/comprenowhats.com.br\/arezzoanaliafranco\/wp-json\/wp\/v2\/types\/product"}],"wp:featuredmedia":[{"embeddable":true,"href":"https:\/\/comprenowhats.com.br\/arezzoanaliafranco\/wp-json\/wp\/v2\/media\/15816"}],"wp:attachment":[{"href":"https:\/\/comprenowhats.com.br\/arezzoanaliafranco\/wp-json\/wp\/v2\/media?parent=15817"}],"wp:term":[{"taxonomy":"product_brand","embeddable":true,"href":"https:\/\/comprenowhats.com.br\/arezzoanaliafranco\/wp-json\/wp\/v2\/product_brand?post=15817"},{"taxonomy":"product_cat","embeddable":true,"href":"https:\/\/comprenowhats.com.br\/arezzoanaliafranco\/wp-json\/wp\/v2\/product_cat?post=15817"},{"taxonomy":"product_tag","embeddable":true,"href":"https:\/\/comprenowhats.com.br\/arezzoanaliafranco\/wp-json\/wp\/v2\/product_tag?post=15817"}],"curies":[{"name":"wp","href":"https:\/\/api.w.org\/{rel}","templated":true}]}}