{"id":15487,"date":"2022-08-11T12:07:29","date_gmt":"2022-08-11T15:07:29","guid":{"rendered":"https:\/\/comprenowhats.com.br\/arezzoanaliafranco\/produto\/sandlia-dourada-bloco-bico-quadrado-tiras-n-arezzo\/"},"modified":"2023-09-22T11:54:47","modified_gmt":"2023-09-22T14:54:47","slug":"sandlia-dourada-bloco-bico-quadrado-tiras-n-arezzo","status":"publish","type":"product","link":"https:\/\/comprenowhats.com.br\/arezzoanaliafranco\/produto\/sandlia-dourada-bloco-bico-quadrado-tiras-n-arezzo\/","title":{"rendered":"Sand&aacute;lia Dourada Bloco Bico Quadrado Tiras N&oacute; | Arezzo"},"content":{"rendered":"<p class=\"ty-message\">Sand\u00e1lia dourada. O modelo tem salto m\u00e9dio bloco e bico quadrado. Traz tr\u00eas tiras finas e bombadas sobre os dedos, unidas por um n\u00f3 central. Possui mais duas tiras finas e bombadas no tornozelo e tira fina em torno do calcanhar com fecho em fivela met\u00e1lica lateral. Com palmilha da cor do modelo e inscri\u00e7\u00e3o do nome da marca na calcanheira. A sand\u00e1lia exibe todo o peito do p\u00e9 e os dedos. <\/p>\n<p><b>Porque Apostar<\/b><\/br><\/br> A sand\u00e1lia traz um design minimalista e atemporal e vem em vers\u00e3o monocrom\u00e1tica, tend\u00eancia na temporada. Cria looks elegantes e combina com as mais diversas pe\u00e7as, do jeans \u00e0 alfaiataria. O modelo \u00e9 aquele item vers\u00e1til para se ter sempre no guarda-roupa, pode apostar sem medo!<\/p>\n<div style='text-align: center'><img src='https:\/\/secure-static.arezzo.com.br\/medias\/sys_master\/arezzo\/arezzo\/h3c\/had\/h00\/h00\/10543097380894\/1155100290026U-01-BASEIMAGE-Hires.jpg' style='max-height: 400px' \/><img src='https:\/\/secure-static.arezzo.com.br\/medias\/sys_master\/arezzo\/arezzo\/ha2\/hea\/h00\/h00\/10543097708574\/1155100290026U-03-BASEIMAGE-Hires.jpg' style='max-height: 400px' \/><img src='https:\/\/secure-static.arezzo.com.br\/medias\/sys_master\/arezzo\/arezzo\/hbb\/hb1\/h00\/h00\/10543098036254\/1155100290026U-04-BASEIMAGE-Hires.jpg' style='max-height: 400px' \/><img src='https:\/\/secure-static.arezzo.com.br\/medias\/sys_master\/arezzo\/arezzo\/h14\/hf0\/h00\/h00\/10543098363934\/1155100290026U-05-BASEIMAGE-Hires.jpg' style='max-height: 400px' \/><img src='https:\/\/secure-static.arezzo.com.br\/medias\/sys_master\/arezzo\/arezzo\/h55\/hc0\/h00\/h00\/10543098691614\/1155100290026U-06-BASEIMAGE-Hires.jpg' style='max-height: 400px' \/><img src='https:\/\/secure-static.arezzo.com.br\/medias\/sys_master\/arezzo\/arezzo\/he9\/ha3\/h00\/h00\/10543099019294\/1155100290026U-07-BASEIMAGE-Hires.jpg' style='max-height: 400px' \/><img src='https:\/\/secure-static.arezzo.com.br\/medias\/sys_master\/arezzo\/arezzo\/hba\/h45\/h00\/h00\/10543099346974\/1155100290026U-08-BASEIMAGE-Hires.jpg' style='max-height: 400px' \/><\/div>\n<p>* Entre em contato por WhatsApp para verificar a disponibilidade do produto. Ref.: A1155100290026<\/p>\n","protected":false},"excerpt":{"rendered":"<p>Estoque dispon\u00edvel nos tamanhos: ULTIMA_ESTACAO, 34.<br \/><small>atualizado em 22\/09\/2023.<\/p>\n","protected":false},"featured_media":15486,"template":"","meta":[],"product_brand":[],"product_cat":[56],"product_tag":[42,628],"class_list":{"0":"post-15487","1":"product","2":"type-product","3":"status-publish","4":"has-post-thumbnail","6":"product_cat-sandalias","7":"product_tag-42","8":"product_tag-ultima_estacao","10":"first","11":"instock","12":"shipping-taxable","13":"purchasable","14":"product-type-simple"},"_links":{"self":[{"href":"https:\/\/comprenowhats.com.br\/arezzoanaliafranco\/wp-json\/wp\/v2\/product\/15487","targetHints":{"allow":["GET"]}}],"collection":[{"href":"https:\/\/comprenowhats.com.br\/arezzoanaliafranco\/wp-json\/wp\/v2\/product"}],"about":[{"href":"https:\/\/comprenowhats.com.br\/arezzoanaliafranco\/wp-json\/wp\/v2\/types\/product"}],"wp:featuredmedia":[{"embeddable":true,"href":"https:\/\/comprenowhats.com.br\/arezzoanaliafranco\/wp-json\/wp\/v2\/media\/15486"}],"wp:attachment":[{"href":"https:\/\/comprenowhats.com.br\/arezzoanaliafranco\/wp-json\/wp\/v2\/media?parent=15487"}],"wp:term":[{"taxonomy":"product_brand","embeddable":true,"href":"https:\/\/comprenowhats.com.br\/arezzoanaliafranco\/wp-json\/wp\/v2\/product_brand?post=15487"},{"taxonomy":"product_cat","embeddable":true,"href":"https:\/\/comprenowhats.com.br\/arezzoanaliafranco\/wp-json\/wp\/v2\/product_cat?post=15487"},{"taxonomy":"product_tag","embeddable":true,"href":"https:\/\/comprenowhats.com.br\/arezzoanaliafranco\/wp-json\/wp\/v2\/product_tag?post=15487"}],"curies":[{"name":"wp","href":"https:\/\/api.w.org\/{rel}","templated":true}]}}