{"id":15453,"date":"2022-08-11T12:06:53","date_gmt":"2022-08-11T15:06:53","guid":{"rendered":"https:\/\/comprenowhats.com.br\/arezzoanaliafranco\/produto\/rasteira-laranja-couro-bico-redondo-tira-h-arezzo\/"},"modified":"2023-12-02T11:38:55","modified_gmt":"2023-12-02T14:38:55","slug":"rasteira-laranja-couro-bico-redondo-tira-h-arezzo","status":"publish","type":"product","link":"https:\/\/comprenowhats.com.br\/arezzoanaliafranco\/produto\/rasteira-laranja-couro-bico-redondo-tira-h-arezzo\/","title":{"rendered":"Rasteira Laranja Couro Bico Redondo Tira H | Arezzo"},"content":{"rendered":"<p class=\"ty-message\">Rasteira laranja de couro. O modelo tem sola flat e bico redondo. Traz cabedal em tiras vazadas e formato H, al\u00e9m de costuras pesponto por todo o contorno. Com palmilha marrom e inscri\u00e7\u00e3o do nome da marca. Aberta, exibe todo o p\u00e9. <\/p>\n<p><b>Porque Apostar<\/b><\/br><\/br> Charmosa, minimalista e atemporal, a rasteira \u00e9 aquele item vers\u00e1til para se ter sempre no guarda-roupa! A cara da temporada, vai do passeio no shopping ao litoral e combina com as mais diversas pe\u00e7as! Aposte em vestidos, saias, jeans e alfaiataria para compor diferentes looks para o dia a dia. Daquelas para ter uma de cada cor, \u00e9 tamb\u00e9m uma \u00f3tima op\u00e7\u00e3o para presentear!<\/p>\n<div style='text-align: center'><img src='https:\/\/secure-static.arezzo.com.br\/medias\/sys_master\/arezzo\/arezzo\/h08\/h11\/h00\/h00\/10543631171614\/1105700010133U-01-BASEIMAGE-Hires.jpg' style='max-height: 400px' \/><img src='https:\/\/secure-static.arezzo.com.br\/medias\/sys_master\/arezzo\/arezzo\/hf5\/hc3\/h00\/h00\/10543631368222\/1105700010133U-03-BASEIMAGE-Hires.jpg' style='max-height: 400px' \/><img src='https:\/\/secure-static.arezzo.com.br\/medias\/sys_master\/arezzo\/arezzo\/hf1\/h2b\/h00\/h00\/10543631564830\/1105700010133U-04-BASEIMAGE-Hires.jpg' style='max-height: 400px' \/><img src='https:\/\/secure-static.arezzo.com.br\/medias\/sys_master\/arezzo\/arezzo\/h63\/h70\/h00\/h00\/10543631761438\/1105700010133U-05-BASEIMAGE-Hires.jpg' style='max-height: 400px' \/><img src='https:\/\/secure-static.arezzo.com.br\/medias\/sys_master\/arezzo\/arezzo\/h89\/h42\/h00\/h00\/10543631958046\/1105700010133U-06-BASEIMAGE-Hires.jpg' style='max-height: 400px' \/><img src='https:\/\/secure-static.arezzo.com.br\/medias\/sys_master\/arezzo\/arezzo\/h51\/h99\/h00\/h00\/10543632154654\/1105700010133U-07-BASEIMAGE-Hires.jpg' style='max-height: 400px' \/><img src='https:\/\/secure-static.arezzo.com.br\/medias\/sys_master\/arezzo\/arezzo\/h73\/hdb\/h00\/h00\/10543632351262\/1105700010133U-08-BASEIMAGE-Hires.jpg' style='max-height: 400px' \/><\/div>\n<p>* Entre em contato por WhatsApp para verificar a disponibilidade do produto. Ref.: A1105700010133<\/p>\n","protected":false},"excerpt":{"rendered":"<p>Estoque dispon\u00edvel nos tamanhos: ULTIMA_ESTACAO, 37.<br \/><small>atualizado em 02\/12\/2023.<\/p>\n","protected":false},"featured_media":15452,"template":"","meta":[],"product_brand":[],"product_cat":[56],"product_tag":[45,628],"class_list":{"0":"post-15453","1":"product","2":"type-product","3":"status-publish","4":"has-post-thumbnail","6":"product_cat-sandalias","7":"product_tag-45","8":"product_tag-ultima_estacao","10":"first","11":"instock","12":"shipping-taxable","13":"purchasable","14":"product-type-simple"},"_links":{"self":[{"href":"https:\/\/comprenowhats.com.br\/arezzoanaliafranco\/wp-json\/wp\/v2\/product\/15453","targetHints":{"allow":["GET"]}}],"collection":[{"href":"https:\/\/comprenowhats.com.br\/arezzoanaliafranco\/wp-json\/wp\/v2\/product"}],"about":[{"href":"https:\/\/comprenowhats.com.br\/arezzoanaliafranco\/wp-json\/wp\/v2\/types\/product"}],"wp:featuredmedia":[{"embeddable":true,"href":"https:\/\/comprenowhats.com.br\/arezzoanaliafranco\/wp-json\/wp\/v2\/media\/15452"}],"wp:attachment":[{"href":"https:\/\/comprenowhats.com.br\/arezzoanaliafranco\/wp-json\/wp\/v2\/media?parent=15453"}],"wp:term":[{"taxonomy":"product_brand","embeddable":true,"href":"https:\/\/comprenowhats.com.br\/arezzoanaliafranco\/wp-json\/wp\/v2\/product_brand?post=15453"},{"taxonomy":"product_cat","embeddable":true,"href":"https:\/\/comprenowhats.com.br\/arezzoanaliafranco\/wp-json\/wp\/v2\/product_cat?post=15453"},{"taxonomy":"product_tag","embeddable":true,"href":"https:\/\/comprenowhats.com.br\/arezzoanaliafranco\/wp-json\/wp\/v2\/product_tag?post=15453"}],"curies":[{"name":"wp","href":"https:\/\/api.w.org\/{rel}","templated":true}]}}